{"id":10337,"date":"2020-12-14T11:50:41","date_gmt":"2020-12-14T10:50:41","guid":{"rendered":"http:\/\/www.asa-innovation.com\/?page_id=10337"},"modified":"2023-08-24T13:19:32","modified_gmt":"2023-08-24T11:19:32","slug":"strainer-adapter","status":"publish","type":"page","link":"https:\/\/www.asa-innovation.com\/de\/verbindungstechnik\/saugeinheit-2\/strainer-adapter\/","title":{"rendered":"Saugsieb Adapter"},"content":{"rendered":"\n<p>Die neue L\u00f6sung &#8222;ASA-Strainer Adapter&#8220; ist eine weitere Funktionskombination. Es ist eine einfache und clevere L\u00f6sung, gleichzeitig mit einem Saugfilter eine Flanschverbindung am Tank herzustellen. Das Verkaufskit enth\u00e4lt den Schweissadapterflansch und einen Doppelnippel. In Kombination mit unseren Absperrklappen und kompakten Kompensatoren k\u00f6nnen wir die Kompakteste Tank-Pumpen-L\u00f6sung auf dem Markt anbieten.\u00a0<\/p>\n","protected":false},"excerpt":{"rendered":"<p>Die neue L\u00f6sung &#8222;ASA-Strainer Adapter&#8220; ist eine weitere Funktionskombination. Es ist eine einfache und clevere L\u00f6sung, gleichzeitig mit einem Saugfilter eine Flanschverbindung am Tank herzustellen. Das Verkaufskit enth\u00e4lt den Schweissadapterflansch und einen Doppelnippel. In Kombination mit unseren Absperrklappen und kompakten Kompensatoren k\u00f6nnen wir die Kompakteste Tank-Pumpen-L\u00f6sung auf dem Markt anbieten.\u00a0<\/p>\n","protected":false},"author":2,"featured_media":0,"parent":13314,"menu_order":4,"comment_status":"closed","ping_status":"closed","template":"","meta":{"_expiration-date-status":"","_expiration-date":0,"_expiration-date-type":"","_expiration-date-categories":[],"_expiration-date-options":[]},"acf":[],"_links":{"self":[{"href":"https:\/\/www.asa-innovation.com\/de\/wp-json\/wp\/v2\/pages\/10337"}],"collection":[{"href":"https:\/\/www.asa-innovation.com\/de\/wp-json\/wp\/v2\/pages"}],"about":[{"href":"https:\/\/www.asa-innovation.com\/de\/wp-json\/wp\/v2\/types\/page"}],"author":[{"embeddable":true,"href":"https:\/\/www.asa-innovation.com\/de\/wp-json\/wp\/v2\/users\/2"}],"replies":[{"embeddable":true,"href":"https:\/\/www.asa-innovation.com\/de\/wp-json\/wp\/v2\/comments?post=10337"}],"version-history":[{"count":17,"href":"https:\/\/www.asa-innovation.com\/de\/wp-json\/wp\/v2\/pages\/10337\/revisions"}],"predecessor-version":[{"id":15418,"href":"https:\/\/www.asa-innovation.com\/de\/wp-json\/wp\/v2\/pages\/10337\/revisions\/15418"}],"up":[{"embeddable":true,"href":"https:\/\/www.asa-innovation.com\/de\/wp-json\/wp\/v2\/pages\/13314"}],"wp:attachment":[{"href":"https:\/\/www.asa-innovation.com\/de\/wp-json\/wp\/v2\/media?parent=10337"}],"curies":[{"name":"wp","href":"https:\/\/api.w.org\/{rel}","templated":true}]}}