{"id":11147,"date":"2021-01-22T08:17:48","date_gmt":"2021-01-22T07:17:48","guid":{"rendered":"http:\/\/www.asa-innovation.com\/?page_id=11147"},"modified":"2023-03-08T13:01:41","modified_gmt":"2023-03-08T12:01:41","slug":"mitarbeiterin-kundenservice-technik-m-w-d","status":"publish","type":"page","link":"https:\/\/www.asa-innovation.com\/de\/karriere\/mitarbeiterin-kundenservice-technik-m-w-d\/","title":{"rendered":"MitarbeiterIn Technische\/r Kundenbetreuer\/In (m\/w\/d)"},"content":{"rendered":"\n<p><strong>Stellenbeschreibung \u201eTechnische\/r Kundenbetreuer\/In\u201c (m\/w\/d)<\/strong><\/p>\n<p>Wir sind ein international f\u00fchrender, familiengef\u00fchrter, mittelst\u00e4ndischer Betrieb und als Entwickler und Hersteller von Produkten f\u00fcr die thermische Anlagen-, K\u00fchlungs-, L\u00fcftungs- und E-Mobilit\u00e4tsindustrie t\u00e4tig.<\/p>\n<p>Wir suchen zur Unterst\u00fctzung an unserem Forschungs- und Entwicklungsstandort in Wien zum sofortigen Eintritt eine\/n Mitarbeiter\/In \u201eTechnische\/r Kundenbetreuer\/In\u201c (m\/w\/d).<\/p>\n<p><strong>Profil:<\/strong><\/p>\n<ul style=\"list-style-type: square;\">\n<li>Berufserfahrung im hydraulischen Support und\/oder technische Ausbildung (HTL\/FH\/TU)<\/li>\n<li>Eigeninitiative, Organisationstalent, unternehmerisches Verst\u00e4ndnis, Verhandlungs- und Kommunikationsgeschick<\/li>\n<li>Kundenorientiertes Denken und l\u00f6sungsorientierte Arbeitsweise<\/li>\n<li>SAP Kenntnisse von Vorteil<\/li>\n<li>Sehr gute Deutsch- und gute Englischkenntnisse<\/li>\n<\/ul>\n<p><strong>Aufgaben:<\/strong><\/p>\n<ul style=\"list-style-type: square;\">\n<li>Verkauf, Kundenakquise und -betreuung sowie Weiterentwicklung der Bestandskunden<\/li>\n<li>Beratung und Unterst\u00fctzung zur optimalen L\u00f6sung von technischen Kundenanfragen<\/li>\n<li>Abwicklung von Kundenprojekten in enger Zusammenarbeit mit der Entwicklungsabteilung<\/li>\n<li>Zusammenarbeit innerhalb des international t\u00e4tigen Verkaufsteams und im Produktmanagement<\/li>\n<li>Bearbeitung von Kundenanfragen nach anwendungstechnischen und wirtschaftlichen Gesichtspunkten<\/li>\n<\/ul>\n<p><strong>Unser Angebot:<\/strong><\/p>\n<ul style=\"list-style-type: square;\">\n<li>Modernes Arbeiten: flexible Arbeitsmodelle und individuelle Entwicklungsm\u00f6glichkeiten<\/li>\n<li>dynamisches Betriebsklima in einem erfolgreichen Familienbetrieb<\/li>\n<li>Weiterbildung in zuk\u00fcnftigen Wissensgebieten in einem teamorientierten Arbeitsumfeld<\/li>\n<li>Verantwortungsvolle Position in einem innovativen &amp; exportorientierten Unternehmen<\/li>\n<\/ul>\n<p>\u00a0<\/p>\n<p>Ihr monatliches Bruttogehalt ist von Ihrer Berufserfahrung und Vorkenntnissen abh\u00e4ngig und betr\u00e4gt ab Euro 2.300,- (unter Ber\u00fccksichtigung des kollektivvertraglichen Mindestentgelts ist je nach Qualifikation eine \u00dcberbezahlung vorgesehen).<\/p>\n<p>Wenn Sie Interesse an dieser langfristigen beruflichen Aufgabe haben, dann freuen wir uns \u00fcber die Zusendung Ihrer aussagekr\u00e4ftigen Bewerbungsunterlagen mit Betreff \u201eTechnische\/r Kundenbetreuer\/In\u201c per E-Mail an:<a href=\"mailto:personal@asahydraulik.com?subject=karriere.at-Bewerbung:%20BilanzbuchhalterIn%20%28m%2Fw%2Fd%29,%20Ref-Nr.:%20KA%20\/%206417860&amp;body=-------------------------------------------------------------------------------------------------------------------------------------------------------%0A%0DWICHTIGER%20HINWEIS:%20Den%20vorgegebenen%20Betreff%20dieser%20E-Mail%20aus%20Gr%C3%BCnden%20der%20Nachvollziehbarkeit%20bitte%20NICHT%20entfernen!%0A%0D-------------------------------------------------------------------------------------------------------------------------------------------------------%0A%0D%0A%0D\">personal@asahydraulik.com<\/a><br \/><br \/>asa technology Produktions- und Vertriebs GmbH<br \/>Prager Stra\u00dfe 280<br \/>1210 Wien<br \/><a href=\"https:\/\/www.asa-innovation.com\/\"><strong>www.asa-innovation.com<\/strong><\/a><strong><br \/><\/strong><a href=\"https:\/\/www.asahydraulik.com\/\"><strong>www.asahydraulik.com<\/strong><\/a><\/p>\n","protected":false},"excerpt":{"rendered":"<p>Stellenbeschreibung \u201eTechnische\/r Kundenbetreuer\/In\u201c (m\/w\/d) Wir sind ein international f\u00fchrender, familiengef\u00fchrter, mittelst\u00e4ndischer Betrieb und als Entwickler und Hersteller von Produkten f\u00fcr die thermische Anlagen-, K\u00fchlungs-, L\u00fcftungs- und E-Mobilit\u00e4tsindustrie t\u00e4tig. Wir suchen zur Unterst\u00fctzung an unserem Forschungs- und Entwicklungsstandort in Wien zum sofortigen Eintritt eine\/n Mitarbeiter\/In \u201eTechnische\/r Kundenbetreuer\/In\u201c (m\/w\/d). Profil: Berufserfahrung im hydraulischen Support und\/oder technische Ausbildung [&hellip;]<\/p>\n","protected":false},"author":2,"featured_media":0,"parent":5053,"menu_order":2,"comment_status":"closed","ping_status":"closed","template":"","meta":{"_expiration-date-status":"","_expiration-date":0,"_expiration-date-type":"","_expiration-date-categories":[],"_expiration-date-options":[]},"acf":[],"_links":{"self":[{"href":"https:\/\/www.asa-innovation.com\/de\/wp-json\/wp\/v2\/pages\/11147"}],"collection":[{"href":"https:\/\/www.asa-innovation.com\/de\/wp-json\/wp\/v2\/pages"}],"about":[{"href":"https:\/\/www.asa-innovation.com\/de\/wp-json\/wp\/v2\/types\/page"}],"author":[{"embeddable":true,"href":"https:\/\/www.asa-innovation.com\/de\/wp-json\/wp\/v2\/users\/2"}],"replies":[{"embeddable":true,"href":"https:\/\/www.asa-innovation.com\/de\/wp-json\/wp\/v2\/comments?post=11147"}],"version-history":[{"count":6,"href":"https:\/\/www.asa-innovation.com\/de\/wp-json\/wp\/v2\/pages\/11147\/revisions"}],"predecessor-version":[{"id":14447,"href":"https:\/\/www.asa-innovation.com\/de\/wp-json\/wp\/v2\/pages\/11147\/revisions\/14447"}],"up":[{"embeddable":true,"href":"https:\/\/www.asa-innovation.com\/de\/wp-json\/wp\/v2\/pages\/5053"}],"wp:attachment":[{"href":"https:\/\/www.asa-innovation.com\/de\/wp-json\/wp\/v2\/media?parent=11147"}],"curies":[{"name":"wp","href":"https:\/\/api.w.org\/{rel}","templated":true}]}}