{"id":12026,"date":"2021-05-12T13:50:14","date_gmt":"2021-05-12T11:50:14","guid":{"rendered":"http:\/\/www.asa-innovation.com\/?page_id=12026"},"modified":"2023-07-20T13:23:21","modified_gmt":"2023-07-20T11:23:21","slug":"oel-luft-kuehler","status":"publish","type":"page","link":"https:\/\/www.asa-innovation.com\/de\/thermal-systems-fuer-oel-luft-wasser-elektronik-kuehler\/oel-luft-kuehler\/","title":{"rendered":"\u00d6l \/ Luft K\u00fchler"},"content":{"rendered":"\n<p>Die K\u00fchlung von \u00d6l mit Umgebungsluft ist eine sehr kosteneffiziente Methode, um Hydraulikfl\u00fcssigkeiten in ihrem optimalen Arbeitsbereich zu halten. Unsere Produkte, Systeme und L\u00f6sungen tragen dazu bei, die beste Lebensdauerleistung zu gew\u00e4hrleisten, dem Endanwender zus\u00e4tzliche Werte zu liefern und den Energieverbrauch zu senken. Wir bieten kurze Lieferzeiten und das dichteste Programm an druckfesten K\u00fchlern mit allen relevanten Merkmalen. Unsere internen Bypass-Optionen und verschmutzungsresistenten Luftlamellen sind auf dem Markt bekannt und funktionieren weltweit unter verschiedenen Bedingungen.<\/p>\n","protected":false},"excerpt":{"rendered":"<p>Die K\u00fchlung von \u00d6l mit Umgebungsluft ist eine sehr kosteneffiziente Methode, um Hydraulikfl\u00fcssigkeiten in ihrem optimalen Arbeitsbereich zu halten. Unsere Produkte, Systeme und L\u00f6sungen tragen dazu bei, die beste Lebensdauerleistung zu gew\u00e4hrleisten, dem Endanwender zus\u00e4tzliche Werte zu liefern und den Energieverbrauch zu senken. Wir bieten kurze Lieferzeiten und das dichteste Programm an druckfesten K\u00fchlern mit [&hellip;]<\/p>\n","protected":false},"author":2,"featured_media":0,"parent":2035,"menu_order":1,"comment_status":"closed","ping_status":"closed","template":"","meta":{"_expiration-date-status":"","_expiration-date":1690456970,"_expiration-date-type":"draft","_expiration-date-categories":[],"_expiration-date-options":[]},"acf":[],"_links":{"self":[{"href":"https:\/\/www.asa-innovation.com\/de\/wp-json\/wp\/v2\/pages\/12026"}],"collection":[{"href":"https:\/\/www.asa-innovation.com\/de\/wp-json\/wp\/v2\/pages"}],"about":[{"href":"https:\/\/www.asa-innovation.com\/de\/wp-json\/wp\/v2\/types\/page"}],"author":[{"embeddable":true,"href":"https:\/\/www.asa-innovation.com\/de\/wp-json\/wp\/v2\/users\/2"}],"replies":[{"embeddable":true,"href":"https:\/\/www.asa-innovation.com\/de\/wp-json\/wp\/v2\/comments?post=12026"}],"version-history":[{"count":4,"href":"https:\/\/www.asa-innovation.com\/de\/wp-json\/wp\/v2\/pages\/12026\/revisions"}],"predecessor-version":[{"id":15151,"href":"https:\/\/www.asa-innovation.com\/de\/wp-json\/wp\/v2\/pages\/12026\/revisions\/15151"}],"up":[{"embeddable":true,"href":"https:\/\/www.asa-innovation.com\/de\/wp-json\/wp\/v2\/pages\/2035"}],"wp:attachment":[{"href":"https:\/\/www.asa-innovation.com\/de\/wp-json\/wp\/v2\/media?parent=12026"}],"curies":[{"name":"wp","href":"https:\/\/api.w.org\/{rel}","templated":true}]}}