{"id":12044,"date":"2021-05-14T08:31:42","date_gmt":"2021-05-14T06:31:42","guid":{"rendered":"http:\/\/www.asa-innovation.com\/?page_id=12044"},"modified":"2026-01-15T11:22:29","modified_gmt":"2026-01-15T10:22:29","slug":"oel-wasser-kuehler","status":"publish","type":"page","link":"https:\/\/www.asa-innovation.com\/de\/thermal-systems-fuer-oel-luft-wasser-elektronik-kuehler\/oel-wasser-kuehler\/","title":{"rendered":"\u00d6l \/ Wasser K\u00fchler"},"content":{"rendered":"\n<p>Die K\u00fchlung von \u00d6l mit einem Wasserk\u00fchlkreislauf ist eine sehr effiziente M\u00f6glichkeit, um Anwendungen mit hoher W\u00e4rmebelastung oder schwierigen Umgebungsbedingungen zu bew\u00e4ltigen. Unsere Produkte und L\u00f6sungen bieten verschiedene Materialoptionen f\u00fcr jede Anwendung. Schiffsbauer, Chemieanlagenbetreiber und viele andere sch\u00e4tzen die technische Beratung und den Service sowie unsere langlebigen und widerstandsf\u00e4higen Produkte.<\/p>\n","protected":false},"excerpt":{"rendered":"<p>Die K\u00fchlung von \u00d6l mit einem Wasserk\u00fchlkreislauf ist eine sehr effiziente M\u00f6glichkeit, um Anwendungen mit hoher W\u00e4rmebelastung oder schwierigen Umgebungsbedingungen zu bew\u00e4ltigen. Unsere Produkte und L\u00f6sungen bieten verschiedene Materialoptionen f\u00fcr jede Anwendung. Schiffsbauer, Chemieanlagenbetreiber und viele andere sch\u00e4tzen die technische Beratung und den Service sowie unsere langlebigen und widerstandsf\u00e4higen Produkte.<\/p>\n","protected":false},"author":2,"featured_media":0,"parent":2035,"menu_order":2,"comment_status":"closed","ping_status":"closed","template":"","meta":{"_expiration-date-status":"","_expiration-date":0,"_expiration-date-type":"","_expiration-date-categories":[],"_expiration-date-options":[]},"acf":[],"_links":{"self":[{"href":"https:\/\/www.asa-innovation.com\/de\/wp-json\/wp\/v2\/pages\/12044"}],"collection":[{"href":"https:\/\/www.asa-innovation.com\/de\/wp-json\/wp\/v2\/pages"}],"about":[{"href":"https:\/\/www.asa-innovation.com\/de\/wp-json\/wp\/v2\/types\/page"}],"author":[{"embeddable":true,"href":"https:\/\/www.asa-innovation.com\/de\/wp-json\/wp\/v2\/users\/2"}],"replies":[{"embeddable":true,"href":"https:\/\/www.asa-innovation.com\/de\/wp-json\/wp\/v2\/comments?post=12044"}],"version-history":[{"count":13,"href":"https:\/\/www.asa-innovation.com\/de\/wp-json\/wp\/v2\/pages\/12044\/revisions"}],"predecessor-version":[{"id":37015,"href":"https:\/\/www.asa-innovation.com\/de\/wp-json\/wp\/v2\/pages\/12044\/revisions\/37015"}],"up":[{"embeddable":true,"href":"https:\/\/www.asa-innovation.com\/de\/wp-json\/wp\/v2\/pages\/2035"}],"wp:attachment":[{"href":"https:\/\/www.asa-innovation.com\/de\/wp-json\/wp\/v2\/media?parent=12044"}],"curies":[{"name":"wp","href":"https:\/\/api.w.org\/{rel}","templated":true}]}}