{"id":12054,"date":"2021-05-14T09:03:45","date_gmt":"2021-05-14T07:03:45","guid":{"rendered":"http:\/\/www.asa-innovation.com\/?page_id=12054"},"modified":"2026-03-25T09:56:04","modified_gmt":"2026-03-25T08:56:04","slug":"shell-tube-st-series","status":"publish","type":"page","link":"https:\/\/www.asa-innovation.com\/de\/thermal-systems-fuer-oel-luft-wasser-elektronik-kuehler\/oel-wasser-kuehler\/shell-tube-st-series\/","title":{"rendered":"ST-Series, Rohrb\u00fcndelw\u00e4rmetauscher"},"content":{"rendered":"\n<p>Unsere ST-Serie\/HM-Line ist eine modulare Reihe von W\u00e4rmetauschern in Rohrb\u00fcndelausf\u00fchrung. Die Hauptvorteile dieser Konstruktion sind die Vielseitigkeit der Anwendungen, die unabh\u00e4ngiger von der Qualit\u00e4t der verwendeten Fl\u00fcssigkeit sind, und die gute Wartungsf\u00e4higkeit im Vergleich zu anderen W\u00e4rmetauschertypen. Unser modularer Aufbau erm\u00f6glicht das am besten geeignete Anschluss- und Durchflussprinzip f\u00fcr niedrigsten Druckverlust bei h\u00f6chster K\u00fchlleistung. Wir liefern ein- oder mehrkanalige Konfigurationen sowie verschiedene Materialkombinationen. Zur Steigerung der Effizienz bieten wir alle diese Konfigurationen mit Hybrid-Rippenrohrtechnologie an.<\/p>\n","protected":false},"excerpt":{"rendered":"<p>Unsere ST-Serie\/HM-Line ist eine modulare Reihe von W\u00e4rmetauschern in Rohrb\u00fcndelausf\u00fchrung. Die Hauptvorteile dieser Konstruktion sind die Vielseitigkeit der Anwendungen, die unabh\u00e4ngiger von der Qualit\u00e4t der verwendeten Fl\u00fcssigkeit sind, und die gute Wartungsf\u00e4higkeit im Vergleich zu anderen W\u00e4rmetauschertypen. Unser modularer Aufbau erm\u00f6glicht das am besten geeignete Anschluss- und Durchflussprinzip f\u00fcr niedrigsten Druckverlust bei h\u00f6chster K\u00fchlleistung. Wir [&hellip;]<\/p>\n","protected":false},"author":2,"featured_media":0,"parent":12044,"menu_order":1,"comment_status":"closed","ping_status":"closed","template":"","meta":{"_expiration-date-status":"","_expiration-date":0,"_expiration-date-type":"","_expiration-date-categories":[],"_expiration-date-options":[]},"acf":[],"_links":{"self":[{"href":"https:\/\/www.asa-innovation.com\/de\/wp-json\/wp\/v2\/pages\/12054"}],"collection":[{"href":"https:\/\/www.asa-innovation.com\/de\/wp-json\/wp\/v2\/pages"}],"about":[{"href":"https:\/\/www.asa-innovation.com\/de\/wp-json\/wp\/v2\/types\/page"}],"author":[{"embeddable":true,"href":"https:\/\/www.asa-innovation.com\/de\/wp-json\/wp\/v2\/users\/2"}],"replies":[{"embeddable":true,"href":"https:\/\/www.asa-innovation.com\/de\/wp-json\/wp\/v2\/comments?post=12054"}],"version-history":[{"count":18,"href":"https:\/\/www.asa-innovation.com\/de\/wp-json\/wp\/v2\/pages\/12054\/revisions"}],"predecessor-version":[{"id":37240,"href":"https:\/\/www.asa-innovation.com\/de\/wp-json\/wp\/v2\/pages\/12054\/revisions\/37240"}],"up":[{"embeddable":true,"href":"https:\/\/www.asa-innovation.com\/de\/wp-json\/wp\/v2\/pages\/12044"}],"wp:attachment":[{"href":"https:\/\/www.asa-innovation.com\/de\/wp-json\/wp\/v2\/media?parent=12054"}],"curies":[{"name":"wp","href":"https:\/\/api.w.org\/{rel}","templated":true}]}}