{"id":12065,"date":"2021-05-14T09:25:26","date_gmt":"2021-05-14T07:25:26","guid":{"rendered":"http:\/\/www.asa-innovation.com\/?page_id=12065"},"modified":"2022-01-24T13:26:49","modified_gmt":"2022-01-24T12:26:49","slug":"offline-kuehler","status":"publish","type":"page","link":"https:\/\/www.asa-innovation.com\/de\/thermal-systems-fuer-oel-luft-wasser-elektronik-kuehler\/offline-kuehler\/","title":{"rendered":"Offline K\u00fchler"},"content":{"rendered":"\n<p>Die K\u00fchlung von Offline-Systemen erfordert modulare Produkte, die sich optimal an die jeweilige Anwendung anpassen lassen. Unsere innovativen Produkte und L\u00f6sungen k\u00f6nnen f\u00fcr Anwendungen mit h\u00f6chsten W\u00e4rmelasten gro\u00df dimensioniert werden, aber auch auf kleinstem Raum mit integrierter Pumpe und Filtern untergebracht werden. Unsere Motor-Pumpen-Einheiten k\u00f6nnen Schmier-, K\u00fchl- oder Filtrationskreisl\u00e4ufe antreiben, um Ihre Systeme im optimalen Betriebsbereich zu halten. Kontaktieren Sie uns f\u00fcr integrierte kompakte Umw\u00e4lzeinheiten sowie f\u00fcr Plattforml\u00f6sungen mit verschiedenen Pumpenantriebsoptionen.<\/p>\n","protected":false},"excerpt":{"rendered":"<p>Die K\u00fchlung von Offline-Systemen erfordert modulare Produkte, die sich optimal an die jeweilige Anwendung anpassen lassen. Unsere innovativen Produkte und L\u00f6sungen k\u00f6nnen f\u00fcr Anwendungen mit h\u00f6chsten W\u00e4rmelasten gro\u00df dimensioniert werden, aber auch auf kleinstem Raum mit integrierter Pumpe und Filtern untergebracht werden. Unsere Motor-Pumpen-Einheiten k\u00f6nnen Schmier-, K\u00fchl- oder Filtrationskreisl\u00e4ufe antreiben, um Ihre Systeme im optimalen [&hellip;]<\/p>\n","protected":false},"author":2,"featured_media":0,"parent":2035,"menu_order":3,"comment_status":"closed","ping_status":"closed","template":"","meta":{"_expiration-date-status":"saved","_expiration-date":0,"_expiration-date-type":"","_expiration-date-categories":[],"_expiration-date-options":[]},"acf":[],"_links":{"self":[{"href":"https:\/\/www.asa-innovation.com\/de\/wp-json\/wp\/v2\/pages\/12065"}],"collection":[{"href":"https:\/\/www.asa-innovation.com\/de\/wp-json\/wp\/v2\/pages"}],"about":[{"href":"https:\/\/www.asa-innovation.com\/de\/wp-json\/wp\/v2\/types\/page"}],"author":[{"embeddable":true,"href":"https:\/\/www.asa-innovation.com\/de\/wp-json\/wp\/v2\/users\/2"}],"replies":[{"embeddable":true,"href":"https:\/\/www.asa-innovation.com\/de\/wp-json\/wp\/v2\/comments?post=12065"}],"version-history":[{"count":4,"href":"https:\/\/www.asa-innovation.com\/de\/wp-json\/wp\/v2\/pages\/12065\/revisions"}],"predecessor-version":[{"id":13076,"href":"https:\/\/www.asa-innovation.com\/de\/wp-json\/wp\/v2\/pages\/12065\/revisions\/13076"}],"up":[{"embeddable":true,"href":"https:\/\/www.asa-innovation.com\/de\/wp-json\/wp\/v2\/pages\/2035"}],"wp:attachment":[{"href":"https:\/\/www.asa-innovation.com\/de\/wp-json\/wp\/v2\/media?parent=12065"}],"curies":[{"name":"wp","href":"https:\/\/api.w.org\/{rel}","templated":true}]}}