{"id":12078,"date":"2021-05-14T10:24:03","date_gmt":"2021-05-14T08:24:03","guid":{"rendered":"http:\/\/www.asa-innovation.com\/?page_id=12078"},"modified":"2021-07-16T07:56:07","modified_gmt":"2021-07-16T05:56:07","slug":"oel-wasser-luft-kuehler","status":"publish","type":"page","link":"https:\/\/www.asa-innovation.com\/de\/thermal-systems-fuer-oel-luft-wasser-elektronik-kuehler\/oel-wasser-luft-kuehler\/","title":{"rendered":"\u00d6L \/ Wasser \/ Luft K\u00fchler"},"content":{"rendered":"\n<p>Wir bieten Komplettl\u00f6sungen zur Aufrechterhaltung von Ladeluft, Druckluft, Motorwasser sowie Kombinationen mit Getriebe\u00f6l, Kompressor\u00f6l oder Hydraulik\u00f6labschnitten. Unser Support ist zu 100 % konzerneigen, einschlie\u00dflich fluiddynamischer Simulationen, Auslegungssoftware, Verifizierung mit Windkanal-Testzentrum und L\u00fcfterkonstruktion und -fertigung. Bitte kontaktieren Sie uns mit Ihren spezifischen Anforderungen und nutzen Sie unsere Vorteile der realistischen Berechnung und Verifizierung.<\/p>\n","protected":false},"excerpt":{"rendered":"<p>Wir bieten Komplettl\u00f6sungen zur Aufrechterhaltung von Ladeluft, Druckluft, Motorwasser sowie Kombinationen mit Getriebe\u00f6l, Kompressor\u00f6l oder Hydraulik\u00f6labschnitten. Unser Support ist zu 100 % konzerneigen, einschlie\u00dflich fluiddynamischer Simulationen, Auslegungssoftware, Verifizierung mit Windkanal-Testzentrum und L\u00fcfterkonstruktion und -fertigung. Bitte kontaktieren Sie uns mit Ihren spezifischen Anforderungen und nutzen Sie unsere Vorteile der realistischen Berechnung und Verifizierung.<\/p>\n","protected":false},"author":2,"featured_media":0,"parent":2035,"menu_order":4,"comment_status":"closed","ping_status":"closed","template":"","meta":{"_expiration-date-status":"saved","_expiration-date":0,"_expiration-date-type":"","_expiration-date-categories":[],"_expiration-date-options":[]},"acf":[],"_links":{"self":[{"href":"https:\/\/www.asa-innovation.com\/de\/wp-json\/wp\/v2\/pages\/12078"}],"collection":[{"href":"https:\/\/www.asa-innovation.com\/de\/wp-json\/wp\/v2\/pages"}],"about":[{"href":"https:\/\/www.asa-innovation.com\/de\/wp-json\/wp\/v2\/types\/page"}],"author":[{"embeddable":true,"href":"https:\/\/www.asa-innovation.com\/de\/wp-json\/wp\/v2\/users\/2"}],"replies":[{"embeddable":true,"href":"https:\/\/www.asa-innovation.com\/de\/wp-json\/wp\/v2\/comments?post=12078"}],"version-history":[{"count":11,"href":"https:\/\/www.asa-innovation.com\/de\/wp-json\/wp\/v2\/pages\/12078\/revisions"}],"predecessor-version":[{"id":12221,"href":"https:\/\/www.asa-innovation.com\/de\/wp-json\/wp\/v2\/pages\/12078\/revisions\/12221"}],"up":[{"embeddable":true,"href":"https:\/\/www.asa-innovation.com\/de\/wp-json\/wp\/v2\/pages\/2035"}],"wp:attachment":[{"href":"https:\/\/www.asa-innovation.com\/de\/wp-json\/wp\/v2\/media?parent=12078"}],"curies":[{"name":"wp","href":"https:\/\/api.w.org\/{rel}","templated":true}]}}