{"id":12352,"date":"2021-10-12T09:49:56","date_gmt":"2021-10-12T07:49:56","guid":{"rendered":"http:\/\/www.asa-innovation.com\/?page_id=12352"},"modified":"2024-11-20T07:24:47","modified_gmt":"2024-11-20T06:24:47","slug":"wasserkreiselpumpe","status":"publish","type":"page","link":"https:\/\/www.asa-innovation.com\/de\/pumpen-technologie\/wasserkreiselpumpe\/","title":{"rendered":"Wasserkreiselpumpe"},"content":{"rendered":"\n<p>Die asa-Wasserpumpe arbeitet nach dem Zentrifugalprinzip und verwendet ein Spiralgeh\u00e4use mit 1&#8243;- und \u00be&#8220;-Schlauchanschl\u00fcssen, Magnetkupplung 12V und 24V DC b\u00fcrstenlosen Motor. Der Motor und die Kupplung sind in einem Aluminium-Druckgussgeh\u00e4use untergebracht. Diese Motor-Pumpen-Einheit ist haupts\u00e4chlich f\u00fcr die Schaffung kompakter und kosteng\u00fcnstiger K\u00fchlkreisl\u00e4ufe f\u00fcr elektrische Ger\u00e4te wie Batteriepacks, Elektromotoren und Leistungselektronik wie Umrichter konzipiert.<\/p>\n","protected":false},"excerpt":{"rendered":"<p>Die asa-Wasserpumpe arbeitet nach dem Zentrifugalprinzip und verwendet ein Spiralgeh\u00e4use mit 1&#8243;- und \u00be&#8220;-Schlauchanschl\u00fcssen, Magnetkupplung 12V und 24V DC b\u00fcrstenlosen Motor. Der Motor und die Kupplung sind in einem Aluminium-Druckgussgeh\u00e4use untergebracht. Diese Motor-Pumpen-Einheit ist haupts\u00e4chlich f\u00fcr die Schaffung kompakter und kosteng\u00fcnstiger K\u00fchlkreisl\u00e4ufe f\u00fcr elektrische Ger\u00e4te wie Batteriepacks, Elektromotoren und Leistungselektronik wie Umrichter konzipiert.<\/p>\n","protected":false},"author":2,"featured_media":0,"parent":2040,"menu_order":0,"comment_status":"closed","ping_status":"closed","template":"","meta":{"_expiration-date-status":"","_expiration-date":0,"_expiration-date-type":"","_expiration-date-categories":[],"_expiration-date-options":[]},"acf":[],"_links":{"self":[{"href":"https:\/\/www.asa-innovation.com\/de\/wp-json\/wp\/v2\/pages\/12352"}],"collection":[{"href":"https:\/\/www.asa-innovation.com\/de\/wp-json\/wp\/v2\/pages"}],"about":[{"href":"https:\/\/www.asa-innovation.com\/de\/wp-json\/wp\/v2\/types\/page"}],"author":[{"embeddable":true,"href":"https:\/\/www.asa-innovation.com\/de\/wp-json\/wp\/v2\/users\/2"}],"replies":[{"embeddable":true,"href":"https:\/\/www.asa-innovation.com\/de\/wp-json\/wp\/v2\/comments?post=12352"}],"version-history":[{"count":17,"href":"https:\/\/www.asa-innovation.com\/de\/wp-json\/wp\/v2\/pages\/12352\/revisions"}],"predecessor-version":[{"id":19475,"href":"https:\/\/www.asa-innovation.com\/de\/wp-json\/wp\/v2\/pages\/12352\/revisions\/19475"}],"up":[{"embeddable":true,"href":"https:\/\/www.asa-innovation.com\/de\/wp-json\/wp\/v2\/pages\/2040"}],"wp:attachment":[{"href":"https:\/\/www.asa-innovation.com\/de\/wp-json\/wp\/v2\/media?parent=12352"}],"curies":[{"name":"wp","href":"https:\/\/api.w.org\/{rel}","templated":true}]}}