{"id":12435,"date":"2021-11-11T11:30:42","date_gmt":"2021-11-11T10:30:42","guid":{"rendered":"https:\/\/www.asa-innovation.com\/?page_id=12435"},"modified":"2021-11-11T11:30:43","modified_gmt":"2021-11-11T10:30:43","slug":"teamleiter-logistik-m-w-d","status":"publish","type":"page","link":"https:\/\/www.asa-innovation.com\/de\/teamleiter-logistik-m-w-d\/","title":{"rendered":"Teamleiter Logistik (m\/w\/d)"},"content":{"rendered":"\n<p><strong>Stellenbeschreibung \u201eLogistikleitung Assistenz\u201c (m\/w\/d)<\/strong><\/p>\n<p>\u00a0<\/p>\n<p>Wir sind ein weltweit f\u00fchrender, familiengef\u00fchrter, mittelst\u00e4ndischer Betrieb und als Entwickler und Hersteller von Produkten f\u00fcr die K\u00fchlungs-, L\u00fcftungs- und E-Mobilit\u00e4tsindustrie t\u00e4tig.<\/p>\n<p>\u00a0<\/p>\n<p>Wir suchen zur Unterst\u00fctzung an unserem Produktionsstandort in Wien zum sofortigen Eintritt eine\/n \u201eLogistikleitung Assistenz\u201c (m\/w\/d).<\/p>\n<p>\u00a0<\/p>\n<p>Profil:<\/p>\n<p>\u00a0<\/p>\n<ul>\n<li>Abgeschlossene kaufm\u00e4nnische oder technische Ausbildung, vorzugsweise mit Logistikschwerpunkt<\/li>\n<li>Berufserfahrung im Bereich Lagerwirtschaft und Logistik<\/li>\n<li>SAP Kenntnisse von Vorteil<\/li>\n<li>sehr gute MS-Office-Kenntnisse<\/li>\n<li>Zuverl\u00e4ssigkeit, Organisationstalent und Lernbereitschaft<\/li>\n<li>Eigenst\u00e4ndiges, systematisches und proaktives Arbeiten<\/li>\n<li>abteilungs\u00fcbergreifende Denkweise<\/li>\n<li>sehr gute Deutschkenntnisse, Englisch in Wort und Schrift<\/li>\n<\/ul>\n<p>\u00a0<\/p>\n<p>Aufgaben:<\/p>\n<ul>\n<li>Unterst\u00fctzung beim gesamten Logistikprozess<\/li>\n<li>Inventurt\u00e4tigkeiten und Lagerkontrolle<\/li>\n<li>Einhaltung und Kontrolle der vorgegebenen Qualit\u00e4tsstandards, Prozessanweisungen und der Sicherheitsbestimmungen<\/li>\n<li>Stellvertretende Logistikleitung<\/li>\n<\/ul>\n<ul>\n<li>Enge Zusammenarbeit mit Einkauf, Produktion und Vertrieb<\/li>\n<li>Erstellung von Auswertungen\/Kennzahlen<\/li>\n<\/ul>\n<p>\u00a0<\/p>\n<p>Unser Angebot:<\/p>\n<ul>\n<li>Modernes Arbeiten: flexible Arbeitsmodelle und individuelle Entwicklungsm\u00f6glichkeiten<\/li>\n<li>Sichere Besch\u00e4ftigung in einem erfolgreichen Familienbetrieb<\/li>\n<li>Verantwortungsvolle Position in einem innovativen &amp; exportorientierten Unternehmen<\/li>\n<li>Interessantes und vielseitiges Aufgabengebiet in einem teamorientierten Arbeitsumfeld<\/li>\n<\/ul>\n<p>\u00a0<\/p>\n<p>Ihr monatliches Bruttogehalt ist von Ihrer Berufserfahrung und Vorkenntnissen abh\u00e4ngig und betr\u00e4gt ab Euro 2.500,- (unter Ber\u00fccksichtigung des kollektivvertraglichen Mindestentgelts ist je nach Qualifikation eine \u00dcberbezahlung vorgesehen).<\/p>\n<p>\u00a0<\/p>\n<p>Wenn Sie Interesse an dieser langfristigen beruflichen Aufgabe haben, dann freuen wir uns \u00fcber die Zusendung Ihrer aussagekr\u00e4ftigen Bewerbungsunterlagen mit Betreff \u201eLogistikleitung Assistenz\u201c per E-Mail an:<\/p>\n<p>\u00a0<\/p>\n<p><a href=\"mailto:personal@asahydraulik.com?subject=karriere.at-Bewerbung:%20Technischer%20Au%C3%9Fendienst%20%28m%2Fw%29,%20Ref-Nr.:%20KA%20\/%204354451&amp;body=------------------------------------------------------------------------------------------------------------------------------------------------------%0A%0DWICHTIGER%20HINWEIS:%20Den%20vorgegebenen%20Betreff%20dieser%20E-Mail%20aus%20Gr\u00fcnden%20der%20Nachvollziehbarkeit%20bitte%20NICHT%20entfernen!%0A%0D------------------------------------------------------------------------------------------------------------------------------------------------------%0A%0D%0A%0D\">personal@asahydraulik.com<\/a><\/p>\n<p>\u00a0<\/p>\n<p>asa technology Produktions- und Vertriebs GmbH<\/p>\n<p>Prager Stra\u00dfe 280<\/p>\n<p>1210 Wien<\/p>\n<p><a href=\"http:\/\/www.asahydraulik.com\">www.asahydraulik.com<\/a><\/p>\n<p><a href=\"http:\/\/www.asa-innovation.com\">www.asa-innovation.com<\/a><\/p>\n","protected":false},"excerpt":{"rendered":"<p>Stellenbeschreibung \u201eLogistikleitung Assistenz\u201c (m\/w\/d) \u00a0 Wir sind ein weltweit f\u00fchrender, familiengef\u00fchrter, mittelst\u00e4ndischer Betrieb und als Entwickler und Hersteller von Produkten f\u00fcr die K\u00fchlungs-, L\u00fcftungs- und E-Mobilit\u00e4tsindustrie t\u00e4tig. \u00a0 Wir suchen zur Unterst\u00fctzung an unserem Produktionsstandort in Wien zum sofortigen Eintritt eine\/n \u201eLogistikleitung Assistenz\u201c (m\/w\/d). \u00a0 Profil: \u00a0 Abgeschlossene kaufm\u00e4nnische oder technische Ausbildung, vorzugsweise mit Logistikschwerpunkt [&hellip;]<\/p>\n","protected":false},"author":2,"featured_media":0,"parent":0,"menu_order":0,"comment_status":"closed","ping_status":"closed","template":"","meta":{"_expiration-date-status":"saved","_expiration-date":0,"_expiration-date-type":"","_expiration-date-categories":[],"_expiration-date-options":[]},"acf":[],"_links":{"self":[{"href":"https:\/\/www.asa-innovation.com\/de\/wp-json\/wp\/v2\/pages\/12435"}],"collection":[{"href":"https:\/\/www.asa-innovation.com\/de\/wp-json\/wp\/v2\/pages"}],"about":[{"href":"https:\/\/www.asa-innovation.com\/de\/wp-json\/wp\/v2\/types\/page"}],"author":[{"embeddable":true,"href":"https:\/\/www.asa-innovation.com\/de\/wp-json\/wp\/v2\/users\/2"}],"replies":[{"embeddable":true,"href":"https:\/\/www.asa-innovation.com\/de\/wp-json\/wp\/v2\/comments?post=12435"}],"version-history":[{"count":1,"href":"https:\/\/www.asa-innovation.com\/de\/wp-json\/wp\/v2\/pages\/12435\/revisions"}],"predecessor-version":[{"id":12436,"href":"https:\/\/www.asa-innovation.com\/de\/wp-json\/wp\/v2\/pages\/12435\/revisions\/12436"}],"wp:attachment":[{"href":"https:\/\/www.asa-innovation.com\/de\/wp-json\/wp\/v2\/media?parent=12435"}],"curies":[{"name":"wp","href":"https:\/\/api.w.org\/{rel}","templated":true}]}}