{"id":12437,"date":"2021-11-11T11:32:29","date_gmt":"2021-11-11T10:32:29","guid":{"rendered":"https:\/\/www.asa-innovation.com\/?page_id=12437"},"modified":"2021-11-11T11:32:30","modified_gmt":"2021-11-11T10:32:30","slug":"qualitaetsmanager-und-projektcontroller","status":"publish","type":"page","link":"https:\/\/www.asa-innovation.com\/de\/qualitaetsmanager-und-projektcontroller\/","title":{"rendered":"Qualit\u00e4tsmanager und Projektcontroller"},"content":{"rendered":"\n<p><strong>Stellenbeschreibung \u201eQualit\u00e4tsmanager und Projektcontroller\u201c (m\/w\/d)<\/strong><\/p>\n<p>\u00a0<\/p>\n<p>\u00a0<\/p>\n<p>Wir sind ein weltweit f\u00fchrender, familiengef\u00fchrter, mittelst\u00e4ndischer Betrieb und als Entwickler und Hersteller von Produkten f\u00fcr die K\u00fchlungs-, L\u00fcftungs- und E-Mobilit\u00e4tsindustrie t\u00e4tig.<\/p>\n<p>\u00a0<\/p>\n<p>Wir suchen zur Unterst\u00fctzung an unserem Forschungs- und Entwicklungsstandort in Wien zum sofortigen Eintritt eine\/n \u201eQualit\u00e4tsmanager und Projektcontroller\u201c (m\/w\/d).<\/p>\n<p>\u00a0<\/p>\n<p>Profil:<\/p>\n<p>\u00a0<\/p>\n<ul>\n<li>Mehrj\u00e4hrige einschl\u00e4gige Berufserfahrung im Qualit\u00e4tsmanagement und vorzugsweise zus\u00e4tzlich in Technik\/F&amp;E oder Projektmanagement<\/li>\n<li>technische Ausbildung<\/li>\n<li>L\u00f6sungsorientierte, methodische und selbstst\u00e4ndige Arbeitsweise<\/li>\n<li>Teamf\u00e4higkeit, Mitarbeiterf\u00fchrung und Kommunikationsst\u00e4rke<\/li>\n<li>Prozess- und analytisch-konzeptionelle F\u00e4higkeiten<\/li>\n<li>Hohes Verantwortungsbewusstsein<\/li>\n<\/ul>\n<p>\u00a0<\/p>\n<p>Aufgaben:<\/p>\n<p>\u00a0<\/p>\n<ul>\n<li>Fachliche Anleitung, Planung und Umsetzung der unternehmensspezifischen Qualit\u00e4tspolitik<\/li>\n<li>Selbst\u00e4ndige Weiterentwicklung und Optimierung des Qualit\u00e4tsmanagementsystems<\/li>\n<li>Unterst\u00fctzung im Produktmanagement<\/li>\n<li>Projektanalysen\/Projektpr\u00fcfungen hinsichtlich Umsetzbarkeit und dessen Zeitmanagement<\/li>\n<li>Aufrechterhaltung und Weiterentwicklung von Qualit\u00e4ts- und Sicherheitsstandards w\u00e4hrend des Produkt-Entstehungsprozesses und des gesamten Produktzyklus<\/li>\n<li>Interpretationen von Pr\u00fcf- und Kundennormen<\/li>\n<li>Durchf\u00fchrung von Prozessanalysen (Prozess-, Maschinen- und Messmittelf\u00e4higkeiten)<\/li>\n<li>Erstellung von Auswertungen\/Kennzahlen<\/li>\n<\/ul>\n<p>\u00a0<\/p>\n<p>Unser Angebot:<\/p>\n<ul>\n<li>Modernes Arbeiten: flexible Arbeitsmodelle und individuelle Entwicklungsm\u00f6glichkeiten<\/li>\n<li>Verantwortungsvolle und sichere Position in einem innovativen &amp; exportorientierten Unternehmen<\/li>\n<li>Internationales und vielseitiges Aufgabengebiet in einem teamorientierten Arbeitsumfeld<\/li>\n<\/ul>\n<p>\u00a0<\/p>\n<p>Ihr monatliches Bruttogehalt ist von Ihrer Berufserfahrung und Vorkenntnissen abh\u00e4ngig und betr\u00e4gt ab Euro 3.300,- (unter Ber\u00fccksichtigung des kollektivvertraglichen Mindestentgelts ist je nach Qualifikation eine \u00dcberbezahlung vorgesehen).<\/p>\n<p>\u00a0<\/p>\n<p>Wenn Sie Interesse an dieser langfristigen beruflichen Aufgabe haben, dann freuen wir uns \u00fcber die Zusendung Ihrer aussagekr\u00e4ftigen Bewerbungsunterlagen mit Betreff \u201eQualit\u00e4tsmanager und Projektcontroller\u201c per E-Mail an:<\/p>\n<p>\u00a0<\/p>\n<p><a href=\"mailto:personal@asahydraulik.com?subject=karriere.at-Bewerbung:%20Technischer%20Au%C3%9Fendienst%20%28m%2Fw%29,%20Ref-Nr.:%20KA%20\/%204354451&amp;body=------------------------------------------------------------------------------------------------------------------------------------------------------%0A%0DWICHTIGER%20HINWEIS:%20Den%20vorgegebenen%20Betreff%20dieser%20E-Mail%20aus%20Gr\u00fcnden%20der%20Nachvollziehbarkeit%20bitte%20NICHT%20entfernen!%0A%0D------------------------------------------------------------------------------------------------------------------------------------------------------%0A%0D%0A%0D\">personal@asahydraulik.com<\/a><\/p>\n<p>\u00a0<\/p>\n<p>asa technology Produktions- und Vertriebs GmbH<\/p>\n<p>Prager Stra\u00dfe 280<\/p>\n<p>1210 Wien<\/p>\n<p><a href=\"http:\/\/www.asahydraulik.com\">www.asahydraulik.com<\/a><\/p>\n<p><a href=\"http:\/\/www.asa-innovation.com\">www.asa-innovation.com<\/a><\/p>\n","protected":false},"excerpt":{"rendered":"<p>Stellenbeschreibung \u201eQualit\u00e4tsmanager und Projektcontroller\u201c (m\/w\/d) \u00a0 \u00a0 Wir sind ein weltweit f\u00fchrender, familiengef\u00fchrter, mittelst\u00e4ndischer Betrieb und als Entwickler und Hersteller von Produkten f\u00fcr die K\u00fchlungs-, L\u00fcftungs- und E-Mobilit\u00e4tsindustrie t\u00e4tig. \u00a0 Wir suchen zur Unterst\u00fctzung an unserem Forschungs- und Entwicklungsstandort in Wien zum sofortigen Eintritt eine\/n \u201eQualit\u00e4tsmanager und Projektcontroller\u201c (m\/w\/d). \u00a0 Profil: \u00a0 Mehrj\u00e4hrige einschl\u00e4gige Berufserfahrung [&hellip;]<\/p>\n","protected":false},"author":2,"featured_media":0,"parent":0,"menu_order":0,"comment_status":"closed","ping_status":"closed","template":"","meta":{"_expiration-date-status":"saved","_expiration-date":0,"_expiration-date-type":"","_expiration-date-categories":[],"_expiration-date-options":[]},"acf":[],"_links":{"self":[{"href":"https:\/\/www.asa-innovation.com\/de\/wp-json\/wp\/v2\/pages\/12437"}],"collection":[{"href":"https:\/\/www.asa-innovation.com\/de\/wp-json\/wp\/v2\/pages"}],"about":[{"href":"https:\/\/www.asa-innovation.com\/de\/wp-json\/wp\/v2\/types\/page"}],"author":[{"embeddable":true,"href":"https:\/\/www.asa-innovation.com\/de\/wp-json\/wp\/v2\/users\/2"}],"replies":[{"embeddable":true,"href":"https:\/\/www.asa-innovation.com\/de\/wp-json\/wp\/v2\/comments?post=12437"}],"version-history":[{"count":1,"href":"https:\/\/www.asa-innovation.com\/de\/wp-json\/wp\/v2\/pages\/12437\/revisions"}],"predecessor-version":[{"id":12438,"href":"https:\/\/www.asa-innovation.com\/de\/wp-json\/wp\/v2\/pages\/12437\/revisions\/12438"}],"wp:attachment":[{"href":"https:\/\/www.asa-innovation.com\/de\/wp-json\/wp\/v2\/media?parent=12437"}],"curies":[{"name":"wp","href":"https:\/\/api.w.org\/{rel}","templated":true}]}}