{"id":12900,"date":"2021-12-15T12:00:29","date_gmt":"2021-12-15T11:00:29","guid":{"rendered":"http:\/\/www.asa-innovation.com\/?page_id=12900"},"modified":"2025-10-30T12:53:52","modified_gmt":"2025-10-30T11:53:52","slug":"eco-11-ft","status":"publish","type":"page","link":"https:\/\/www.asa-innovation.com\/de\/thermal-systems-fuer-oel-luft-wasser-elektronik-kuehler\/oel-luft-kuehler\/h-bereiche\/eco-11-ft\/","title":{"rendered":"ECO-exchanger FT11"},"content":{"rendered":"\n<p>Fahrmischerantriebe ben\u00f6tigen in relativ kurzer Zeit eine hohe K\u00fchlleistung. Die maximalen Betriebstemperaturen und anspruchsvollen Vibrationen dieser Anwendung werden mit unserem bew\u00e4hrten K\u00fchl-Filter-Konzept optimal gel\u00f6st. Die Kombination mit neuesten und hochqualitativen Komponenten wie dem optimierten L\u00fcftergeh\u00e4use oder dem Saugfilter runden das System zu einem dauerhaft zuverl\u00e4ssigen System ab.&nbsp;<\/p>\n","protected":false},"excerpt":{"rendered":"<p>Fahrmischerantriebe ben\u00f6tigen in relativ kurzer Zeit eine hohe K\u00fchlleistung. Die maximalen Betriebstemperaturen und anspruchsvollen Vibrationen dieser Anwendung werden mit unserem bew\u00e4hrten K\u00fchl-Filter-Konzept optimal gel\u00f6st. Die Kombination mit neuesten und hochqualitativen Komponenten wie dem optimierten L\u00fcftergeh\u00e4use oder dem Saugfilter runden das System zu einem dauerhaft zuverl\u00e4ssigen System ab.&nbsp;<\/p>\n","protected":false},"author":2,"featured_media":0,"parent":2187,"menu_order":0,"comment_status":"closed","ping_status":"closed","template":"","meta":{"_expiration-date-status":"","_expiration-date":0,"_expiration-date-type":"","_expiration-date-categories":[],"_expiration-date-options":[]},"acf":[],"_links":{"self":[{"href":"https:\/\/www.asa-innovation.com\/de\/wp-json\/wp\/v2\/pages\/12900"}],"collection":[{"href":"https:\/\/www.asa-innovation.com\/de\/wp-json\/wp\/v2\/pages"}],"about":[{"href":"https:\/\/www.asa-innovation.com\/de\/wp-json\/wp\/v2\/types\/page"}],"author":[{"embeddable":true,"href":"https:\/\/www.asa-innovation.com\/de\/wp-json\/wp\/v2\/users\/2"}],"replies":[{"embeddable":true,"href":"https:\/\/www.asa-innovation.com\/de\/wp-json\/wp\/v2\/comments?post=12900"}],"version-history":[{"count":7,"href":"https:\/\/www.asa-innovation.com\/de\/wp-json\/wp\/v2\/pages\/12900\/revisions"}],"predecessor-version":[{"id":36767,"href":"https:\/\/www.asa-innovation.com\/de\/wp-json\/wp\/v2\/pages\/12900\/revisions\/36767"}],"up":[{"embeddable":true,"href":"https:\/\/www.asa-innovation.com\/de\/wp-json\/wp\/v2\/pages\/2187"}],"wp:attachment":[{"href":"https:\/\/www.asa-innovation.com\/de\/wp-json\/wp\/v2\/media?parent=12900"}],"curies":[{"name":"wp","href":"https:\/\/api.w.org\/{rel}","templated":true}]}}