{"id":13065,"date":"2022-01-24T13:23:58","date_gmt":"2022-01-24T12:23:58","guid":{"rendered":"http:\/\/www.asa-innovation.com\/?page_id=13065"},"modified":"2023-06-05T13:58:57","modified_gmt":"2023-06-05T11:58:57","slug":"water-cooled-range","status":"publish","type":"page","link":"https:\/\/www.asa-innovation.com\/de\/thermal-systems-fuer-oel-luft-wasser-elektronik-kuehler\/offline-kuehler\/water-cooled-range\/","title":{"rendered":"Water Cooled Range"},"content":{"rendered":"\n<p>Unser wassergek\u00fchlten Umlaufsysteme sind modular aufgebaut um das Produkt auf die Bed\u00fcrfnisse der eigentlichen Anwendungen anzupassen. Als Wasserk\u00fchler kommen sowohl leistungsf\u00e4hige gel\u00f6tete Edelstahl Plattenw\u00e4rmetauscher zum Einsatz, als auch unseren neuen ST Serie: die Rohrb\u00fcndelw\u00e4rmetauscher mit vielseitigen Material- und Aufbauoptionen.<\/p>\n","protected":false},"excerpt":{"rendered":"<p>Unser wassergek\u00fchlten Umlaufsysteme sind modular aufgebaut um das Produkt auf die Bed\u00fcrfnisse der eigentlichen Anwendungen anzupassen. Als Wasserk\u00fchler kommen sowohl leistungsf\u00e4hige gel\u00f6tete Edelstahl Plattenw\u00e4rmetauscher zum Einsatz, als auch unseren neuen ST Serie: die Rohrb\u00fcndelw\u00e4rmetauscher mit vielseitigen Material- und Aufbauoptionen.<\/p>\n","protected":false},"author":2,"featured_media":0,"parent":12065,"menu_order":2,"comment_status":"closed","ping_status":"closed","template":"","meta":{"_expiration-date-status":"","_expiration-date":1686571102,"_expiration-date-type":"draft","_expiration-date-categories":[],"_expiration-date-options":[]},"acf":[],"_links":{"self":[{"href":"https:\/\/www.asa-innovation.com\/de\/wp-json\/wp\/v2\/pages\/13065"}],"collection":[{"href":"https:\/\/www.asa-innovation.com\/de\/wp-json\/wp\/v2\/pages"}],"about":[{"href":"https:\/\/www.asa-innovation.com\/de\/wp-json\/wp\/v2\/types\/page"}],"author":[{"embeddable":true,"href":"https:\/\/www.asa-innovation.com\/de\/wp-json\/wp\/v2\/users\/2"}],"replies":[{"embeddable":true,"href":"https:\/\/www.asa-innovation.com\/de\/wp-json\/wp\/v2\/comments?post=13065"}],"version-history":[{"count":3,"href":"https:\/\/www.asa-innovation.com\/de\/wp-json\/wp\/v2\/pages\/13065\/revisions"}],"predecessor-version":[{"id":14817,"href":"https:\/\/www.asa-innovation.com\/de\/wp-json\/wp\/v2\/pages\/13065\/revisions\/14817"}],"up":[{"embeddable":true,"href":"https:\/\/www.asa-innovation.com\/de\/wp-json\/wp\/v2\/pages\/12065"}],"wp:attachment":[{"href":"https:\/\/www.asa-innovation.com\/de\/wp-json\/wp\/v2\/media?parent=13065"}],"curies":[{"name":"wp","href":"https:\/\/api.w.org\/{rel}","templated":true}]}}