{"id":13364,"date":"2022-02-15T10:10:46","date_gmt":"2022-02-15T09:10:46","guid":{"rendered":"https:\/\/www.asa-innovation.com\/?page_id=13364"},"modified":"2024-08-27T11:48:42","modified_gmt":"2024-08-27T09:48:42","slug":"adapter-flansch","status":"publish","type":"page","link":"https:\/\/www.asa-innovation.com\/de\/verbindungstechnik\/saugeinheit-2\/adapter-flansch\/","title":{"rendered":"Adapter Flansch"},"content":{"rendered":"\n<p>Der asa Adapterflansch wird am Tank angeschwei\u00dft und mit der asa Saugeinheit verschraubt. Die Anschaffungskosten rechnen sich gegen niedrige Montagekosten und eine kompakte Bauform. Als Option wird zur \u00dcberwachung ein Endschalter (mechanisch oder induktiv) am Standardblock eingeschraubt. Bitte beachten Sie, dass die Absperrklappe nur in montiertem Zustand mit gefetteter oder ge\u00f6lter Dichtung ge\u00f6ffnet werden darf! Der Adapterflansch darf nur mit demontiertem Absperrflansch angeschwei\u00dft werden.<\/p>\n<p><a href=\"http:\/\/www.asa-innovation.com\/wp-content\/uploads\/2021\/03\/DD-SDAET-de-rev4-1.pdf\"><img decoding=\"async\" loading=\"lazy\" class=\"alignnone size-thumbnail wp-image-6865\" src=\"http:\/\/www.asa-innovation.com\/wp-content\/uploads\/2017\/11\/SDAET080-1-150x150.jpg\" alt=\"\" width=\"150\" height=\"150\" \/><\/a><\/p>\n<p><strong><span style=\"color: #00a7e3;\"><a style=\"color: #00a7e3;\" href=\"http:\/\/www.asa-innovation.com\/wp-content\/uploads\/2024\/08\/DD-SDAET-de-rev6.pdf\" target=\"_blank\" rel=\"noopener\">Datenblatt<\/a><\/span><\/strong><a href=\"http:\/\/www.asa-innovation.com\/wp-content\/uploads\/2024\/08\/DD-SDAET-de-rev6.pdf\" target=\"_blank\" rel=\"noopener\"><img decoding=\"async\" loading=\"lazy\" class=\"alignnone wp-image-9426 size-thumbnail\" src=\"http:\/\/www.asa-innovation.com\/wp-content\/uploads\/2020\/02\/Download-150x150.jpg\" alt=\"\" width=\"150\" height=\"150\" \/><\/a><\/p>\n","protected":false},"excerpt":{"rendered":"<p>Der asa Adapterflansch wird am Tank angeschwei\u00dft und mit der asa Saugeinheit verschraubt. Die Anschaffungskosten rechnen sich gegen niedrige Montagekosten und eine kompakte Bauform. Als Option wird zur \u00dcberwachung ein Endschalter (mechanisch oder induktiv) am Standardblock eingeschraubt. Bitte beachten Sie, dass die Absperrklappe nur in montiertem Zustand mit gefetteter oder ge\u00f6lter Dichtung ge\u00f6ffnet werden darf! [&hellip;]<\/p>\n","protected":false},"author":2,"featured_media":0,"parent":13314,"menu_order":4,"comment_status":"closed","ping_status":"closed","template":"","meta":{"_expiration-date-status":"","_expiration-date":0,"_expiration-date-type":"","_expiration-date-categories":[],"_expiration-date-options":[]},"acf":[],"_links":{"self":[{"href":"https:\/\/www.asa-innovation.com\/de\/wp-json\/wp\/v2\/pages\/13364"}],"collection":[{"href":"https:\/\/www.asa-innovation.com\/de\/wp-json\/wp\/v2\/pages"}],"about":[{"href":"https:\/\/www.asa-innovation.com\/de\/wp-json\/wp\/v2\/types\/page"}],"author":[{"embeddable":true,"href":"https:\/\/www.asa-innovation.com\/de\/wp-json\/wp\/v2\/users\/2"}],"replies":[{"embeddable":true,"href":"https:\/\/www.asa-innovation.com\/de\/wp-json\/wp\/v2\/comments?post=13364"}],"version-history":[{"count":4,"href":"https:\/\/www.asa-innovation.com\/de\/wp-json\/wp\/v2\/pages\/13364\/revisions"}],"predecessor-version":[{"id":18245,"href":"https:\/\/www.asa-innovation.com\/de\/wp-json\/wp\/v2\/pages\/13364\/revisions\/18245"}],"up":[{"embeddable":true,"href":"https:\/\/www.asa-innovation.com\/de\/wp-json\/wp\/v2\/pages\/13314"}],"wp:attachment":[{"href":"https:\/\/www.asa-innovation.com\/de\/wp-json\/wp\/v2\/media?parent=13364"}],"curies":[{"name":"wp","href":"https:\/\/api.w.org\/{rel}","templated":true}]}}