{"id":14298,"date":"2023-01-16T08:53:17","date_gmt":"2023-01-16T07:53:17","guid":{"rendered":"http:\/\/www.asa-innovation.com\/?page_id=14298"},"modified":"2023-03-08T12:58:52","modified_gmt":"2023-03-08T11:58:52","slug":"mitarbeiterin-werkstudent-in-fuer-rd","status":"publish","type":"page","link":"https:\/\/www.asa-innovation.com\/de\/karriere\/mitarbeiterin-werkstudent-in-fuer-rd\/","title":{"rendered":"MitarbeiterIn Werkstudent\/In f\u00fcr R&#038;D (m\/w\/d)"},"content":{"rendered":"\n<p><strong>Stellenbeschreibung \u201eWerkstudent\/In f\u00fcr R&amp;D\u201c (m\/w\/d\/)\/<\/strong><strong>(Voll-\/Teilzeit)<\/strong><\/p>\n<p>Wir sind ein international f\u00fchrender, familiengef\u00fchrter, mittelst\u00e4ndischer Betrieb und als Entwickler und Hersteller von Produkten f\u00fcr die thermische Anlagen-, K\u00fchlungs-, L\u00fcftungs- und E-Mobilit\u00e4tsindustrie t\u00e4tig.<\/p>\n<p>Wir suchen zur Unterst\u00fctzung des Pr\u00fcfcenters an unserem Forschungs- und Entwicklungsstandort in Wien zum sofortigen Eintritt eine\/n \u201eWerkstudent\/In\u201c (m\/w\/d).<\/p>\n<p><strong>Profil:<\/strong><\/p>\n<ul style=\"list-style-type: square;\">\n<li><span style=\"color: initial;\">Selbst\u00e4ndige Arbeitsweise<\/span><\/li>\n<li>Grundkenntnisse in Messtechnik, Elektrotechnik, Schwingungstechnik und\/oder Thermodynamik<\/li>\n<li>Praktische Veranlagung und Interesse an technischen Produkten<\/li>\n<li>Abgeschlossene STEOP Pr\u00fcfungen<\/li>\n<li>MS-Office Kenntnisse<\/li>\n<li>Deutsch und Englisch in Wort und Schrift<\/li>\n<\/ul>\n<p><strong>Aufgaben:<\/strong><\/p>\n<ul style=\"list-style-type: square;\">\n<li><span style=\"color: initial;\">Durchf\u00fchrung von Produkt- und Materialpr\u00fcfungen<\/span><\/li>\n<li>Selbstst\u00e4ndiges Aufbauen, Messen und Auswerten<\/li>\n<li>Erstellen von Pr\u00fcfberichten<\/li>\n<li>Konzeption von Testaufbauten<\/li>\n<\/ul>\n<p><strong>Unser Angebot:<\/strong><\/p>\n<ul style=\"list-style-type: square;\">\n<li><span style=\"color: initial;\">Arbeiten im schnell wachsenden Pr\u00fcfcenter einer internationalen Unternehmensgruppe<\/span><\/li>\n<li>Direkte Mitwirkung im Produktentwicklungsprozess<\/li>\n<li>Bedienung von modernen Pr\u00fcfst\u00e4nden wie Schwingungspr\u00fcfung, Klimapr\u00fcfung, Korrosionspr\u00fcfungen, K\u00fchlleistungsmessung, Schallleistungsmessung, , etc.<\/li>\n<li>Umgang mit neuesten Messmitteln und Pr\u00fcfmethoden<\/li>\n<li>Spannende, abwechslungsreiche T\u00e4tigkeiten<\/li>\n<\/ul>\n<p>Ihr monatliches Bruttogehalt ist von Ihrer Berufserfahrung und Vorkenntnissen abh\u00e4ngig und betr\u00e4gt ab Euro 2.400,- (unter Ber\u00fccksichtigung des kollektivvertraglichen Mindestentgelts ist je nach Qualifikation eine \u00dcberbezahlung vorgesehen).<\/p>\n<p>Wenn Sie Interesse an dieser langfristigen beruflichen Aufgabe haben, dann freuen wir uns \u00fcber die Zusendung Ihrer aussagekr\u00e4ftigen Bewerbungsunterlagen mit Betreff <em>\u201e<\/em>Werkstudent\/In<em>\u201c <\/em>per E-Mail an:<\/p>\n<p><a href=\"mailto:personal@asahydraulik.com?subject=Bewerbung%25als%20Werkstudent:in\">personal@asahydraulik.com<\/a><\/p>\n<p>asa technology Produktions- und Vertriebs GmbH<\/p>\n<p>Prager Stra\u00dfe 280<\/p>\n<p>1210 Wien<\/p>\n","protected":false},"excerpt":{"rendered":"<p>Stellenbeschreibung \u201eWerkstudent\/In f\u00fcr R&amp;D\u201c (m\/w\/d\/)\/(Voll-\/Teilzeit) Wir sind ein international f\u00fchrender, familiengef\u00fchrter, mittelst\u00e4ndischer Betrieb und als Entwickler und Hersteller von Produkten f\u00fcr die thermische Anlagen-, K\u00fchlungs-, L\u00fcftungs- und E-Mobilit\u00e4tsindustrie t\u00e4tig. Wir suchen zur Unterst\u00fctzung des Pr\u00fcfcenters an unserem Forschungs- und Entwicklungsstandort in Wien zum sofortigen Eintritt eine\/n \u201eWerkstudent\/In\u201c (m\/w\/d). Profil: Selbst\u00e4ndige Arbeitsweise Grundkenntnisse in Messtechnik, Elektrotechnik, [&hellip;]<\/p>\n","protected":false},"author":2,"featured_media":0,"parent":5053,"menu_order":1,"comment_status":"closed","ping_status":"closed","template":"","meta":{"_expiration-date-status":"","_expiration-date":1678881519,"_expiration-date-type":"draft","_expiration-date-categories":[],"_expiration-date-options":[]},"acf":[],"_links":{"self":[{"href":"https:\/\/www.asa-innovation.com\/de\/wp-json\/wp\/v2\/pages\/14298"}],"collection":[{"href":"https:\/\/www.asa-innovation.com\/de\/wp-json\/wp\/v2\/pages"}],"about":[{"href":"https:\/\/www.asa-innovation.com\/de\/wp-json\/wp\/v2\/types\/page"}],"author":[{"embeddable":true,"href":"https:\/\/www.asa-innovation.com\/de\/wp-json\/wp\/v2\/users\/2"}],"replies":[{"embeddable":true,"href":"https:\/\/www.asa-innovation.com\/de\/wp-json\/wp\/v2\/comments?post=14298"}],"version-history":[{"count":4,"href":"https:\/\/www.asa-innovation.com\/de\/wp-json\/wp\/v2\/pages\/14298\/revisions"}],"predecessor-version":[{"id":14445,"href":"https:\/\/www.asa-innovation.com\/de\/wp-json\/wp\/v2\/pages\/14298\/revisions\/14445"}],"up":[{"embeddable":true,"href":"https:\/\/www.asa-innovation.com\/de\/wp-json\/wp\/v2\/pages\/5053"}],"wp:attachment":[{"href":"https:\/\/www.asa-innovation.com\/de\/wp-json\/wp\/v2\/media?parent=14298"}],"curies":[{"name":"wp","href":"https:\/\/api.w.org\/{rel}","templated":true}]}}