{"id":14450,"date":"2023-03-08T12:36:03","date_gmt":"2023-03-08T11:36:03","guid":{"rendered":"http:\/\/www.asa-innovation.com\/?page_id=14450"},"modified":"2025-09-16T10:37:04","modified_gmt":"2025-09-16T08:37:04","slug":"technische-r-einkaeufer-in-m-w-d","status":"publish","type":"page","link":"https:\/\/www.asa-innovation.com\/de\/karriere\/technische-r-einkaeufer-in-m-w-d\/","title":{"rendered":"Einkaufsmitarbeiter\/In mit technischem Background (m\/w\/d)"},"content":{"rendered":"\n<p><strong>Stellenbeschreibung \u201eEinkaufsmitarbeiter\/in mit technischem Background\u201c (m\/<\/strong><strong>w\/d)<\/strong><\/p>\n<p><strong>\u00a0<\/strong><\/p>\n<p><strong>\u00a0<\/strong>Wir sind ein international f\u00fchrender, mittelst\u00e4ndischer, familiengef\u00fchrter Betrieb und als Entwickler und Hersteller von nachhaltigen Produkten f\u00fcr die thermische Anlagen-, K\u00fchlungs-, L\u00fcftungs- und E-Mobilit\u00e4tsindustrie t\u00e4tig.<\/p>\n<p>\u00a0<\/p>\n<p>Wir suchen zur Unterst\u00fctzung an unserem Forschungs-, Produktions- und Vertriebsstandort in Wien zum sofortigen Eintritt eine\/n \u201eEinkaufsmitarbeiter\/in mit technischem Background\u201c (m\/w\/d).<\/p>\n<p>\u00a0<\/p>\n<h4>F\u00e4higkeiten:<\/h4>\n<h4>\u00a0<\/h4>\n<ul>\n<li>Technische Grundausbildung (HTBLA oder \u00e4hnliches)<\/li>\n<li>Berufserfahrung im Bereich technischer\/strategischer Einkauf\/Verkauf im industriellen Umfeld<\/li>\n<li>Eigeninitiative, Organisationstalent, unternehmerisches Verst\u00e4ndnis, Durchsetzungsverm\u00f6gen mit Verhandlungs- und Kommunikationsgeschick<\/li>\n<li>Deutsch und Englisch in Wort und Schrift, Drittsprache von Vorteil<\/li>\n<\/ul>\n<p>\u00a0<\/p>\n<h4>Aufgaben:<\/h4>\n<h4>\u00a0<\/h4>\n<ul>\n<li>Begeistertes, ganzheitliches Prozessdenken<\/li>\n<li>Verantwortliche Beschaffung<\/li>\n<li>Bewertung der bestehenden Lieferanten hinsichtlich Qualit\u00e4t, Liefertermin und Kosten<\/li>\n<li>Datenanalyse, Einkaufscontrolling und Lagerbewertung<\/li>\n<\/ul>\n<p>\u00a0<\/p>\n<h4>Arbeitsumfeld:<\/h4>\n<h4>\u00a0<\/h4>\n<ul>\n<li>Flexible Zeit- und Arbeitsmodelle und individuelle Entwicklungsm\u00f6glichkeiten<\/li>\n<li>Internationale Zusammenarbeit im multikulturellen Umfeld<\/li>\n<li>Weiterbildung in innovativen Wissensgebieten<\/li>\n<li>Verantwortungsvolle Position in einem zukunfts- &amp; exportorientierten Familienunternehmen<\/li>\n<\/ul>\n<p>\u00a0<\/p>\n<p>\u00a0<\/p>\n<p>Ihr monatliches Bruttogehalt ist von Ihrer Berufserfahrung und Vorkenntnissen abh\u00e4ngig und betr\u00e4gt mindestens Euro 3.200,-.<\/p>\n<p>\u00a0<\/p>\n<p>Wenn Sie Interesse an dieser langfristigen beruflichen Zusammenarbeit haben, dann freuen wir uns \u00fcber ihre R\u00fcckmeldung mit Betreff <em>\u201e<\/em>Einkaufsmitarbeiter\/in mit technischem Background<em>\u201c <\/em>per E-Mail an:<\/p>\n<p>\u00a0<\/p>\n<p><a href=\"mailto:personal@asahydraulik.com?subject=karriere.at-Bewerbung:%20BilanzbuchhalterIn%20%28m%2Fw%2Fd%29,%20Ref-Nr.:%20KA%20\/%206417860&amp;body=-------------------------------------------------------------------------------------------------------------------------------------------------------%0A%0DWICHTIGER%20HINWEIS:%20Den%20vorgegebenen%20Betreff%20dieser%20E-Mail%20aus%20Gr%C3%BCnden%20der%20Nachvollziehbarkeit%20bitte%20NICHT%20entfernen!%0A%0D-------------------------------------------------------------------------------------------------------------------------------------------------------%0A%0D%0A%0D\">personal@asahydraulik.com<\/a><br \/>asa technology Produktions- und Vertriebs GmbH<br \/>Prager Stra\u00dfe 280<br \/>1210 Wien<br \/><a href=\"https:\/\/www.asa-innovation.com\/\"><strong>www.asa-innovation.com<\/strong><\/a><strong><br \/><\/strong><a href=\"https:\/\/www.asahydraulik.com\/\"><strong>www.asahydraulik.com<\/strong><\/a><\/p>\n<p>\u00a0<\/p>\n<p>\u00a0<\/p>\n","protected":false},"excerpt":{"rendered":"<p>Stellenbeschreibung \u201eEinkaufsmitarbeiter\/in mit technischem Background\u201c (m\/w\/d) \u00a0 \u00a0Wir sind ein international f\u00fchrender, mittelst\u00e4ndischer, familiengef\u00fchrter Betrieb und als Entwickler und Hersteller von nachhaltigen Produkten f\u00fcr die thermische Anlagen-, K\u00fchlungs-, L\u00fcftungs- und E-Mobilit\u00e4tsindustrie t\u00e4tig. \u00a0 Wir suchen zur Unterst\u00fctzung an unserem Forschungs-, Produktions- und Vertriebsstandort in Wien zum sofortigen Eintritt eine\/n \u201eEinkaufsmitarbeiter\/in mit technischem Background\u201c (m\/w\/d). \u00a0 [&hellip;]<\/p>\n","protected":false},"author":2,"featured_media":0,"parent":5053,"menu_order":5,"comment_status":"closed","ping_status":"closed","template":"","meta":{"_expiration-date-status":"","_expiration-date":1758616515,"_expiration-date-type":"draft","_expiration-date-categories":[],"_expiration-date-options":[]},"acf":[],"_links":{"self":[{"href":"https:\/\/www.asa-innovation.com\/de\/wp-json\/wp\/v2\/pages\/14450"}],"collection":[{"href":"https:\/\/www.asa-innovation.com\/de\/wp-json\/wp\/v2\/pages"}],"about":[{"href":"https:\/\/www.asa-innovation.com\/de\/wp-json\/wp\/v2\/types\/page"}],"author":[{"embeddable":true,"href":"https:\/\/www.asa-innovation.com\/de\/wp-json\/wp\/v2\/users\/2"}],"replies":[{"embeddable":true,"href":"https:\/\/www.asa-innovation.com\/de\/wp-json\/wp\/v2\/comments?post=14450"}],"version-history":[{"count":2,"href":"https:\/\/www.asa-innovation.com\/de\/wp-json\/wp\/v2\/pages\/14450\/revisions"}],"predecessor-version":[{"id":36593,"href":"https:\/\/www.asa-innovation.com\/de\/wp-json\/wp\/v2\/pages\/14450\/revisions\/36593"}],"up":[{"embeddable":true,"href":"https:\/\/www.asa-innovation.com\/de\/wp-json\/wp\/v2\/pages\/5053"}],"wp:attachment":[{"href":"https:\/\/www.asa-innovation.com\/de\/wp-json\/wp\/v2\/media?parent=14450"}],"curies":[{"name":"wp","href":"https:\/\/api.w.org\/{rel}","templated":true}]}}