{"id":191,"date":"2017-01-30T10:13:55","date_gmt":"2017-01-30T09:13:55","guid":{"rendered":"http:\/\/www.rubikon-web16.at\/asa-group\/?page_id=191&#038;lang=de"},"modified":"2024-01-15T11:44:18","modified_gmt":"2024-01-15T10:44:18","slug":"be-different-make-a-difference","status":"publish","type":"page","link":"https:\/\/www.asa-innovation.com\/de\/","title":{"rendered":"be different. <br\/>make a difference."},"content":{"rendered":"<p><span style=\"font-family: verdana, geneva, sans-serif;\">Mit mehr als 40 Jahren Erfahrung in den Bereichen W\u00e4rmetauscher, Verbindungstechnik und Spezial-Hydraulikkomponenten geh\u00f6rt asa zu den f\u00fchrenden Anbietern f\u00fcr Produkte und Technologie. Erfahren Sie mehr \u00fcber unseren Innovationsgeist, der uns Tag f\u00fcr Tag antreibt um weiterhin den Unterschied im Markt f\u00fcr uns und unsere Kunden technisch zu sichern.<\/span><\/p>\n\n","protected":false},"excerpt":{"rendered":"<p>Mit mehr als 40 Jahren Erfahrung in den Bereichen W\u00e4rmetauscher, Verbindungstechnik und Spezial-Hydraulikkomponenten geh\u00f6rt asa zu den f\u00fchrenden Anbietern f\u00fcr Produkte und Technologie. Erfahren Sie mehr \u00fcber unseren Innovationsgeist, der uns Tag f\u00fcr Tag antreibt um weiterhin den Unterschied im Markt f\u00fcr uns und unsere Kunden technisch zu sichern.<\/p>\n","protected":false},"author":1,"featured_media":287,"parent":0,"menu_order":0,"comment_status":"closed","ping_status":"closed","template":"index.php","meta":{"_expiration-date-status":"","_expiration-date":1705920165,"_expiration-date-type":"draft","_expiration-date-categories":[],"_expiration-date-options":[]},"acf":[],"_links":{"self":[{"href":"https:\/\/www.asa-innovation.com\/de\/wp-json\/wp\/v2\/pages\/191"}],"collection":[{"href":"https:\/\/www.asa-innovation.com\/de\/wp-json\/wp\/v2\/pages"}],"about":[{"href":"https:\/\/www.asa-innovation.com\/de\/wp-json\/wp\/v2\/types\/page"}],"author":[{"embeddable":true,"href":"https:\/\/www.asa-innovation.com\/de\/wp-json\/wp\/v2\/users\/1"}],"replies":[{"embeddable":true,"href":"https:\/\/www.asa-innovation.com\/de\/wp-json\/wp\/v2\/comments?post=191"}],"version-history":[{"count":26,"href":"https:\/\/www.asa-innovation.com\/de\/wp-json\/wp\/v2\/pages\/191\/revisions"}],"predecessor-version":[{"id":12627,"href":"https:\/\/www.asa-innovation.com\/de\/wp-json\/wp\/v2\/pages\/191\/revisions\/12627"}],"wp:featuredmedia":[{"embeddable":true,"href":"https:\/\/www.asa-innovation.com\/de\/wp-json\/wp\/v2\/media\/287"}],"wp:attachment":[{"href":"https:\/\/www.asa-innovation.com\/de\/wp-json\/wp\/v2\/media?parent=191"}],"curies":[{"name":"wp","href":"https:\/\/api.w.org\/{rel}","templated":true}]}}