{"id":2035,"date":"2018-07-03T11:13:20","date_gmt":"2018-07-03T09:13:20","guid":{"rendered":"http:\/\/www.rubikon-web16.at\/asa-group\/?page_id=2035"},"modified":"2024-12-11T13:54:38","modified_gmt":"2024-12-11T12:54:38","slug":"thermal-systems-fuer-oel-luft-wasser-elektronik-kuehler","status":"publish","type":"page","link":"https:\/\/www.asa-innovation.com\/de\/thermal-systems-fuer-oel-luft-wasser-elektronik-kuehler\/","title":{"rendered":"Thermal Systems f\u00fcr \u00d6l\/Luft\/Wasser\/Elektronik K\u00fchler"},"content":{"rendered":"<p><span style=\"font-family: verdana, geneva, sans-serif;\">\/Die Basis um innovative Produkte zu fertigen sind neueste Produktionseinrichtungen und moderne Fertigungsprozesse. Unsere L\u00f6tkapazit\u00e4ten und Produktionsanlagen werden mit der gleichen Passion und innovativem Geist entwickelt und betrieben wie die Produkte selbst. Dies erm\u00f6glicht vor allem bei unseren Kernprozessen der Plate&amp;Bar Bauweise, als auch bei den \u201eTube-finned\u201c L\u00f6sungen h\u00f6chste Qualit\u00e4t und Ausbringung.<\/span><\/p>\n<p><a href=\"https:\/\/www.asahydraulik.com\/c\" target=\"_blank\" rel=\"noopener\"><img decoding=\"async\" loading=\"lazy\" class=\"alignnone wp-image-13011\" src=\"http:\/\/www.asa-innovation.com\/wp-content\/uploads\/2022\/01\/Cooler-Calculation-button-1-150x150.jpg\" alt=\"\" width=\"150\" height=\"150\" \/><\/a><\/p>\n","protected":false},"excerpt":{"rendered":"<p>\/Die Basis um innovative Produkte zu fertigen sind neueste Produktionseinrichtungen und moderne Fertigungsprozesse. Unsere L\u00f6tkapazit\u00e4ten und Produktionsanlagen werden mit der gleichen Passion und innovativem Geist entwickelt und betrieben wie die Produkte selbst. Dies erm\u00f6glicht vor allem bei unseren Kernprozessen der Plate&amp;Bar Bauweise, als auch bei den \u201eTube-finned\u201c L\u00f6sungen h\u00f6chste Qualit\u00e4t und Ausbringung.<\/p>\n","protected":false},"author":2,"featured_media":1960,"parent":0,"menu_order":0,"comment_status":"closed","ping_status":"closed","template":"","meta":{"_expiration-date-status":"","_expiration-date":1734526453,"_expiration-date-type":"draft","_expiration-date-categories":[],"_expiration-date-options":[]},"acf":[],"_links":{"self":[{"href":"https:\/\/www.asa-innovation.com\/de\/wp-json\/wp\/v2\/pages\/2035"}],"collection":[{"href":"https:\/\/www.asa-innovation.com\/de\/wp-json\/wp\/v2\/pages"}],"about":[{"href":"https:\/\/www.asa-innovation.com\/de\/wp-json\/wp\/v2\/types\/page"}],"author":[{"embeddable":true,"href":"https:\/\/www.asa-innovation.com\/de\/wp-json\/wp\/v2\/users\/2"}],"replies":[{"embeddable":true,"href":"https:\/\/www.asa-innovation.com\/de\/wp-json\/wp\/v2\/comments?post=2035"}],"version-history":[{"count":32,"href":"https:\/\/www.asa-innovation.com\/de\/wp-json\/wp\/v2\/pages\/2035\/revisions"}],"predecessor-version":[{"id":21505,"href":"https:\/\/www.asa-innovation.com\/de\/wp-json\/wp\/v2\/pages\/2035\/revisions\/21505"}],"wp:featuredmedia":[{"embeddable":true,"href":"https:\/\/www.asa-innovation.com\/de\/wp-json\/wp\/v2\/media\/1960"}],"wp:attachment":[{"href":"https:\/\/www.asa-innovation.com\/de\/wp-json\/wp\/v2\/media?parent=2035"}],"curies":[{"name":"wp","href":"https:\/\/api.w.org\/{rel}","templated":true}]}}