{"id":2038,"date":"2018-07-17T09:53:37","date_gmt":"2018-07-17T07:53:37","guid":{"rendered":"http:\/\/www.rubikon-web16.at\/asa-group\/?page_id=2038"},"modified":"2021-05-14T11:04:25","modified_gmt":"2021-05-14T09:04:25","slug":"verbindungstechnik","status":"publish","type":"page","link":"https:\/\/www.asa-innovation.com\/de\/verbindungstechnik\/","title":{"rendered":"Connection Technology"},"content":{"rendered":"<p style=\"text-align: justify;\"><span style=\"font-family: verdana, geneva, sans-serif;\">Haben Sie jemals eine Firma die nach schlechten L\u00f6sungen sucht kennengelernt?<\/span><\/p>\n<p style=\"text-align: justify;\"><span style=\"font-family: verdana, geneva, sans-serif;\">Als globale Technologiegruppe mit unseren verschiedenen Bereichen und Anwendungen sind wir stets auf der Suche nach Neuem. Wenn wir erkennen, dass eine technische L\u00f6sung, oder auch eine einzelne Komponente nur ein Durchschnittprodukt f\u00fcr uns darstellt, oder wir einfach nicht eine optimale L\u00f6sung am Markt finden, entwickeln wir uns ein Produkt selbst! Die Connection Technology \/ Verbindungstechnik ist daher eine Sammlung einiger unserer Entwicklungsleistungen in Bereichen, wo vorher keine \u00fcberzeugende technische L\u00f6sung am Markt erh\u00e4ltlich war. Sehen Sie sich unsere Produkte und L\u00f6sungen n\u00e4her an und kontaktieren Sie uns f\u00fcr weitere Informationen.<\/span><\/p>\n<p class=\"tw-data-text tw-ta tw-text-small\" dir=\"ltr\" data-placeholder=\"\u00dcbersetzung\"><span style=\"font-family: verdana, geneva, sans-serif; color: #00a7e3;\"><a style=\"color: #00a7e3;\" href=\"http:\/\/www.asa-innovation.com\/wp-content\/uploads\/2017\/12\/ASA-Connection-Technology.pdf\" target=\"_blank\" rel=\"noopener noreferrer\">Katalog zum herunterladen<\/a><\/span><\/p>\n","protected":false},"excerpt":{"rendered":"<p>Haben Sie jemals eine Firma die nach schlechten L\u00f6sungen sucht kennengelernt? Als globale Technologiegruppe mit unseren verschiedenen Bereichen und Anwendungen sind wir stets auf der Suche nach Neuem. Wenn wir erkennen, dass eine technische L\u00f6sung, oder auch eine einzelne Komponente nur ein Durchschnittprodukt f\u00fcr uns darstellt, oder wir einfach nicht eine optimale L\u00f6sung am Markt [&hellip;]<\/p>\n","protected":false},"author":2,"featured_media":560,"parent":0,"menu_order":0,"comment_status":"closed","ping_status":"closed","template":"","meta":{"_expiration-date-status":"saved","_expiration-date":0,"_expiration-date-type":"","_expiration-date-categories":[],"_expiration-date-options":[]},"acf":[],"_links":{"self":[{"href":"https:\/\/www.asa-innovation.com\/de\/wp-json\/wp\/v2\/pages\/2038"}],"collection":[{"href":"https:\/\/www.asa-innovation.com\/de\/wp-json\/wp\/v2\/pages"}],"about":[{"href":"https:\/\/www.asa-innovation.com\/de\/wp-json\/wp\/v2\/types\/page"}],"author":[{"embeddable":true,"href":"https:\/\/www.asa-innovation.com\/de\/wp-json\/wp\/v2\/users\/2"}],"replies":[{"embeddable":true,"href":"https:\/\/www.asa-innovation.com\/de\/wp-json\/wp\/v2\/comments?post=2038"}],"version-history":[{"count":27,"href":"https:\/\/www.asa-innovation.com\/de\/wp-json\/wp\/v2\/pages\/2038\/revisions"}],"predecessor-version":[{"id":15572,"href":"https:\/\/www.asa-innovation.com\/de\/wp-json\/wp\/v2\/pages\/2038\/revisions\/15572"}],"wp:featuredmedia":[{"embeddable":true,"href":"https:\/\/www.asa-innovation.com\/de\/wp-json\/wp\/v2\/media\/560"}],"wp:attachment":[{"href":"https:\/\/www.asa-innovation.com\/de\/wp-json\/wp\/v2\/media?parent=2038"}],"curies":[{"name":"wp","href":"https:\/\/api.w.org\/{rel}","templated":true}]}}