{"id":2040,"date":"2018-07-03T10:38:23","date_gmt":"2018-07-03T08:38:23","guid":{"rendered":"http:\/\/www.rubikon-web16.at\/asa-group\/?page_id=2040"},"modified":"2021-03-08T11:26:44","modified_gmt":"2021-03-08T10:26:44","slug":"pumpen-technologie","status":"publish","type":"page","link":"https:\/\/www.asa-innovation.com\/de\/pumpen-technologie\/","title":{"rendered":"Fluid Controls"},"content":{"rendered":"<p id=\"tw-target-text\" class=\"tw-data-text tw-ta tw-text-small\" dir=\"ltr\" data-placeholder=\"\u00dcbersetzung\"><span style=\"font-family: verdana, geneva, sans-serif;\">Wir suchen nach herausfordernden M\u00e4rkten um unsere Flexibilit\u00e4t, unseren Innovationsgeist und unsere Produktionskapazit\u00e4ten stetig weiterzuentwickeln. Energieerzeugung, Energiespeicherung und Effizienz sind die wichtigsten Themen in den M\u00e4rkten und Anwendungen. Unabdingbar daf\u00fcr sind die Bereitstellung von cleveren K\u00fchl- und Filtrationskreisen mit kompakten Abmessungen, flexiblen und vielseitigen Integrationsm\u00f6glichkeiten bei gleichzeitig hoher Leistung. <\/span><\/p>\n","protected":false},"excerpt":{"rendered":"<p>Wir suchen nach herausfordernden M\u00e4rkten um unsere Flexibilit\u00e4t, unseren Innovationsgeist und unsere Produktionskapazit\u00e4ten stetig weiterzuentwickeln. Energieerzeugung, Energiespeicherung und Effizienz sind die wichtigsten Themen in den M\u00e4rkten und Anwendungen. Unabdingbar daf\u00fcr sind die Bereitstellung von cleveren K\u00fchl- und Filtrationskreisen mit kompakten Abmessungen, flexiblen und vielseitigen Integrationsm\u00f6glichkeiten bei gleichzeitig hoher Leistung.<\/p>\n","protected":false},"author":2,"featured_media":399,"parent":0,"menu_order":0,"comment_status":"closed","ping_status":"closed","template":"","meta":{"_expiration-date-status":"saved","_expiration-date":0,"_expiration-date-type":"","_expiration-date-categories":[],"_expiration-date-options":[]},"acf":[],"_links":{"self":[{"href":"https:\/\/www.asa-innovation.com\/de\/wp-json\/wp\/v2\/pages\/2040"}],"collection":[{"href":"https:\/\/www.asa-innovation.com\/de\/wp-json\/wp\/v2\/pages"}],"about":[{"href":"https:\/\/www.asa-innovation.com\/de\/wp-json\/wp\/v2\/types\/page"}],"author":[{"embeddable":true,"href":"https:\/\/www.asa-innovation.com\/de\/wp-json\/wp\/v2\/users\/2"}],"replies":[{"embeddable":true,"href":"https:\/\/www.asa-innovation.com\/de\/wp-json\/wp\/v2\/comments?post=2040"}],"version-history":[{"count":13,"href":"https:\/\/www.asa-innovation.com\/de\/wp-json\/wp\/v2\/pages\/2040\/revisions"}],"predecessor-version":[{"id":15571,"href":"https:\/\/www.asa-innovation.com\/de\/wp-json\/wp\/v2\/pages\/2040\/revisions\/15571"}],"wp:featuredmedia":[{"embeddable":true,"href":"https:\/\/www.asa-innovation.com\/de\/wp-json\/wp\/v2\/media\/399"}],"wp:attachment":[{"href":"https:\/\/www.asa-innovation.com\/de\/wp-json\/wp\/v2\/media?parent=2040"}],"curies":[{"name":"wp","href":"https:\/\/api.w.org\/{rel}","templated":true}]}}