{"id":2083,"date":"2018-07-12T11:42:03","date_gmt":"2018-07-12T09:42:03","guid":{"rendered":"http:\/\/www.rubikon-web16.at\/asa-group\/?page_id=2083"},"modified":"2025-03-26T12:49:01","modified_gmt":"2025-03-26T11:49:01","slug":"standard-bereiche","status":"publish","type":"page","link":"https:\/\/www.asa-innovation.com\/de\/thermal-systems-fuer-oel-luft-wasser-elektronik-kuehler\/oel-luft-kuehler\/standard-bereiche\/","title":{"rendered":"Standard Range"},"content":{"rendered":"<p><span style=\"font-family: verdana, geneva, sans-serif;\">Aufgrund unserer kurzen Lieferzeiten, der druckbest\u00e4ndigen K\u00fchlerbauweise und dem dichten Produktprogramm ist unsere Standard-\u00d6lluftk\u00fchlerserie nach wie vor marktbestimmend. Dabei sind unser interner Bypass, die hohe Vertr\u00e4glichkeit bei verschmutzter Umgebungsluft und die L\u00fcftersteuerung weltweit bekannt und in den unterschiedlichsten Anwendungen erfolgreich im Einsatz.<\/span><\/p>\n<p><span style=\"font-family: verdana, geneva, sans-serif;\">Die Vielseitigkeit und Flexibilit\u00e4t unserer patentierten Hydraulikanbindungen sind die beste Wahl f\u00fcr W\u00e4rmetauscher, um \u00fcber die Funktion hinaus einen Mehrwert f\u00fcr das Endprodukt zu generieren.<\/span><\/p>\n","protected":false},"excerpt":{"rendered":"<p>Aufgrund unserer kurzen Lieferzeiten, der druckbest\u00e4ndigen K\u00fchlerbauweise und dem dichten Produktprogramm ist unsere Standard-\u00d6lluftk\u00fchlerserie nach wie vor marktbestimmend. Dabei sind unser interner Bypass, die hohe Vertr\u00e4glichkeit bei verschmutzter Umgebungsluft und die L\u00fcftersteuerung weltweit bekannt und in den unterschiedlichsten Anwendungen erfolgreich im Einsatz. Die Vielseitigkeit und Flexibilit\u00e4t unserer patentierten Hydraulikanbindungen sind die beste Wahl f\u00fcr W\u00e4rmetauscher, [&hellip;]<\/p>\n","protected":false},"author":2,"featured_media":0,"parent":12026,"menu_order":1,"comment_status":"closed","ping_status":"closed","template":"","meta":{"_expiration-date-status":"","_expiration-date":0,"_expiration-date-type":"","_expiration-date-categories":[],"_expiration-date-options":[]},"acf":[],"_links":{"self":[{"href":"https:\/\/www.asa-innovation.com\/de\/wp-json\/wp\/v2\/pages\/2083"}],"collection":[{"href":"https:\/\/www.asa-innovation.com\/de\/wp-json\/wp\/v2\/pages"}],"about":[{"href":"https:\/\/www.asa-innovation.com\/de\/wp-json\/wp\/v2\/types\/page"}],"author":[{"embeddable":true,"href":"https:\/\/www.asa-innovation.com\/de\/wp-json\/wp\/v2\/users\/2"}],"replies":[{"embeddable":true,"href":"https:\/\/www.asa-innovation.com\/de\/wp-json\/wp\/v2\/comments?post=2083"}],"version-history":[{"count":18,"href":"https:\/\/www.asa-innovation.com\/de\/wp-json\/wp\/v2\/pages\/2083\/revisions"}],"predecessor-version":[{"id":24492,"href":"https:\/\/www.asa-innovation.com\/de\/wp-json\/wp\/v2\/pages\/2083\/revisions\/24492"}],"up":[{"embeddable":true,"href":"https:\/\/www.asa-innovation.com\/de\/wp-json\/wp\/v2\/pages\/12026"}],"wp:attachment":[{"href":"https:\/\/www.asa-innovation.com\/de\/wp-json\/wp\/v2\/media?parent=2083"}],"curies":[{"name":"wp","href":"https:\/\/api.w.org\/{rel}","templated":true}]}}