{"id":2161,"date":"2018-07-18T07:51:41","date_gmt":"2018-07-18T05:51:41","guid":{"rendered":"http:\/\/www.rubikon-web16.at\/asa-group\/?page_id=2161"},"modified":"2025-11-18T09:07:14","modified_gmt":"2025-11-18T08:07:14","slug":"spezial-bereiche","status":"publish","type":"page","link":"https:\/\/www.asa-innovation.com\/de\/thermal-systems-fuer-oel-luft-wasser-elektronik-kuehler\/oel-luft-kuehler\/spezial-bereiche\/","title":{"rendered":"Special Range"},"content":{"rendered":"<p><span style=\"font-family: verdana, geneva, sans-serif;\">Unsere globale Ausrichtung erfordert h\u00f6chste Standards unserer Fertigungseinrichtungen. Wir sind mit den modernsten Produktionsmaschinen und neusten Fertigungsprozesse ausgestattet. Unser Grad an Effizienz und Automatisierung wird stetig verbessert. In enger Zusammenarbeit mit Forschung und Entwicklung k\u00f6nnen wir uns als Entwicklungspartner f\u00fcr neue Technologien oder als Anbieter f\u00fcr L\u00f6sungen anspruchsvoller Anwendungen anbieten.<\/span><\/p>\n<p><span style=\"font-family: verdana, geneva, sans-serif;\">Wir berechnen, testen und liefern komplette K\u00fchlpakete f\u00fcr jede Anwendung. Lernen Sie mehr \u00fcber unsere Entwicklungskompetenzen und L\u00f6sungen in diesem Bereich.<\/span><\/p>\n<p><strong><span style=\"font-family: verdana, geneva, sans-serif; color: #00a7e3;\"><a style=\"color: #00a7e3;\" href=\"http:\/\/www.asa-innovation.com\/wp-content\/uploads\/2018\/07\/ASA-Special-Ranges-2019.pdf\" target=\"_blank\" rel=\"noopener noreferrer\">Katalog zum herunterladen<\/a><\/span><\/strong><\/p>\n","protected":false},"excerpt":{"rendered":"<p>Unsere globale Ausrichtung erfordert h\u00f6chste Standards unserer Fertigungseinrichtungen. Wir sind mit den modernsten Produktionsmaschinen und neusten Fertigungsprozesse ausgestattet. Unser Grad an Effizienz und Automatisierung wird stetig verbessert. In enger Zusammenarbeit mit Forschung und Entwicklung k\u00f6nnen wir uns als Entwicklungspartner f\u00fcr neue Technologien oder als Anbieter f\u00fcr L\u00f6sungen anspruchsvoller Anwendungen anbieten. Wir berechnen, testen und liefern [&hellip;]<\/p>\n","protected":false},"author":2,"featured_media":0,"parent":12026,"menu_order":3,"comment_status":"closed","ping_status":"closed","template":"","meta":{"_expiration-date-status":"","_expiration-date":1764058023,"_expiration-date-type":"draft","_expiration-date-categories":[],"_expiration-date-options":[]},"acf":[],"_links":{"self":[{"href":"https:\/\/www.asa-innovation.com\/de\/wp-json\/wp\/v2\/pages\/2161"}],"collection":[{"href":"https:\/\/www.asa-innovation.com\/de\/wp-json\/wp\/v2\/pages"}],"about":[{"href":"https:\/\/www.asa-innovation.com\/de\/wp-json\/wp\/v2\/types\/page"}],"author":[{"embeddable":true,"href":"https:\/\/www.asa-innovation.com\/de\/wp-json\/wp\/v2\/users\/2"}],"replies":[{"embeddable":true,"href":"https:\/\/www.asa-innovation.com\/de\/wp-json\/wp\/v2\/comments?post=2161"}],"version-history":[{"count":24,"href":"https:\/\/www.asa-innovation.com\/de\/wp-json\/wp\/v2\/pages\/2161\/revisions"}],"predecessor-version":[{"id":36888,"href":"https:\/\/www.asa-innovation.com\/de\/wp-json\/wp\/v2\/pages\/2161\/revisions\/36888"}],"up":[{"embeddable":true,"href":"https:\/\/www.asa-innovation.com\/de\/wp-json\/wp\/v2\/pages\/12026"}],"wp:attachment":[{"href":"https:\/\/www.asa-innovation.com\/de\/wp-json\/wp\/v2\/media?parent=2161"}],"curies":[{"name":"wp","href":"https:\/\/api.w.org\/{rel}","templated":true}]}}