{"id":2164,"date":"2018-07-12T12:06:35","date_gmt":"2018-07-12T10:06:35","guid":{"rendered":"http:\/\/www.rubikon-web16.at\/asa-group\/?page_id=2164"},"modified":"2023-07-25T13:16:33","modified_gmt":"2023-07-25T11:16:33","slug":"cc-serie-offline-kuehlung","status":"publish","type":"page","link":"https:\/\/www.asa-innovation.com\/de\/thermal-systems-fuer-oel-luft-wasser-elektronik-kuehler\/offline-kuehler\/cc-serie-offline-kuehlung\/","title":{"rendered":"Air Cooled Range, CC-Rail, AUC-CC"},"content":{"rendered":"<p><span style=\"font-family: verdana, geneva, sans-serif;\">Die \u00d6lluftk\u00fchler der CC Serie sind autonome K\u00fchl- und Filterkreise. Bei Anwendungen mit hohen Druckst\u00f6\u00dfen sind separate K\u00fchl- bzw. Filterkreise durch hohe Lebensdauer und konstante Leistung von Vorteil.<\/span><\/p>\n","protected":false},"excerpt":{"rendered":"<p>Die \u00d6lluftk\u00fchler der CC Serie sind autonome K\u00fchl- und Filterkreise. Bei Anwendungen mit hohen Druckst\u00f6\u00dfen sind separate K\u00fchl- bzw. Filterkreise durch hohe Lebensdauer und konstante Leistung von Vorteil.<\/p>\n","protected":false},"author":2,"featured_media":0,"parent":12065,"menu_order":1,"comment_status":"closed","ping_status":"closed","template":"","meta":{"_expiration-date-status":"","_expiration-date":1690888577,"_expiration-date-type":"draft","_expiration-date-categories":[],"_expiration-date-options":[]},"acf":[],"_links":{"self":[{"href":"https:\/\/www.asa-innovation.com\/de\/wp-json\/wp\/v2\/pages\/2164"}],"collection":[{"href":"https:\/\/www.asa-innovation.com\/de\/wp-json\/wp\/v2\/pages"}],"about":[{"href":"https:\/\/www.asa-innovation.com\/de\/wp-json\/wp\/v2\/types\/page"}],"author":[{"embeddable":true,"href":"https:\/\/www.asa-innovation.com\/de\/wp-json\/wp\/v2\/users\/2"}],"replies":[{"embeddable":true,"href":"https:\/\/www.asa-innovation.com\/de\/wp-json\/wp\/v2\/comments?post=2164"}],"version-history":[{"count":19,"href":"https:\/\/www.asa-innovation.com\/de\/wp-json\/wp\/v2\/pages\/2164\/revisions"}],"predecessor-version":[{"id":15232,"href":"https:\/\/www.asa-innovation.com\/de\/wp-json\/wp\/v2\/pages\/2164\/revisions\/15232"}],"up":[{"embeddable":true,"href":"https:\/\/www.asa-innovation.com\/de\/wp-json\/wp\/v2\/pages\/12065"}],"wp:attachment":[{"href":"https:\/\/www.asa-innovation.com\/de\/wp-json\/wp\/v2\/media?parent=2164"}],"curies":[{"name":"wp","href":"https:\/\/api.w.org\/{rel}","templated":true}]}}