{"id":2167,"date":"2018-07-12T12:04:40","date_gmt":"2018-07-12T10:04:40","guid":{"rendered":"http:\/\/www.rubikon-web16.at\/asa-group\/?page_id=2167"},"modified":"2023-07-31T11:58:22","modified_gmt":"2023-07-31T09:58:22","slug":"w-linie-korrosionsschutz","status":"publish","type":"page","link":"https:\/\/www.asa-innovation.com\/de\/thermal-systems-fuer-oel-luft-wasser-elektronik-kuehler\/oel-luft-kuehler\/spezial-bereiche\/w-linie-korrosionsschutz\/","title":{"rendered":"W-Linie, Korrosion-Schutzprogramm"},"content":{"rendered":"<p id=\"tw-target-text\" class=\"tw-data-text tw-ta tw-text-small\" dir=\"ltr\" data-placeholder=\"\u00dcbersetzung\"><span style=\"font-family: verdana, geneva, sans-serif;\">Die Produkte der W-Line Serie sind f\u00fcr den Einsatz in extrem aggressiven Umgebungsbedingungen ausgelegt, wie zum Beispiel im Offshore Bereich, Schiffsbau und auch Anwendungen in K\u00fcstenn\u00e4he. Mit 40 Jahren Erfahrung in den Bereichen W\u00e4rmemanagement und Verbindungstechnik konnte sich asa in eine F\u00fchrungsrolle als Technologiepartner entwickeln. Dadurch bieten wir attraktive Preismodelle bei gleichzeitig hohen Produktleistungen \u00fcber die Anwendungsdauer und hohe Zuverl\u00e4ssigkeit. <\/span><\/p>\n","protected":false},"excerpt":{"rendered":"<p>Die Produkte der W-Line Serie sind f\u00fcr den Einsatz in extrem aggressiven Umgebungsbedingungen ausgelegt, wie zum Beispiel im Offshore Bereich, Schiffsbau und auch Anwendungen in K\u00fcstenn\u00e4he. Mit 40 Jahren Erfahrung in den Bereichen W\u00e4rmemanagement und Verbindungstechnik konnte sich asa in eine F\u00fchrungsrolle als Technologiepartner entwickeln. Dadurch bieten wir attraktive Preismodelle bei gleichzeitig hohen Produktleistungen \u00fcber [&hellip;]<\/p>\n","protected":false},"author":2,"featured_media":0,"parent":2161,"menu_order":2,"comment_status":"closed","ping_status":"closed","template":"","meta":{"_expiration-date-status":"","_expiration-date":1691402219,"_expiration-date-type":"draft","_expiration-date-categories":[],"_expiration-date-options":[]},"acf":[],"_links":{"self":[{"href":"https:\/\/www.asa-innovation.com\/de\/wp-json\/wp\/v2\/pages\/2167"}],"collection":[{"href":"https:\/\/www.asa-innovation.com\/de\/wp-json\/wp\/v2\/pages"}],"about":[{"href":"https:\/\/www.asa-innovation.com\/de\/wp-json\/wp\/v2\/types\/page"}],"author":[{"embeddable":true,"href":"https:\/\/www.asa-innovation.com\/de\/wp-json\/wp\/v2\/users\/2"}],"replies":[{"embeddable":true,"href":"https:\/\/www.asa-innovation.com\/de\/wp-json\/wp\/v2\/comments?post=2167"}],"version-history":[{"count":8,"href":"https:\/\/www.asa-innovation.com\/de\/wp-json\/wp\/v2\/pages\/2167\/revisions"}],"predecessor-version":[{"id":15307,"href":"https:\/\/www.asa-innovation.com\/de\/wp-json\/wp\/v2\/pages\/2167\/revisions\/15307"}],"up":[{"embeddable":true,"href":"https:\/\/www.asa-innovation.com\/de\/wp-json\/wp\/v2\/pages\/2161"}],"wp:attachment":[{"href":"https:\/\/www.asa-innovation.com\/de\/wp-json\/wp\/v2\/media?parent=2167"}],"curies":[{"name":"wp","href":"https:\/\/api.w.org\/{rel}","templated":true}]}}