{"id":2169,"date":"2018-07-12T12:00:58","date_gmt":"2018-07-12T10:00:58","guid":{"rendered":"http:\/\/www.rubikon-web16.at\/asa-group\/?page_id=2169"},"modified":"2019-08-21T09:08:30","modified_gmt":"2019-08-21T07:08:30","slug":"atex-serie-explosionsgeschuetzt","status":"publish","type":"page","link":"https:\/\/www.asa-innovation.com\/de\/thermal-systems-fuer-oel-luft-wasser-elektronik-kuehler\/oel-luft-kuehler\/spezial-bereiche\/atex-serie-explosionsgeschuetzt\/","title":{"rendered":"ATEX-Serie, Explosionsschutz"},"content":{"rendered":"<p id=\"tw-target-text\" class=\"tw-data-text tw-ta tw-text-small\" dir=\"ltr\" data-placeholder=\"\u00dcbersetzung\"><span style=\"font-family: verdana, geneva, sans-serif;\">Unsere Auswahl an \u00d6lluftk\u00fchlern ist erh\u00e4ltlich f\u00fcr die ATEX Zonen 1, 2 und 22, welche den Kategorien 2G und 3 entsprechen. <\/span><\/p>\n","protected":false},"excerpt":{"rendered":"<p>Unsere Auswahl an \u00d6lluftk\u00fchlern ist erh\u00e4ltlich f\u00fcr die ATEX Zonen 1, 2 und 22, welche den Kategorien 2G und 3 entsprechen.<\/p>\n","protected":false},"author":2,"featured_media":0,"parent":2161,"menu_order":1,"comment_status":"closed","ping_status":"closed","template":"","meta":{"_expiration-date-status":"saved","_expiration-date":0,"_expiration-date-type":"","_expiration-date-categories":[],"_expiration-date-options":[]},"acf":[],"_links":{"self":[{"href":"https:\/\/www.asa-innovation.com\/de\/wp-json\/wp\/v2\/pages\/2169"}],"collection":[{"href":"https:\/\/www.asa-innovation.com\/de\/wp-json\/wp\/v2\/pages"}],"about":[{"href":"https:\/\/www.asa-innovation.com\/de\/wp-json\/wp\/v2\/types\/page"}],"author":[{"embeddable":true,"href":"https:\/\/www.asa-innovation.com\/de\/wp-json\/wp\/v2\/users\/2"}],"replies":[{"embeddable":true,"href":"https:\/\/www.asa-innovation.com\/de\/wp-json\/wp\/v2\/comments?post=2169"}],"version-history":[{"count":9,"href":"https:\/\/www.asa-innovation.com\/de\/wp-json\/wp\/v2\/pages\/2169\/revisions"}],"predecessor-version":[{"id":4011,"href":"https:\/\/www.asa-innovation.com\/de\/wp-json\/wp\/v2\/pages\/2169\/revisions\/4011"}],"up":[{"embeddable":true,"href":"https:\/\/www.asa-innovation.com\/de\/wp-json\/wp\/v2\/pages\/2161"}],"wp:attachment":[{"href":"https:\/\/www.asa-innovation.com\/de\/wp-json\/wp\/v2\/media?parent=2169"}],"curies":[{"name":"wp","href":"https:\/\/api.w.org\/{rel}","templated":true}]}}