{"id":2171,"date":"2018-07-12T12:02:35","date_gmt":"2018-07-12T10:02:35","guid":{"rendered":"http:\/\/www.rubikon-web16.at\/asa-group\/?page_id=2171"},"modified":"2019-07-31T09:55:15","modified_gmt":"2019-07-31T07:55:15","slug":"mc-serie-motorkuehlung","status":"publish","type":"page","link":"https:\/\/www.asa-innovation.com\/de\/thermal-systems-fuer-oel-luft-wasser-elektronik-kuehler\/oel-wasser-luft-kuehler\/mc-serie-motorkuehlung\/","title":{"rendered":"MC-Serie, Motork\u00fchlpakete"},"content":{"rendered":"<p><span style=\"font-family: verdana, geneva, sans-serif;\">Mit den Anwenderdaten hinsichtlich L\u00fcfterdaten, Umgebungsbedingungen und Lieferumfang k\u00f6nnen wir individuelle K\u00fchlpakete auslegen, auf unseren hauseigenen Pr\u00fcfanlagen verifizieren und in jedem unserer Fertigungszentren bauen und liefern. <\/span><\/p>\n","protected":false},"excerpt":{"rendered":"<p>Mit den Anwenderdaten hinsichtlich L\u00fcfterdaten, Umgebungsbedingungen und Lieferumfang k\u00f6nnen wir individuelle K\u00fchlpakete auslegen, auf unseren hauseigenen Pr\u00fcfanlagen verifizieren und in jedem unserer Fertigungszentren bauen und liefern.<\/p>\n","protected":false},"author":2,"featured_media":0,"parent":12078,"menu_order":4,"comment_status":"closed","ping_status":"closed","template":"","meta":{"_expiration-date-status":"saved","_expiration-date":0,"_expiration-date-type":"","_expiration-date-categories":[],"_expiration-date-options":[]},"acf":[],"_links":{"self":[{"href":"https:\/\/www.asa-innovation.com\/de\/wp-json\/wp\/v2\/pages\/2171"}],"collection":[{"href":"https:\/\/www.asa-innovation.com\/de\/wp-json\/wp\/v2\/pages"}],"about":[{"href":"https:\/\/www.asa-innovation.com\/de\/wp-json\/wp\/v2\/types\/page"}],"author":[{"embeddable":true,"href":"https:\/\/www.asa-innovation.com\/de\/wp-json\/wp\/v2\/users\/2"}],"replies":[{"embeddable":true,"href":"https:\/\/www.asa-innovation.com\/de\/wp-json\/wp\/v2\/comments?post=2171"}],"version-history":[{"count":6,"href":"https:\/\/www.asa-innovation.com\/de\/wp-json\/wp\/v2\/pages\/2171\/revisions"}],"predecessor-version":[{"id":3605,"href":"https:\/\/www.asa-innovation.com\/de\/wp-json\/wp\/v2\/pages\/2171\/revisions\/3605"}],"up":[{"embeddable":true,"href":"https:\/\/www.asa-innovation.com\/de\/wp-json\/wp\/v2\/pages\/12078"}],"wp:attachment":[{"href":"https:\/\/www.asa-innovation.com\/de\/wp-json\/wp\/v2\/media?parent=2171"}],"curies":[{"name":"wp","href":"https:\/\/api.w.org\/{rel}","templated":true}]}}