{"id":2173,"date":"2018-07-12T12:35:58","date_gmt":"2018-07-12T10:35:58","guid":{"rendered":"http:\/\/www.rubikon-web16.at\/asa-group\/?page_id=2173"},"modified":"2019-07-31T09:58:45","modified_gmt":"2019-07-31T07:58:45","slug":"as-serie-ac-kuehlerbox","status":"publish","type":"page","link":"https:\/\/www.asa-innovation.com\/de\/thermal-systems-fuer-oel-luft-wasser-elektronik-kuehler\/oel-luft-kuehler\/spezial-bereiche\/as-serie-ac-kuehlerbox\/","title":{"rendered":"AS-Serie, AC K\u00fchlstation"},"content":{"rendered":"<p id=\"tw-target-text\" class=\"tw-data-text tw-ta tw-text-small\" dir=\"ltr\" data-placeholder=\"\u00dcbersetzung\"><span style=\"font-family: verdana, geneva, sans-serif;\">Die Typen der AS Serie sind universell einsetzbare K\u00fchlstationen. Das \u00abblack box\u00bb Design mit den kompakten Au\u00dfenabmessungen, der verbesserte Luftstrom und das einstellbare Thermostat sind ein rundes Gesamtkonzept und vielseitig anwendbar. Der kompakte AC L\u00fcfterantrieb wurde mit h\u00f6chsten Anspr\u00fcchen hinsichtlich Luftdurchsatz entwickelt und in unseren asa Pr\u00fcfeinrichtungen verifiziert.<\/span><\/p>\n","protected":false},"excerpt":{"rendered":"<p>Die Typen der AS Serie sind universell einsetzbare K\u00fchlstationen. Das \u00abblack box\u00bb Design mit den kompakten Au\u00dfenabmessungen, der verbesserte Luftstrom und das einstellbare Thermostat sind ein rundes Gesamtkonzept und vielseitig anwendbar. Der kompakte AC L\u00fcfterantrieb wurde mit h\u00f6chsten Anspr\u00fcchen hinsichtlich Luftdurchsatz entwickelt und in unseren asa Pr\u00fcfeinrichtungen verifiziert.<\/p>\n","protected":false},"author":2,"featured_media":0,"parent":2161,"menu_order":5,"comment_status":"closed","ping_status":"closed","template":"","meta":{"_expiration-date-status":"saved","_expiration-date":0,"_expiration-date-type":"","_expiration-date-categories":[],"_expiration-date-options":[]},"acf":[],"_links":{"self":[{"href":"https:\/\/www.asa-innovation.com\/de\/wp-json\/wp\/v2\/pages\/2173"}],"collection":[{"href":"https:\/\/www.asa-innovation.com\/de\/wp-json\/wp\/v2\/pages"}],"about":[{"href":"https:\/\/www.asa-innovation.com\/de\/wp-json\/wp\/v2\/types\/page"}],"author":[{"embeddable":true,"href":"https:\/\/www.asa-innovation.com\/de\/wp-json\/wp\/v2\/users\/2"}],"replies":[{"embeddable":true,"href":"https:\/\/www.asa-innovation.com\/de\/wp-json\/wp\/v2\/comments?post=2173"}],"version-history":[{"count":5,"href":"https:\/\/www.asa-innovation.com\/de\/wp-json\/wp\/v2\/pages\/2173\/revisions"}],"predecessor-version":[{"id":3607,"href":"https:\/\/www.asa-innovation.com\/de\/wp-json\/wp\/v2\/pages\/2173\/revisions\/3607"}],"up":[{"embeddable":true,"href":"https:\/\/www.asa-innovation.com\/de\/wp-json\/wp\/v2\/pages\/2161"}],"wp:attachment":[{"href":"https:\/\/www.asa-innovation.com\/de\/wp-json\/wp\/v2\/media?parent=2173"}],"curies":[{"name":"wp","href":"https:\/\/api.w.org\/{rel}","templated":true}]}}