{"id":2175,"date":"2018-07-12T12:37:25","date_gmt":"2018-07-12T10:37:25","guid":{"rendered":"http:\/\/www.rubikon-web16.at\/asa-group\/?page_id=2175"},"modified":"2026-01-15T11:24:06","modified_gmt":"2026-01-15T10:24:06","slug":"e-serie-plattenwaermetauscher","status":"publish","type":"page","link":"https:\/\/www.asa-innovation.com\/de\/thermal-systems-fuer-oel-luft-wasser-elektronik-kuehler\/oel-wasser-kuehler\/e-serie-plattenwaermetauscher\/","title":{"rendered":"B-Line \/ Plattenw\u00e4rmetauscher"},"content":{"rendered":"<p id=\"tw-target-text\" class=\"tw-data-text tw-ta tw-text-small\" dir=\"ltr\" data-placeholder=\"\u00dcbersetzung\"><span style=\"font-family: verdana, geneva, sans-serif;\">Die Platten der W\u00e4rmetauscher bestehen aus Edelstahl. Sie sind profiliert, teils um optimale W\u00e4rme\u00fcbertragung zu erreichen und teils um die Kan\u00e4le zu verbinden, in welchen \u00d6l bzw. Wasser gef\u00fchrt wird. Das Plattenpaket hat auf jeder Seite eine Deckplatte. Der ganze W\u00e4rmetauscher ist an den Au\u00dfenkanten und an den inneren Ber\u00fchrungspunkten mit Kupferlot zusammengel\u00f6tet. <\/span><\/p>\n","protected":false},"excerpt":{"rendered":"<p>Die Platten der W\u00e4rmetauscher bestehen aus Edelstahl. Sie sind profiliert, teils um optimale W\u00e4rme\u00fcbertragung zu erreichen und teils um die Kan\u00e4le zu verbinden, in welchen \u00d6l bzw. Wasser gef\u00fchrt wird. Das Plattenpaket hat auf jeder Seite eine Deckplatte. Der ganze W\u00e4rmetauscher ist an den Au\u00dfenkanten und an den inneren Ber\u00fchrungspunkten mit Kupferlot zusammengel\u00f6tet.<\/p>\n","protected":false},"author":2,"featured_media":0,"parent":12044,"menu_order":2,"comment_status":"closed","ping_status":"closed","template":"","meta":{"_expiration-date-status":"","_expiration-date":0,"_expiration-date-type":"","_expiration-date-categories":[],"_expiration-date-options":[]},"acf":[],"_links":{"self":[{"href":"https:\/\/www.asa-innovation.com\/de\/wp-json\/wp\/v2\/pages\/2175"}],"collection":[{"href":"https:\/\/www.asa-innovation.com\/de\/wp-json\/wp\/v2\/pages"}],"about":[{"href":"https:\/\/www.asa-innovation.com\/de\/wp-json\/wp\/v2\/types\/page"}],"author":[{"embeddable":true,"href":"https:\/\/www.asa-innovation.com\/de\/wp-json\/wp\/v2\/users\/2"}],"replies":[{"embeddable":true,"href":"https:\/\/www.asa-innovation.com\/de\/wp-json\/wp\/v2\/comments?post=2175"}],"version-history":[{"count":14,"href":"https:\/\/www.asa-innovation.com\/de\/wp-json\/wp\/v2\/pages\/2175\/revisions"}],"predecessor-version":[{"id":37019,"href":"https:\/\/www.asa-innovation.com\/de\/wp-json\/wp\/v2\/pages\/2175\/revisions\/37019"}],"up":[{"embeddable":true,"href":"https:\/\/www.asa-innovation.com\/de\/wp-json\/wp\/v2\/pages\/12044"}],"wp:attachment":[{"href":"https:\/\/www.asa-innovation.com\/de\/wp-json\/wp\/v2\/media?parent=2175"}],"curies":[{"name":"wp","href":"https:\/\/api.w.org\/{rel}","templated":true}]}}