{"id":2187,"date":"2018-07-18T07:42:36","date_gmt":"2018-07-18T05:42:36","guid":{"rendered":"http:\/\/www.rubikon-web16.at\/asa-group\/?page_id=2187"},"modified":"2025-10-30T12:57:45","modified_gmt":"2025-10-30T11:57:45","slug":"h-bereiche","status":"publish","type":"page","link":"https:\/\/www.asa-innovation.com\/de\/thermal-systems-fuer-oel-luft-wasser-elektronik-kuehler\/oel-luft-kuehler\/h-bereiche\/","title":{"rendered":"Tank-Filter-K\u00fchler Range"},"content":{"rendered":"<p><span style=\"font-family: verdana, geneva, sans-serif;\">Entdecken Sie den kundenspezifischen Standard! Bei unserer H-Range steht H f\u00fcr Hydraulik und bietet nach unserer Designphilosophie PWC (Plug in. Work. Control.) clevere L\u00f6sungen, die messbare Einsparungen von Kosten und Bauraum, vor allem durch die Zusammenfassung und Vereinfachung mehrerer Funktionen in ein Paket erzielen. Dies wird durch unsere patentierte Anbindung umgesetzt, die sich \u00fcber die Funktionen hinaus auf eine oder mehrere Anschl\u00fcsse zur K\u00fchlstation definiert. <\/span><\/p>\n<p><span style=\"font-size: 14pt;\"><strong><span style=\"font-family: verdana, geneva, sans-serif; color: #00a7e3;\"><a style=\"color: #00a7e3;\" href=\"http:\/\/www.asa-innovation.com\/wp-content\/uploads\/2018\/07\/ASA-H-Ranges.pdf\" target=\"_blank\" rel=\"noopener noreferrer\">Katalog zum herunterladen<\/a><\/span><\/strong><\/span><\/p>\n","protected":false},"excerpt":{"rendered":"<p>Entdecken Sie den kundenspezifischen Standard! Bei unserer H-Range steht H f\u00fcr Hydraulik und bietet nach unserer Designphilosophie PWC (Plug in. Work. Control.) clevere L\u00f6sungen, die messbare Einsparungen von Kosten und Bauraum, vor allem durch die Zusammenfassung und Vereinfachung mehrerer Funktionen in ein Paket erzielen. Dies wird durch unsere patentierte Anbindung umgesetzt, die sich \u00fcber die [&hellip;]<\/p>\n","protected":false},"author":2,"featured_media":0,"parent":12026,"menu_order":2,"comment_status":"closed","ping_status":"closed","template":"","meta":{"_expiration-date-status":"","_expiration-date":0,"_expiration-date-type":"","_expiration-date-categories":[],"_expiration-date-options":[]},"acf":[],"_links":{"self":[{"href":"https:\/\/www.asa-innovation.com\/de\/wp-json\/wp\/v2\/pages\/2187"}],"collection":[{"href":"https:\/\/www.asa-innovation.com\/de\/wp-json\/wp\/v2\/pages"}],"about":[{"href":"https:\/\/www.asa-innovation.com\/de\/wp-json\/wp\/v2\/types\/page"}],"author":[{"embeddable":true,"href":"https:\/\/www.asa-innovation.com\/de\/wp-json\/wp\/v2\/users\/2"}],"replies":[{"embeddable":true,"href":"https:\/\/www.asa-innovation.com\/de\/wp-json\/wp\/v2\/comments?post=2187"}],"version-history":[{"count":23,"href":"https:\/\/www.asa-innovation.com\/de\/wp-json\/wp\/v2\/pages\/2187\/revisions"}],"predecessor-version":[{"id":36775,"href":"https:\/\/www.asa-innovation.com\/de\/wp-json\/wp\/v2\/pages\/2187\/revisions\/36775"}],"up":[{"embeddable":true,"href":"https:\/\/www.asa-innovation.com\/de\/wp-json\/wp\/v2\/pages\/12026"}],"wp:attachment":[{"href":"https:\/\/www.asa-innovation.com\/de\/wp-json\/wp\/v2\/media?parent=2187"}],"curies":[{"name":"wp","href":"https:\/\/api.w.org\/{rel}","templated":true}]}}