{"id":2206,"date":"2018-07-18T07:44:20","date_gmt":"2018-07-18T05:44:20","guid":{"rendered":"http:\/\/www.rubikon-web16.at\/asa-group\/?page_id=2206"},"modified":"2025-11-04T11:11:40","modified_gmt":"2025-11-04T10:11:40","slug":"h-cube-tankfilterkuehler-module","status":"publish","type":"page","link":"https:\/\/www.asa-innovation.com\/de\/thermal-systems-fuer-oel-luft-wasser-elektronik-kuehler\/oel-luft-kuehler\/h-bereiche\/h-cube-tankfilterkuehler-module\/","title":{"rendered":"H-Cube, Tank-Filter-K\u00fchler Modul"},"content":{"rendered":"<p><span style=\"font-family: verdana, geneva, sans-serif;\">Der H-Cube ist ein modulares System bei dem 3 Tankgr\u00f6\u00dfen mit 4 K\u00fchlergr\u00f6\u00dfen, verschiedenen L\u00fcfterantrieben und Filterm\u00f6glichkeiten kombiniert werden. W\u00e4hlen Sie aus den vielen M\u00f6glichkeiten und konfigurieren Sie sich Ihren perfekten H-Cube. Das Paket kann als \u201eBasic\u201c Variante mit kleinen Ausgleichstank arbeiten, oder auch als \u201eTanker Truck\u201c mit einem Steuerblock direkt in die Druckseite eines Antriebssystems eingreifen. <\/span><\/p>\n","protected":false},"excerpt":{"rendered":"<p>Der H-Cube ist ein modulares System bei dem 3 Tankgr\u00f6\u00dfen mit 4 K\u00fchlergr\u00f6\u00dfen, verschiedenen L\u00fcfterantrieben und Filterm\u00f6glichkeiten kombiniert werden. W\u00e4hlen Sie aus den vielen M\u00f6glichkeiten und konfigurieren Sie sich Ihren perfekten H-Cube. Das Paket kann als \u201eBasic\u201c Variante mit kleinen Ausgleichstank arbeiten, oder auch als \u201eTanker Truck\u201c mit einem Steuerblock direkt in die Druckseite eines [&hellip;]<\/p>\n","protected":false},"author":2,"featured_media":0,"parent":2187,"menu_order":1,"comment_status":"closed","ping_status":"closed","template":"","meta":{"_expiration-date-status":"","_expiration-date":0,"_expiration-date-type":"","_expiration-date-categories":[],"_expiration-date-options":[]},"acf":[],"_links":{"self":[{"href":"https:\/\/www.asa-innovation.com\/de\/wp-json\/wp\/v2\/pages\/2206"}],"collection":[{"href":"https:\/\/www.asa-innovation.com\/de\/wp-json\/wp\/v2\/pages"}],"about":[{"href":"https:\/\/www.asa-innovation.com\/de\/wp-json\/wp\/v2\/types\/page"}],"author":[{"embeddable":true,"href":"https:\/\/www.asa-innovation.com\/de\/wp-json\/wp\/v2\/users\/2"}],"replies":[{"embeddable":true,"href":"https:\/\/www.asa-innovation.com\/de\/wp-json\/wp\/v2\/comments?post=2206"}],"version-history":[{"count":9,"href":"https:\/\/www.asa-innovation.com\/de\/wp-json\/wp\/v2\/pages\/2206\/revisions"}],"predecessor-version":[{"id":36838,"href":"https:\/\/www.asa-innovation.com\/de\/wp-json\/wp\/v2\/pages\/2206\/revisions\/36838"}],"up":[{"embeddable":true,"href":"https:\/\/www.asa-innovation.com\/de\/wp-json\/wp\/v2\/pages\/2187"}],"wp:attachment":[{"href":"https:\/\/www.asa-innovation.com\/de\/wp-json\/wp\/v2\/media?parent=2206"}],"curies":[{"name":"wp","href":"https:\/\/api.w.org\/{rel}","templated":true}]}}