{"id":2209,"date":"2018-07-18T07:44:45","date_gmt":"2018-07-18T05:44:45","guid":{"rendered":"http:\/\/www.rubikon-web16.at\/asa-group\/?page_id=2209"},"modified":"2023-05-02T12:52:46","modified_gmt":"2023-05-02T10:52:46","slug":"h-set-integrierter-filter","status":"publish","type":"page","link":"https:\/\/www.asa-innovation.com\/de\/thermal-systems-fuer-oel-luft-wasser-elektronik-kuehler\/oel-luft-kuehler\/h-bereiche\/h-set-integrierter-filter\/","title":{"rendered":"H-Set, Filteranbindungen"},"content":{"rendered":"<p><span style=\"font-family: verdana, geneva, sans-serif;\">Das H-Set System ist eine Option f\u00fcr das asa Rail System der Standard-\u00d6lluftk\u00fchlerserien. Zu Zeit sind 2 Gr\u00f6\u00dfen erh\u00e4ltlich und bieten somit eine extrem kompakte Anbindung von Spin On Filtern an den K\u00fchler. Das spart Kosten und Bauraum. Dar\u00fcber hinaus werden auch Dichtstellen reduziert und bieten einen Mehrwert f\u00fcr das Endprodukt. <\/span><\/p>\n","protected":false},"excerpt":{"rendered":"<p>Das H-Set System ist eine Option f\u00fcr das asa Rail System der Standard-\u00d6lluftk\u00fchlerserien. Zu Zeit sind 2 Gr\u00f6\u00dfen erh\u00e4ltlich und bieten somit eine extrem kompakte Anbindung von Spin On Filtern an den K\u00fchler. Das spart Kosten und Bauraum. Dar\u00fcber hinaus werden auch Dichtstellen reduziert und bieten einen Mehrwert f\u00fcr das Endprodukt.<\/p>\n","protected":false},"author":2,"featured_media":0,"parent":2187,"menu_order":4,"comment_status":"closed","ping_status":"closed","template":"","meta":{"_expiration-date-status":"","_expiration-date":1683629550,"_expiration-date-type":"draft","_expiration-date-categories":[],"_expiration-date-options":[]},"acf":[],"_links":{"self":[{"href":"https:\/\/www.asa-innovation.com\/de\/wp-json\/wp\/v2\/pages\/2209"}],"collection":[{"href":"https:\/\/www.asa-innovation.com\/de\/wp-json\/wp\/v2\/pages"}],"about":[{"href":"https:\/\/www.asa-innovation.com\/de\/wp-json\/wp\/v2\/types\/page"}],"author":[{"embeddable":true,"href":"https:\/\/www.asa-innovation.com\/de\/wp-json\/wp\/v2\/users\/2"}],"replies":[{"embeddable":true,"href":"https:\/\/www.asa-innovation.com\/de\/wp-json\/wp\/v2\/comments?post=2209"}],"version-history":[{"count":7,"href":"https:\/\/www.asa-innovation.com\/de\/wp-json\/wp\/v2\/pages\/2209\/revisions"}],"predecessor-version":[{"id":14628,"href":"https:\/\/www.asa-innovation.com\/de\/wp-json\/wp\/v2\/pages\/2209\/revisions\/14628"}],"up":[{"embeddable":true,"href":"https:\/\/www.asa-innovation.com\/de\/wp-json\/wp\/v2\/pages\/2187"}],"wp:attachment":[{"href":"https:\/\/www.asa-innovation.com\/de\/wp-json\/wp\/v2\/media?parent=2209"}],"curies":[{"name":"wp","href":"https:\/\/api.w.org\/{rel}","templated":true}]}}