{"id":2212,"date":"2018-07-18T07:43:57","date_gmt":"2018-07-18T05:43:57","guid":{"rendered":"http:\/\/www.rubikon-web16.at\/asa-group\/?page_id=2212"},"modified":"2019-07-31T10:15:13","modified_gmt":"2019-07-31T08:15:13","slug":"h-protect-schutzgehaeuse","status":"publish","type":"page","link":"https:\/\/www.asa-innovation.com\/de\/thermal-systems-fuer-oel-luft-wasser-elektronik-kuehler\/oel-luft-kuehler\/spezial-bereiche\/h-protect-schutzgehaeuse\/","title":{"rendered":"H-Protect, Mobilhydraulikk\u00fchler mit Schutzgeh\u00e4use"},"content":{"rendered":"<p id=\"tw-target-text\" class=\"tw-data-text tw-ta tw-text-small\" dir=\"ltr\" data-placeholder=\"\u00dcbersetzung\"><span style=\"font-family: verdana, geneva, sans-serif;\">Die H-Protect Serie (fr\u00fcher GT Serie) ist ein fertig vormontiertes K\u00fchlpaket, speziell f\u00fcr die Mobilhydraulik, inkl. \u00d6lk\u00fchler, DC L\u00fcfter, Steuerung und Schutzgeh\u00e4use mit Schwingungsd\u00e4mpfern. Das Paket ist mit den Standardk\u00fchlergr\u00f6\u00dfen TT 07, 11 und 16 erh\u00e4ltlich.<\/span><\/p>\n","protected":false},"excerpt":{"rendered":"<p>Die H-Protect Serie (fr\u00fcher GT Serie) ist ein fertig vormontiertes K\u00fchlpaket, speziell f\u00fcr die Mobilhydraulik, inkl. \u00d6lk\u00fchler, DC L\u00fcfter, Steuerung und Schutzgeh\u00e4use mit Schwingungsd\u00e4mpfern. Das Paket ist mit den Standardk\u00fchlergr\u00f6\u00dfen TT 07, 11 und 16 erh\u00e4ltlich.<\/p>\n","protected":false},"author":2,"featured_media":0,"parent":2161,"menu_order":4,"comment_status":"closed","ping_status":"closed","template":"","meta":{"_expiration-date-status":"saved","_expiration-date":0,"_expiration-date-type":"","_expiration-date-categories":[],"_expiration-date-options":[]},"acf":[],"_links":{"self":[{"href":"https:\/\/www.asa-innovation.com\/de\/wp-json\/wp\/v2\/pages\/2212"}],"collection":[{"href":"https:\/\/www.asa-innovation.com\/de\/wp-json\/wp\/v2\/pages"}],"about":[{"href":"https:\/\/www.asa-innovation.com\/de\/wp-json\/wp\/v2\/types\/page"}],"author":[{"embeddable":true,"href":"https:\/\/www.asa-innovation.com\/de\/wp-json\/wp\/v2\/users\/2"}],"replies":[{"embeddable":true,"href":"https:\/\/www.asa-innovation.com\/de\/wp-json\/wp\/v2\/comments?post=2212"}],"version-history":[{"count":4,"href":"https:\/\/www.asa-innovation.com\/de\/wp-json\/wp\/v2\/pages\/2212\/revisions"}],"predecessor-version":[{"id":3612,"href":"https:\/\/www.asa-innovation.com\/de\/wp-json\/wp\/v2\/pages\/2212\/revisions\/3612"}],"up":[{"embeddable":true,"href":"https:\/\/www.asa-innovation.com\/de\/wp-json\/wp\/v2\/pages\/2161"}],"wp:attachment":[{"href":"https:\/\/www.asa-innovation.com\/de\/wp-json\/wp\/v2\/media?parent=2212"}],"curies":[{"name":"wp","href":"https:\/\/api.w.org\/{rel}","templated":true}]}}