{"id":2216,"date":"2018-07-18T08:00:18","date_gmt":"2018-07-18T06:00:18","guid":{"rendered":"http:\/\/www.rubikon-web16.at\/asa-group\/?page_id=2216"},"modified":"2024-11-20T07:44:48","modified_gmt":"2024-11-20T06:44:48","slug":"e-loop-bereiche","status":"publish","type":"page","link":"https:\/\/www.asa-innovation.com\/de\/thermal-systems-fuer-oel-luft-wasser-elektronik-kuehler\/e-loop-bereiche\/","title":{"rendered":"ECO-Plus W\u00e4rmetauscher"},"content":{"rendered":"<p id=\"tw-target-text\" class=\"tw-data-text tw-ta tw-text-small\" dir=\"ltr\" style=\"text-align: justify;\" data-placeholder=\"\u00dcbersetzung\"><span style=\"font-family: verdana, geneva, sans-serif;\">E-loop Produkte bieten verschiedene Technologien und L\u00f6sungen f\u00fcr den wachsenden Markt des W\u00e4rmemanagements bei Elektroantrieben und Batterien. Wir bieten komplette K\u00fchlsysteme f\u00fcr die Sparten mobile E-Antriebe, Automatisierung und Prozesstechnologie. Unsere Produkte sind optimiert um Pump- und K\u00fchlkreise von Batterien, Elektromotoren und Leistungselektronik in dem jeweilig optimalen Temperaturfenster zu betreiben. Unsere bew\u00e4hrten Systeme sind f\u00fcr den Betrieb mit Wasser\/Glykol und f\u00fcr Transformator\u00f6l bestens geeignet.<\/span><\/p>\n<p dir=\"ltr\" data-placeholder=\"\u00dcbersetzung\"><a href=\"http:\/\/www.asa-innovation.com\/wp-content\/uploads\/2022\/07\/DP-asa-products-for-electric-vehicles-e-loop-range-en-rev6.pdf\"><img decoding=\"async\" loading=\"lazy\" class=\"alignnone wp-image-9426\" src=\"http:\/\/www.asa-innovation.com\/wp-content\/uploads\/2020\/02\/Download-150x150.jpg\" alt=\"\" width=\"48\" height=\"48\"><\/a><a href=\"http:\/\/www.asa-innovation.com\/wp-content\/uploads\/2022\/07\/DP-asa-products-for-electric-vehicles-e-loop-range-en-rev6.pdf\" target=\"_blank\" rel=\"noopener\">\u00dcberblick \u00fcber unser Produkte und Anwendungen<\/a><\/p>\n\n","protected":false},"excerpt":{"rendered":"<p>E-loop Produkte bieten verschiedene Technologien und L\u00f6sungen f\u00fcr den wachsenden Markt des W\u00e4rmemanagements bei Elektroantrieben und Batterien. Wir bieten komplette K\u00fchlsysteme f\u00fcr die Sparten mobile E-Antriebe, Automatisierung und Prozesstechnologie. Unsere Produkte sind optimiert um Pump- und K\u00fchlkreise von Batterien, Elektromotoren und Leistungselektronik in dem jeweilig optimalen Temperaturfenster zu betreiben. Unsere bew\u00e4hrten Systeme sind f\u00fcr den [&hellip;]<\/p>\n","protected":false},"author":2,"featured_media":0,"parent":2035,"menu_order":5,"comment_status":"closed","ping_status":"closed","template":"","meta":{"_expiration-date-status":"","_expiration-date":0,"_expiration-date-type":"","_expiration-date-categories":[],"_expiration-date-options":[]},"acf":[],"_links":{"self":[{"href":"https:\/\/www.asa-innovation.com\/de\/wp-json\/wp\/v2\/pages\/2216"}],"collection":[{"href":"https:\/\/www.asa-innovation.com\/de\/wp-json\/wp\/v2\/pages"}],"about":[{"href":"https:\/\/www.asa-innovation.com\/de\/wp-json\/wp\/v2\/types\/page"}],"author":[{"embeddable":true,"href":"https:\/\/www.asa-innovation.com\/de\/wp-json\/wp\/v2\/users\/2"}],"replies":[{"embeddable":true,"href":"https:\/\/www.asa-innovation.com\/de\/wp-json\/wp\/v2\/comments?post=2216"}],"version-history":[{"count":20,"href":"https:\/\/www.asa-innovation.com\/de\/wp-json\/wp\/v2\/pages\/2216\/revisions"}],"predecessor-version":[{"id":19482,"href":"https:\/\/www.asa-innovation.com\/de\/wp-json\/wp\/v2\/pages\/2216\/revisions\/19482"}],"up":[{"embeddable":true,"href":"https:\/\/www.asa-innovation.com\/de\/wp-json\/wp\/v2\/pages\/2035"}],"wp:attachment":[{"href":"https:\/\/www.asa-innovation.com\/de\/wp-json\/wp\/v2\/media?parent=2216"}],"curies":[{"name":"wp","href":"https:\/\/api.w.org\/{rel}","templated":true}]}}