{"id":2221,"date":"2018-07-17T09:35:08","date_gmt":"2018-07-17T07:35:08","guid":{"rendered":"http:\/\/www.rubikon-web16.at\/asa-group\/?page_id=2221"},"modified":"2025-04-02T12:35:04","modified_gmt":"2025-04-02T10:35:04","slug":"schwingungsdaempfer-technologie","status":"publish","type":"page","link":"https:\/\/www.asa-innovation.com\/de\/verbindungstechnik\/schwingungsdaempfer-technologie\/","title":{"rendered":"Schwingungsd\u00e4mpfer Technologie"},"content":{"rendered":"<p><span style=\"font-family: verdana, geneva, sans-serif;\">Die asa Schwingungsd\u00e4mpfer sind Gummi\/Metallverbindungen die Belastungen aufnehmen k\u00f6nnen und somit Vibrationen reduzieren und die Lebensdauer der zu sch\u00fctzenden Komponenten erh\u00f6hen. Das einzigartige und patentierte Design kann bis zu drei Mal mehr Scherkr\u00e4fte als herk\u00f6mmliche Gummipuffer aufnehmen. Eine Einbauhilfe sind die Pfeile die den optimalen Belastungsfall darstellen.<\/span><\/p>\n<ul>\n<li><span style=\"font-family: verdana, geneva, sans-serif;\">bis zu 30kN<\/span><\/li>\n<li><span style=\"font-family: verdana, geneva, sans-serif;\">echte Scherkraftbeanspruchung<\/span><\/li>\n<li id=\"tw-target-text\" class=\"tw-data-text tw-ta tw-text-small\" dir=\"ltr\" data-placeholder=\"\u00dcbersetzung\"><span style=\"font-family: verdana, geneva, sans-serif;\">beste Schwingungsd\u00e4mpfung<\/span><\/li>\n<\/ul>\n","protected":false},"excerpt":{"rendered":"<p>Die asa Schwingungsd\u00e4mpfer sind Gummi\/Metallverbindungen die Belastungen aufnehmen k\u00f6nnen und somit Vibrationen reduzieren und die Lebensdauer der zu sch\u00fctzenden Komponenten erh\u00f6hen. Das einzigartige und patentierte Design kann bis zu drei Mal mehr Scherkr\u00e4fte als herk\u00f6mmliche Gummipuffer aufnehmen. Eine Einbauhilfe sind die Pfeile die den optimalen Belastungsfall darstellen. bis zu 30kN echte Scherkraftbeanspruchung beste Schwingungsd\u00e4mpfung<\/p>\n","protected":false},"author":2,"featured_media":6306,"parent":2038,"menu_order":3,"comment_status":"closed","ping_status":"closed","template":"","meta":{"_expiration-date-status":"","_expiration-date":1744194868,"_expiration-date-type":"draft","_expiration-date-categories":[],"_expiration-date-options":[]},"acf":[],"_links":{"self":[{"href":"https:\/\/www.asa-innovation.com\/de\/wp-json\/wp\/v2\/pages\/2221"}],"collection":[{"href":"https:\/\/www.asa-innovation.com\/de\/wp-json\/wp\/v2\/pages"}],"about":[{"href":"https:\/\/www.asa-innovation.com\/de\/wp-json\/wp\/v2\/types\/page"}],"author":[{"embeddable":true,"href":"https:\/\/www.asa-innovation.com\/de\/wp-json\/wp\/v2\/users\/2"}],"replies":[{"embeddable":true,"href":"https:\/\/www.asa-innovation.com\/de\/wp-json\/wp\/v2\/comments?post=2221"}],"version-history":[{"count":19,"href":"https:\/\/www.asa-innovation.com\/de\/wp-json\/wp\/v2\/pages\/2221\/revisions"}],"predecessor-version":[{"id":24876,"href":"https:\/\/www.asa-innovation.com\/de\/wp-json\/wp\/v2\/pages\/2221\/revisions\/24876"}],"up":[{"embeddable":true,"href":"https:\/\/www.asa-innovation.com\/de\/wp-json\/wp\/v2\/pages\/2038"}],"wp:featuredmedia":[{"embeddable":true,"href":"https:\/\/www.asa-innovation.com\/de\/wp-json\/wp\/v2\/media\/6306"}],"wp:attachment":[{"href":"https:\/\/www.asa-innovation.com\/de\/wp-json\/wp\/v2\/media?parent=2221"}],"curies":[{"name":"wp","href":"https:\/\/api.w.org\/{rel}","templated":true}]}}