{"id":2224,"date":"2018-07-17T09:40:49","date_gmt":"2018-07-17T07:40:49","guid":{"rendered":"http:\/\/www.rubikon-web16.at\/asa-group\/?page_id=2224"},"modified":"2024-08-27T11:53:42","modified_gmt":"2024-08-27T09:53:42","slug":"expansion-joints","status":"publish","type":"page","link":"https:\/\/www.asa-innovation.com\/de\/verbindungstechnik\/schwingungsdaempfer-technologie\/expansion-joints\/","title":{"rendered":"Hochdruck-Kompensatoren"},"content":{"rendered":"<p><span style=\"font-family: verdana, geneva, sans-serif;\">Die Hochdruckkompensatorserie zeichnet sich durch hohe Bewegungsaufnahme, kompakte Abmessungen, lange Lebensdauer und hohe Druckbest\u00e4ndigkeit aus. Im Designprozess wurde speziell hoher Wert auf eine kurze Einbaul\u00e4nge von Flansch zu Flansch gelegt, sowie beste Bewegungsaufnahme zur Reduktion von Lautst\u00e4rke und Belastungen der zu sch\u00fctzenden Bauteile.<\/span><\/p>\n","protected":false},"excerpt":{"rendered":"<p>Die Hochdruckkompensatorserie zeichnet sich durch hohe Bewegungsaufnahme, kompakte Abmessungen, lange Lebensdauer und hohe Druckbest\u00e4ndigkeit aus. Im Designprozess wurde speziell hoher Wert auf eine kurze Einbaul\u00e4nge von Flansch zu Flansch gelegt, sowie beste Bewegungsaufnahme zur Reduktion von Lautst\u00e4rke und Belastungen der zu sch\u00fctzenden Bauteile.<\/p>\n","protected":false},"author":2,"featured_media":0,"parent":2221,"menu_order":4,"comment_status":"closed","ping_status":"closed","template":"","meta":{"_expiration-date-status":"","_expiration-date":1725357183,"_expiration-date-type":"draft","_expiration-date-categories":[],"_expiration-date-options":[]},"acf":[],"_links":{"self":[{"href":"https:\/\/www.asa-innovation.com\/de\/wp-json\/wp\/v2\/pages\/2224"}],"collection":[{"href":"https:\/\/www.asa-innovation.com\/de\/wp-json\/wp\/v2\/pages"}],"about":[{"href":"https:\/\/www.asa-innovation.com\/de\/wp-json\/wp\/v2\/types\/page"}],"author":[{"embeddable":true,"href":"https:\/\/www.asa-innovation.com\/de\/wp-json\/wp\/v2\/users\/2"}],"replies":[{"embeddable":true,"href":"https:\/\/www.asa-innovation.com\/de\/wp-json\/wp\/v2\/comments?post=2224"}],"version-history":[{"count":15,"href":"https:\/\/www.asa-innovation.com\/de\/wp-json\/wp\/v2\/pages\/2224\/revisions"}],"predecessor-version":[{"id":18250,"href":"https:\/\/www.asa-innovation.com\/de\/wp-json\/wp\/v2\/pages\/2224\/revisions\/18250"}],"up":[{"embeddable":true,"href":"https:\/\/www.asa-innovation.com\/de\/wp-json\/wp\/v2\/pages\/2221"}],"wp:attachment":[{"href":"https:\/\/www.asa-innovation.com\/de\/wp-json\/wp\/v2\/media?parent=2224"}],"curies":[{"name":"wp","href":"https:\/\/api.w.org\/{rel}","templated":true}]}}