{"id":2226,"date":"2018-07-17T09:50:37","date_gmt":"2018-07-17T07:50:37","guid":{"rendered":"http:\/\/www.rubikon-web16.at\/asa-group\/?page_id=2226"},"modified":"2024-03-12T13:50:23","modified_gmt":"2024-03-12T12:50:23","slug":"absperrflansche","status":"publish","type":"page","link":"https:\/\/www.asa-innovation.com\/de\/verbindungstechnik\/absperrflansche\/","title":{"rendered":"Absperrklappe"},"content":{"rendered":"<p id=\"tw-target-text\" class=\"tw-data-text tw-ta tw-text-small\" dir=\"ltr\" data-placeholder=\"\u00dcbersetzung\"><span style=\"font-family: verdana, geneva, sans-serif;\">Die asa Absperrklappe mit SAE und DIN Flanschen in Verbdingung mit dem Gummikompensator ist eine kompakte, kosteng\u00fcnstige und sehr zuverl\u00e4ssige Verbindung von Tank zu Pumpe in Hydraulikanwendungen. Durch das neue Design kann die Hebelposition ge\u00e4ndert werden. Auch die Bet\u00e4tigungsrichtung (im oder gegen den Uhrzeigersinn) kann ver\u00e4ndert werden.<\/span><\/p>\n","protected":false},"excerpt":{"rendered":"<p>Die asa Absperrklappe mit SAE und DIN Flanschen in Verbdingung mit dem Gummikompensator ist eine kompakte, kosteng\u00fcnstige und sehr zuverl\u00e4ssige Verbindung von Tank zu Pumpe in Hydraulikanwendungen. Durch das neue Design kann die Hebelposition ge\u00e4ndert werden. Auch die Bet\u00e4tigungsrichtung (im oder gegen den Uhrzeigersinn) kann ver\u00e4ndert werden.<\/p>\n","protected":false},"author":2,"featured_media":0,"parent":2038,"menu_order":1,"comment_status":"closed","ping_status":"closed","template":"","meta":{"_expiration-date-status":"","_expiration-date":1710852563,"_expiration-date-type":"draft","_expiration-date-categories":[],"_expiration-date-options":[]},"acf":[],"_links":{"self":[{"href":"https:\/\/www.asa-innovation.com\/de\/wp-json\/wp\/v2\/pages\/2226"}],"collection":[{"href":"https:\/\/www.asa-innovation.com\/de\/wp-json\/wp\/v2\/pages"}],"about":[{"href":"https:\/\/www.asa-innovation.com\/de\/wp-json\/wp\/v2\/types\/page"}],"author":[{"embeddable":true,"href":"https:\/\/www.asa-innovation.com\/de\/wp-json\/wp\/v2\/users\/2"}],"replies":[{"embeddable":true,"href":"https:\/\/www.asa-innovation.com\/de\/wp-json\/wp\/v2\/comments?post=2226"}],"version-history":[{"count":17,"href":"https:\/\/www.asa-innovation.com\/de\/wp-json\/wp\/v2\/pages\/2226\/revisions"}],"predecessor-version":[{"id":16827,"href":"https:\/\/www.asa-innovation.com\/de\/wp-json\/wp\/v2\/pages\/2226\/revisions\/16827"}],"up":[{"embeddable":true,"href":"https:\/\/www.asa-innovation.com\/de\/wp-json\/wp\/v2\/pages\/2038"}],"wp:attachment":[{"href":"https:\/\/www.asa-innovation.com\/de\/wp-json\/wp\/v2\/media?parent=2226"}],"curies":[{"name":"wp","href":"https:\/\/api.w.org\/{rel}","templated":true}]}}