{"id":2251,"date":"2018-07-17T10:04:56","date_gmt":"2018-07-17T08:04:56","guid":{"rendered":"http:\/\/www.rubikon-web16.at\/asa-group\/?page_id=2251"},"modified":"2021-01-14T12:53:33","modified_gmt":"2021-01-14T11:53:33","slug":"zubehoer","status":"publish","type":"page","link":"https:\/\/www.asa-innovation.com\/de\/verbindungstechnik\/absperrflansche\/zubehoer\/","title":{"rendered":"Zubeh\u00f6r"},"content":{"rendered":"<p id=\"tw-target-text\" class=\"tw-data-text tw-ta tw-text-small\" dir=\"ltr\" data-placeholder=\"\u00dcbersetzung\"><span style=\"font-family: verdana, geneva, sans-serif;\">Das optionale Zubeh\u00f6r der Absperrklappen ist sehr zuverl\u00e4ssig, effizient und erprobt. Ein Gummikompensator nimmt Versatze auf und entkoppelt den Tank von der Pumpe um Lautst\u00e4rke zu reduzieren und die Komponenten vor zu hohen Vibrationen zu sch\u00fctzen. Der Adapterflansch ist ein Anschwei\u00dfflansch f\u00fcr den Tank um somit die Absperrklappe optimal einbauen zu k\u00f6nnen. Mechanische oder induktive Endschalter erm\u00f6glichen die Klappenstellung der Absperrklappe zu \u00fcberwachen und an ein System beim Endkunden anzubinden. <\/span><\/p>\n\n","protected":false},"excerpt":{"rendered":"<p>Das optionale Zubeh\u00f6r der Absperrklappen ist sehr zuverl\u00e4ssig, effizient und erprobt. Ein Gummikompensator nimmt Versatze auf und entkoppelt den Tank von der Pumpe um Lautst\u00e4rke zu reduzieren und die Komponenten vor zu hohen Vibrationen zu sch\u00fctzen. Der Adapterflansch ist ein Anschwei\u00dfflansch f\u00fcr den Tank um somit die Absperrklappe optimal einbauen zu k\u00f6nnen. Mechanische oder induktive [&hellip;]<\/p>\n","protected":false},"author":2,"featured_media":0,"parent":2226,"menu_order":5,"comment_status":"closed","ping_status":"closed","template":"","meta":{"_expiration-date-status":"saved","_expiration-date":0,"_expiration-date-type":"","_expiration-date-categories":[],"_expiration-date-options":[]},"acf":[],"_links":{"self":[{"href":"https:\/\/www.asa-innovation.com\/de\/wp-json\/wp\/v2\/pages\/2251"}],"collection":[{"href":"https:\/\/www.asa-innovation.com\/de\/wp-json\/wp\/v2\/pages"}],"about":[{"href":"https:\/\/www.asa-innovation.com\/de\/wp-json\/wp\/v2\/types\/page"}],"author":[{"embeddable":true,"href":"https:\/\/www.asa-innovation.com\/de\/wp-json\/wp\/v2\/users\/2"}],"replies":[{"embeddable":true,"href":"https:\/\/www.asa-innovation.com\/de\/wp-json\/wp\/v2\/comments?post=2251"}],"version-history":[{"count":10,"href":"https:\/\/www.asa-innovation.com\/de\/wp-json\/wp\/v2\/pages\/2251\/revisions"}],"predecessor-version":[{"id":11055,"href":"https:\/\/www.asa-innovation.com\/de\/wp-json\/wp\/v2\/pages\/2251\/revisions\/11055"}],"up":[{"embeddable":true,"href":"https:\/\/www.asa-innovation.com\/de\/wp-json\/wp\/v2\/pages\/2226"}],"wp:attachment":[{"href":"https:\/\/www.asa-innovation.com\/de\/wp-json\/wp\/v2\/media?parent=2251"}],"curies":[{"name":"wp","href":"https:\/\/api.w.org\/{rel}","templated":true}]}}