{"id":2254,"date":"2018-07-17T10:20:37","date_gmt":"2018-07-17T08:20:37","guid":{"rendered":"http:\/\/www.rubikon-web16.at\/asa-group\/?page_id=2254"},"modified":"2022-10-20T09:47:30","modified_gmt":"2022-10-20T07:47:30","slug":"absperrflansch-grauguss","status":"publish","type":"page","link":"https:\/\/www.asa-innovation.com\/de\/verbindungstechnik\/absperrflansche\/absperrflansch-grauguss\/","title":{"rendered":"Absperrklappe Guss"},"content":{"rendered":"<p><strong><span style=\"font-family: verdana, geneva, sans-serif;\">SAE 1 \u00bd\u201c bis SAE 5\u201c<\/span><\/strong><\/p>\n<p><span style=\"font-family: verdana, geneva, sans-serif;\">Die Absperrklappe bietet mit DIN und SAE Flanschbild ein kompaktes, kosteng\u00fcnstiges und zuverl\u00e4ssiges Absperrorgan f\u00fcr die Saugleitung von Hydraulikanwendungen. Durch das neue Design kann die Hebelposition ge\u00e4ndert werden. Die geschlossene Position der Klappe kann durch Verdrehen des Endschalterwinkels alternativ durch Links- oder Rechtsdrehung erreicht werden. Bitte beachten Sie, dass die Absperrklappe nur in montiertem Zustand mit gefetteter oder ge\u00f6lter Dichtung ge\u00f6ffnet werden darf!<\/span><\/p>\n<p>\u00a0<\/p>\n<p><img decoding=\"async\" loading=\"lazy\" class=\"alignnone wp-image-376 size-medium\" src=\"http:\/\/www.asa-innovation.com\/wp-content\/uploads\/2017\/11\/SDA0080_neu-300x226.jpg\" alt=\"\" width=\"300\" height=\"226\" srcset=\"https:\/\/www.asa-innovation.com\/wp-content\/uploads\/2017\/11\/SDA0080_neu-300x226.jpg 300w, https:\/\/www.asa-innovation.com\/wp-content\/uploads\/2017\/11\/SDA0080_neu-768x580.jpg 768w, https:\/\/www.asa-innovation.com\/wp-content\/uploads\/2017\/11\/SDA0080_neu-1024x773.jpg 1024w\" sizes=\"(max-width: 300px) 100vw, 300px\" \/><\/p>\n<p><span style=\"font-family: verdana,geneva,sans-serif;\"><a href=\"http:\/\/www.asa-innovation.com\/wp-content\/uploads\/2021\/01\/DD-butterfly-flange-de-rev2.pdf\" target=\"_blank\" rel=\"noopener noreferrer\"><span style=\"color: #00a7e3;\">Datenblatt<\/span><\/a><a href=\"http:\/\/www.rubikon-web16.at\/asa-group\/wp-content\/uploads\/2018\/07\/DD-butterfly-flange-de-rev1.pdf\" target=\"_blank\" rel=\"noopener noreferrer\"><img decoding=\"async\" loading=\"lazy\" class=\"alignnone wp-image-2232 size-thumbnail\" src=\"http:\/\/www.asa-innovation.com\/wp-content\/uploads\/2018\/07\/Download-Icon-de-150x150.jpg\" alt=\"\" width=\"150\" height=\"150\" \/><\/a>\u00a0<span style=\"color: #00a7e3;\"><a style=\"color: #00a7e3;\" href=\"http:\/\/www.asa-innovation.com\/wp-content\/uploads\/2017\/02\/DM-butterfly-valves-manual-rev7.pdf\" target=\"_blank\" rel=\"noopener noreferrer\">Betriebsanleitung<\/a> <\/span><a href=\"http:\/\/www.asa-innovation.com\/wp-content\/uploads\/2017\/02\/DM-butterfly-valves-manual-rev7.pdf\" target=\"_blank\" rel=\"noopener noreferrer\"><img decoding=\"async\" loading=\"lazy\" class=\"alignnone wp-image-2256 size-thumbnail\" src=\"http:\/\/www.asa-innovation.com\/wp-content\/uploads\/2018\/07\/Download-Icon-de-Anleitung-150x150.jpg\" alt=\"\" width=\"150\" height=\"150\" \/><\/a><\/span><\/p>\n\n","protected":false},"excerpt":{"rendered":"<p>SAE 1 \u00bd\u201c bis SAE 5\u201c Die Absperrklappe bietet mit DIN und SAE Flanschbild ein kompaktes, kosteng\u00fcnstiges und zuverl\u00e4ssiges Absperrorgan f\u00fcr die Saugleitung von Hydraulikanwendungen. Durch das neue Design kann die Hebelposition ge\u00e4ndert werden. Die geschlossene Position der Klappe kann durch Verdrehen des Endschalterwinkels alternativ durch Links- oder Rechtsdrehung erreicht werden. Bitte beachten Sie, dass [&hellip;]<\/p>\n","protected":false},"author":2,"featured_media":0,"parent":2226,"menu_order":1,"comment_status":"closed","ping_status":"closed","template":"","meta":{"_expiration-date-status":"saved","_expiration-date":0,"_expiration-date-type":"","_expiration-date-categories":[],"_expiration-date-options":[]},"acf":[],"_links":{"self":[{"href":"https:\/\/www.asa-innovation.com\/de\/wp-json\/wp\/v2\/pages\/2254"}],"collection":[{"href":"https:\/\/www.asa-innovation.com\/de\/wp-json\/wp\/v2\/pages"}],"about":[{"href":"https:\/\/www.asa-innovation.com\/de\/wp-json\/wp\/v2\/types\/page"}],"author":[{"embeddable":true,"href":"https:\/\/www.asa-innovation.com\/de\/wp-json\/wp\/v2\/users\/2"}],"replies":[{"embeddable":true,"href":"https:\/\/www.asa-innovation.com\/de\/wp-json\/wp\/v2\/comments?post=2254"}],"version-history":[{"count":10,"href":"https:\/\/www.asa-innovation.com\/de\/wp-json\/wp\/v2\/pages\/2254\/revisions"}],"predecessor-version":[{"id":14084,"href":"https:\/\/www.asa-innovation.com\/de\/wp-json\/wp\/v2\/pages\/2254\/revisions\/14084"}],"up":[{"embeddable":true,"href":"https:\/\/www.asa-innovation.com\/de\/wp-json\/wp\/v2\/pages\/2226"}],"wp:attachment":[{"href":"https:\/\/www.asa-innovation.com\/de\/wp-json\/wp\/v2\/media?parent=2254"}],"curies":[{"name":"wp","href":"https:\/\/api.w.org\/{rel}","templated":true}]}}