{"id":2258,"date":"2018-07-17T11:08:09","date_gmt":"2018-07-17T09:08:09","guid":{"rendered":"http:\/\/www.rubikon-web16.at\/asa-group\/?page_id=2258"},"modified":"2023-07-21T11:26:36","modified_gmt":"2023-07-21T09:26:36","slug":"absperrflansch-aluminium","status":"publish","type":"page","link":"https:\/\/www.asa-innovation.com\/de\/verbindungstechnik\/absperrflansche\/absperrflansch-aluminium\/","title":{"rendered":"Absperrklappe Aluminium"},"content":{"rendered":"<p><span style=\"font-family: verdana, geneva, sans-serif;\">SAE 2\u201c, SAE 2 \u00bd\u201c und SAE 3\u201c<\/span><\/p>\n<p><span style=\"font-family: verdana, geneva, sans-serif;\">Die Aluminium Version unserer Absperrklappe bietet mit DIN und SAE Flanschbild eine leichte, kompakte und kosteng\u00fcnstige Verbindung f\u00fcr moderne Hydraulikanwendungen. Durch das neue Design kann die Hebelposition ge\u00e4ndert werden. Die geschlossene Position der Klappe kann durch Verdrehen des Endschalterwinkels alternativ durch Links- oder Rechtsdrehung erreicht werden. Bitte beachten Sie, dass die Absperrklappe nur in montiertem Zustand mit gefetteter oder ge\u00f6lter Dichtung ge\u00f6ffnet werden darf!<\/span><\/p>\n<p><img decoding=\"async\" loading=\"lazy\" class=\"alignnone size-medium wp-image-3627\" src=\"http:\/\/www.asa-innovation.com\/wp-content\/uploads\/2018\/07\/SDA0080A-neu-300x249.jpg\" alt=\"\" width=\"300\" height=\"249\" srcset=\"https:\/\/www.asa-innovation.com\/wp-content\/uploads\/2018\/07\/SDA0080A-neu-300x249.jpg 300w, https:\/\/www.asa-innovation.com\/wp-content\/uploads\/2018\/07\/SDA0080A-neu-768x638.jpg 768w, https:\/\/www.asa-innovation.com\/wp-content\/uploads\/2018\/07\/SDA0080A-neu-1024x851.jpg 1024w\" sizes=\"(max-width: 300px) 100vw, 300px\" \/><\/p>\n<p><span style=\"font-family: verdana,geneva,sans-serif;\"><span style=\"color: #00a7e3;\"><a style=\"color: #00a7e3;\" href=\"https:\/\/www.asa-innovation.com\/wp-content\/uploads\/2021\/01\/DD-butterfly-flange-alu-de-rev3.pdf\" target=\"_blank\" rel=\"noopener noreferrer\">Datenblatt<\/a><\/span>\u00a0<a href=\"https:\/\/www.asa-innovation.com\/wp-content\/uploads\/2021\/01\/DD-butterfly-flange-alu-de-rev3.pdf\" target=\"_blank\" rel=\"noopener\"><img decoding=\"async\" loading=\"lazy\" class=\"alignnone wp-image-2232 size-thumbnail\" src=\"http:\/\/www.asa-innovation.com\/wp-content\/uploads\/2018\/07\/Download-Icon-de-150x150.jpg\" alt=\"\" width=\"150\" height=\"150\" \/><\/a>\u00a0<span style=\"color: #00a7e3;\"><a style=\"color: #00a7e3;\" href=\"http:\/\/www.rubikon-web16.at\/asa-group\/wp-content\/uploads\/2018\/01\/DM-butterfly-valves-manual-rev6.pdf\" target=\"_blank\" rel=\"noopener noreferrer\">Betriebsanleitung<\/a>\u00a0<a href=\"http:\/\/www.rubikon-web16.at\/asa-group\/wp-content\/uploads\/2018\/07\/DD-butterfly-flange-alu-de-rev1.pdf\" target=\"_blank\" rel=\"noopener noreferrer\"><img decoding=\"async\" loading=\"lazy\" class=\"alignnone wp-image-2256 size-thumbnail\" src=\"http:\/\/www.asa-innovation.com\/wp-content\/uploads\/2018\/07\/Download-Icon-de-Anleitung-150x150.jpg\" alt=\"\" width=\"150\" height=\"150\" \/><\/a><\/span><\/span><\/p>\n","protected":false},"excerpt":{"rendered":"<p>SAE 2\u201c, SAE 2 \u00bd\u201c und SAE 3\u201c Die Aluminium Version unserer Absperrklappe bietet mit DIN und SAE Flanschbild eine leichte, kompakte und kosteng\u00fcnstige Verbindung f\u00fcr moderne Hydraulikanwendungen. Durch das neue Design kann die Hebelposition ge\u00e4ndert werden. Die geschlossene Position der Klappe kann durch Verdrehen des Endschalterwinkels alternativ durch Links- oder Rechtsdrehung erreicht werden. Bitte [&hellip;]<\/p>\n","protected":false},"author":2,"featured_media":0,"parent":2226,"menu_order":2,"comment_status":"closed","ping_status":"closed","template":"","meta":{"_expiration-date-status":"","_expiration-date":0,"_expiration-date-type":"","_expiration-date-categories":[],"_expiration-date-options":[]},"acf":[],"_links":{"self":[{"href":"https:\/\/www.asa-innovation.com\/de\/wp-json\/wp\/v2\/pages\/2258"}],"collection":[{"href":"https:\/\/www.asa-innovation.com\/de\/wp-json\/wp\/v2\/pages"}],"about":[{"href":"https:\/\/www.asa-innovation.com\/de\/wp-json\/wp\/v2\/types\/page"}],"author":[{"embeddable":true,"href":"https:\/\/www.asa-innovation.com\/de\/wp-json\/wp\/v2\/users\/2"}],"replies":[{"embeddable":true,"href":"https:\/\/www.asa-innovation.com\/de\/wp-json\/wp\/v2\/comments?post=2258"}],"version-history":[{"count":10,"href":"https:\/\/www.asa-innovation.com\/de\/wp-json\/wp\/v2\/pages\/2258\/revisions"}],"predecessor-version":[{"id":14546,"href":"https:\/\/www.asa-innovation.com\/de\/wp-json\/wp\/v2\/pages\/2258\/revisions\/14546"}],"up":[{"embeddable":true,"href":"https:\/\/www.asa-innovation.com\/de\/wp-json\/wp\/v2\/pages\/2226"}],"wp:attachment":[{"href":"https:\/\/www.asa-innovation.com\/de\/wp-json\/wp\/v2\/media?parent=2258"}],"curies":[{"name":"wp","href":"https:\/\/api.w.org\/{rel}","templated":true}]}}