{"id":2268,"date":"2018-07-17T13:19:01","date_gmt":"2018-07-17T11:19:01","guid":{"rendered":"http:\/\/www.rubikon-web16.at\/asa-group\/?page_id=2268"},"modified":"2026-04-07T13:23:25","modified_gmt":"2026-04-07T11:23:25","slug":"pumpen","status":"publish","type":"page","link":"https:\/\/www.asa-innovation.com\/de\/pumpen-technologie\/pumpen\/","title":{"rendered":"Gerotorpumpe"},"content":{"rendered":"<p id=\"tw-target-text\" class=\"tw-data-text tw-ta tw-text-small\" dir=\"ltr\" data-placeholder=\"\u00dcbersetzung\"><span style=\"font-family: verdana, geneva, sans-serif;\">Unsere Pumpen bieten viele Vorteile f\u00fcr mobile, als auch station\u00e4re Anwendungen. Mit 40 Jahren Erfahrung in den Bereichen Verbindungstechnik und Pumpen konnte sich asa in eine F\u00fchrungsrolle als Technologiepartner entwickeln. Dadurch bieten wir attraktive Preismodelle bei gleichzeitig hohen Produktleistungen \u00fcber die Anwendungsdauer und hohe Zuverl\u00e4ssigkeit.<\/span><\/p>\n","protected":false},"excerpt":{"rendered":"<p>Unsere Pumpen bieten viele Vorteile f\u00fcr mobile, als auch station\u00e4re Anwendungen. Mit 40 Jahren Erfahrung in den Bereichen Verbindungstechnik und Pumpen konnte sich asa in eine F\u00fchrungsrolle als Technologiepartner entwickeln. Dadurch bieten wir attraktive Preismodelle bei gleichzeitig hohen Produktleistungen \u00fcber die Anwendungsdauer und hohe Zuverl\u00e4ssigkeit.<\/p>\n","protected":false},"author":2,"featured_media":0,"parent":2040,"menu_order":1,"comment_status":"closed","ping_status":"closed","template":"","meta":{"_expiration-date-status":"","_expiration-date":0,"_expiration-date-type":"","_expiration-date-categories":[],"_expiration-date-options":[]},"acf":[],"_links":{"self":[{"href":"https:\/\/www.asa-innovation.com\/de\/wp-json\/wp\/v2\/pages\/2268"}],"collection":[{"href":"https:\/\/www.asa-innovation.com\/de\/wp-json\/wp\/v2\/pages"}],"about":[{"href":"https:\/\/www.asa-innovation.com\/de\/wp-json\/wp\/v2\/types\/page"}],"author":[{"embeddable":true,"href":"https:\/\/www.asa-innovation.com\/de\/wp-json\/wp\/v2\/users\/2"}],"replies":[{"embeddable":true,"href":"https:\/\/www.asa-innovation.com\/de\/wp-json\/wp\/v2\/comments?post=2268"}],"version-history":[{"count":26,"href":"https:\/\/www.asa-innovation.com\/de\/wp-json\/wp\/v2\/pages\/2268\/revisions"}],"predecessor-version":[{"id":37289,"href":"https:\/\/www.asa-innovation.com\/de\/wp-json\/wp\/v2\/pages\/2268\/revisions\/37289"}],"up":[{"embeddable":true,"href":"https:\/\/www.asa-innovation.com\/de\/wp-json\/wp\/v2\/pages\/2040"}],"wp:attachment":[{"href":"https:\/\/www.asa-innovation.com\/de\/wp-json\/wp\/v2\/media?parent=2268"}],"curies":[{"name":"wp","href":"https:\/\/api.w.org\/{rel}","templated":true}]}}