{"id":2270,"date":"2018-07-17T13:08:48","date_gmt":"2018-07-17T11:08:48","guid":{"rendered":"http:\/\/www.rubikon-web16.at\/asa-group\/?page_id=2270"},"modified":"2024-02-26T10:54:16","modified_gmt":"2024-02-26T09:54:16","slug":"kontakt","status":"publish","type":"page","link":"https:\/\/www.asa-innovation.com\/de\/kontakt\/","title":{"rendered":"Kontakt"},"content":{"rendered":"<p id=\"tw-target-text\" class=\"tw-data-text tw-ta tw-text-small\" dir=\"ltr\" data-placeholder=\"\u00dcbersetzung\"><strong><span lang=\"de\" style=\"font-family: verdana,geneva,sans-serif;\">Internationale Kommunikation<\/span><\/strong><\/p>\n<p class=\"tw-data-text tw-ta tw-text-small\" dir=\"ltr\" data-placeholder=\"\u00dcbersetzung\"><span style=\"font-family: verdana, geneva, sans-serif;\">Bitte treten Sie mit uns in Kontakt. Unsere Ingenieure sind f\u00fcr Sie da und unterst\u00fctzen Sie mit der Produktauswahl, oder erarbeiten mit Ihnen individuelle L\u00f6sungen f\u00fcr die jeweiligen Anwendungen. <\/span><\/p>\n","protected":false},"excerpt":{"rendered":"<p>Internationale Kommunikation Bitte treten Sie mit uns in Kontakt. Unsere Ingenieure sind f\u00fcr Sie da und unterst\u00fctzen Sie mit der Produktauswahl, oder erarbeiten mit Ihnen individuelle L\u00f6sungen f\u00fcr die jeweiligen Anwendungen.<\/p>\n","protected":false},"author":2,"featured_media":0,"parent":0,"menu_order":0,"comment_status":"closed","ping_status":"closed","template":"","meta":{"_expiration-date-status":"","_expiration-date":1709546043,"_expiration-date-type":"draft","_expiration-date-categories":[],"_expiration-date-options":[]},"acf":[],"_links":{"self":[{"href":"https:\/\/www.asa-innovation.com\/de\/wp-json\/wp\/v2\/pages\/2270"}],"collection":[{"href":"https:\/\/www.asa-innovation.com\/de\/wp-json\/wp\/v2\/pages"}],"about":[{"href":"https:\/\/www.asa-innovation.com\/de\/wp-json\/wp\/v2\/types\/page"}],"author":[{"embeddable":true,"href":"https:\/\/www.asa-innovation.com\/de\/wp-json\/wp\/v2\/users\/2"}],"replies":[{"embeddable":true,"href":"https:\/\/www.asa-innovation.com\/de\/wp-json\/wp\/v2\/comments?post=2270"}],"version-history":[{"count":17,"href":"https:\/\/www.asa-innovation.com\/de\/wp-json\/wp\/v2\/pages\/2270\/revisions"}],"predecessor-version":[{"id":16678,"href":"https:\/\/www.asa-innovation.com\/de\/wp-json\/wp\/v2\/pages\/2270\/revisions\/16678"}],"wp:attachment":[{"href":"https:\/\/www.asa-innovation.com\/de\/wp-json\/wp\/v2\/media?parent=2270"}],"curies":[{"name":"wp","href":"https:\/\/api.w.org\/{rel}","templated":true}]}}