{"id":2274,"date":"2018-07-17T14:13:09","date_gmt":"2018-07-17T12:13:09","guid":{"rendered":"http:\/\/www.rubikon-web16.at\/asa-group\/?page_id=2274"},"modified":"2023-11-15T14:31:44","modified_gmt":"2023-11-15T13:31:44","slug":"tank-zubehoer","status":"publish","type":"page","link":"https:\/\/www.asa-innovation.com\/de\/thermal-systems-fuer-oel-luft-wasser-elektronik-kuehler\/oel-luft-kuehler\/h-bereiche\/tank-zubehoer\/","title":{"rendered":"Tank Zubeh\u00f6r"},"content":{"rendered":"<p id=\"tw-target-text\" class=\"tw-data-text tw-ta tw-text-small\" dir=\"ltr\" data-placeholder=\"\u00dcbersetzung\"><span style=\"font-family: verdana, geneva, sans-serif;\">Hohe Qualit\u00e4t bei der Auswahl der Tankanbauteile und Zubeh\u00f6r spart Kosten, Bauraum und erh\u00f6ht die Zuverl\u00e4ssigkeit und Lebensdauer des gesamten Systems. Vereinfachte technische L\u00f6sungen und standardisierte Gr\u00f6\u00dfen helfen bei der schnellen Auswahl und sind die Voraussetzung f\u00fcr eine optimale Anwendung.<\/span><\/p>\n","protected":false},"excerpt":{"rendered":"<p>Hohe Qualit\u00e4t bei der Auswahl der Tankanbauteile und Zubeh\u00f6r spart Kosten, Bauraum und erh\u00f6ht die Zuverl\u00e4ssigkeit und Lebensdauer des gesamten Systems. Vereinfachte technische L\u00f6sungen und standardisierte Gr\u00f6\u00dfen helfen bei der schnellen Auswahl und sind die Voraussetzung f\u00fcr eine optimale Anwendung.<\/p>\n","protected":false},"author":2,"featured_media":0,"parent":2187,"menu_order":5,"comment_status":"closed","ping_status":"closed","template":"","meta":{"_expiration-date-status":"","_expiration-date":0,"_expiration-date-type":"","_expiration-date-categories":[],"_expiration-date-options":[]},"acf":[],"_links":{"self":[{"href":"https:\/\/www.asa-innovation.com\/de\/wp-json\/wp\/v2\/pages\/2274"}],"collection":[{"href":"https:\/\/www.asa-innovation.com\/de\/wp-json\/wp\/v2\/pages"}],"about":[{"href":"https:\/\/www.asa-innovation.com\/de\/wp-json\/wp\/v2\/types\/page"}],"author":[{"embeddable":true,"href":"https:\/\/www.asa-innovation.com\/de\/wp-json\/wp\/v2\/users\/2"}],"replies":[{"embeddable":true,"href":"https:\/\/www.asa-innovation.com\/de\/wp-json\/wp\/v2\/comments?post=2274"}],"version-history":[{"count":23,"href":"https:\/\/www.asa-innovation.com\/de\/wp-json\/wp\/v2\/pages\/2274\/revisions"}],"predecessor-version":[{"id":15833,"href":"https:\/\/www.asa-innovation.com\/de\/wp-json\/wp\/v2\/pages\/2274\/revisions\/15833"}],"up":[{"embeddable":true,"href":"https:\/\/www.asa-innovation.com\/de\/wp-json\/wp\/v2\/pages\/2187"}],"wp:attachment":[{"href":"https:\/\/www.asa-innovation.com\/de\/wp-json\/wp\/v2\/media?parent=2274"}],"curies":[{"name":"wp","href":"https:\/\/api.w.org\/{rel}","templated":true}]}}