{"id":2295,"date":"2018-07-18T07:40:24","date_gmt":"2018-07-18T05:40:24","guid":{"rendered":"http:\/\/www.rubikon-web16.at\/asa-group\/?page_id=2295"},"modified":"2025-01-08T10:51:46","modified_gmt":"2025-01-08T09:51:46","slug":"ueber-uns","status":"publish","type":"page","link":"https:\/\/www.asa-innovation.com\/de\/ueber-uns\/","title":{"rendered":"\u00dcber uns"},"content":{"rendered":"<p id=\"tw-target-text\" class=\"tw-data-text tw-ta tw-text-small\" dir=\"ltr\" style=\"text-align: justify;\" data-placeholder=\"\u00dcbersetzung\"><span style=\"font-family: verdana, geneva, sans-serif;\">Mit 40 Jahren Erfahrung in den Bereichen W\u00e4rmemanagement und Verbindungstechnik konnte sich asa in eine F\u00fchrungsrolle als Technologiepartner und produzierender Anbieter, f\u00fcr anspruchsvolle standard- und kundenspezifische L\u00f6sungen in verschiedensten Mobil- oder Station\u00e4r-Anlagen, entwickeln. Unsere Einstellung von der Vergangenheit und Techniktrends zu lernen, aber vor allem neue L\u00f6sungen selbst zu entwickeln, gibt uns die M\u00f6glichkeit die wirklich entscheidenden Vorteile f\u00fcr die Produkte unserer Kunden zu liefern.<\/span><\/p>\n<p class=\"tw-data-text tw-ta tw-text-small\" dir=\"ltr\" data-placeholder=\"\u00dcbersetzung\">\n<p class=\"tw-data-text tw-ta tw-text-small\" dir=\"ltr\" data-placeholder=\"\u00dcbersetzung\">\n","protected":false},"excerpt":{"rendered":"<p>Mit 40 Jahren Erfahrung in den Bereichen W\u00e4rmemanagement und Verbindungstechnik konnte sich asa in eine F\u00fchrungsrolle als Technologiepartner und produzierender Anbieter, f\u00fcr anspruchsvolle standard- und kundenspezifische L\u00f6sungen in verschiedensten Mobil- oder Station\u00e4r-Anlagen, entwickeln. Unsere Einstellung von der Vergangenheit und Techniktrends zu lernen, aber vor allem neue L\u00f6sungen selbst zu entwickeln, gibt uns die M\u00f6glichkeit die [&hellip;]<\/p>\n","protected":false},"author":2,"featured_media":0,"parent":0,"menu_order":0,"comment_status":"closed","ping_status":"closed","template":"","meta":{"_expiration-date-status":"","_expiration-date":0,"_expiration-date-type":"","_expiration-date-categories":[],"_expiration-date-options":[]},"acf":[],"_links":{"self":[{"href":"https:\/\/www.asa-innovation.com\/de\/wp-json\/wp\/v2\/pages\/2295"}],"collection":[{"href":"https:\/\/www.asa-innovation.com\/de\/wp-json\/wp\/v2\/pages"}],"about":[{"href":"https:\/\/www.asa-innovation.com\/de\/wp-json\/wp\/v2\/types\/page"}],"author":[{"embeddable":true,"href":"https:\/\/www.asa-innovation.com\/de\/wp-json\/wp\/v2\/users\/2"}],"replies":[{"embeddable":true,"href":"https:\/\/www.asa-innovation.com\/de\/wp-json\/wp\/v2\/comments?post=2295"}],"version-history":[{"count":15,"href":"https:\/\/www.asa-innovation.com\/de\/wp-json\/wp\/v2\/pages\/2295\/revisions"}],"predecessor-version":[{"id":21473,"href":"https:\/\/www.asa-innovation.com\/de\/wp-json\/wp\/v2\/pages\/2295\/revisions\/21473"}],"wp:attachment":[{"href":"https:\/\/www.asa-innovation.com\/de\/wp-json\/wp\/v2\/media?parent=2295"}],"curies":[{"name":"wp","href":"https:\/\/api.w.org\/{rel}","templated":true}]}}