{"id":2329,"date":"2018-07-18T11:44:41","date_gmt":"2018-07-18T09:44:41","guid":{"rendered":"http:\/\/www.rubikon-web16.at\/asa-group\/?page_id=2329"},"modified":"2019-08-21T09:52:16","modified_gmt":"2019-08-21T07:52:16","slug":"anwendungen","status":"publish","type":"page","link":"https:\/\/www.asa-innovation.com\/de\/ueber-uns\/anwendungen\/","title":{"rendered":"Anwendungen"},"content":{"rendered":"<p id=\"tw-target-text\" class=\"tw-data-text tw-ta tw-text-small\" dir=\"ltr\" data-placeholder=\"\u00dcbersetzung\"><span style=\"font-family: verdana, geneva, sans-serif;\">Unsere Entwicklungen lassen unterschiedlichste kundenspezifische Produkte entstehen, aber auch Standardprodukte in neue M\u00e4rkte integrieren. Kontaktieren Sie uns und geben Sie uns die M\u00f6glichkeiten mit Fallstudien und Kundenbeispielen unsere Vorteile und L\u00f6sungen zu pr\u00e4sentieren.<\/span><\/p>\n","protected":false},"excerpt":{"rendered":"<p>Unsere Entwicklungen lassen unterschiedlichste kundenspezifische Produkte entstehen, aber auch Standardprodukte in neue M\u00e4rkte integrieren. Kontaktieren Sie uns und geben Sie uns die M\u00f6glichkeiten mit Fallstudien und Kundenbeispielen unsere Vorteile und L\u00f6sungen zu pr\u00e4sentieren.<\/p>\n","protected":false},"author":2,"featured_media":0,"parent":2295,"menu_order":1,"comment_status":"closed","ping_status":"closed","template":"","meta":{"_expiration-date-status":"saved","_expiration-date":0,"_expiration-date-type":"","_expiration-date-categories":[],"_expiration-date-options":[]},"acf":[],"_links":{"self":[{"href":"https:\/\/www.asa-innovation.com\/de\/wp-json\/wp\/v2\/pages\/2329"}],"collection":[{"href":"https:\/\/www.asa-innovation.com\/de\/wp-json\/wp\/v2\/pages"}],"about":[{"href":"https:\/\/www.asa-innovation.com\/de\/wp-json\/wp\/v2\/types\/page"}],"author":[{"embeddable":true,"href":"https:\/\/www.asa-innovation.com\/de\/wp-json\/wp\/v2\/users\/2"}],"replies":[{"embeddable":true,"href":"https:\/\/www.asa-innovation.com\/de\/wp-json\/wp\/v2\/comments?post=2329"}],"version-history":[{"count":6,"href":"https:\/\/www.asa-innovation.com\/de\/wp-json\/wp\/v2\/pages\/2329\/revisions"}],"predecessor-version":[{"id":4018,"href":"https:\/\/www.asa-innovation.com\/de\/wp-json\/wp\/v2\/pages\/2329\/revisions\/4018"}],"up":[{"embeddable":true,"href":"https:\/\/www.asa-innovation.com\/de\/wp-json\/wp\/v2\/pages\/2295"}],"wp:attachment":[{"href":"https:\/\/www.asa-innovation.com\/de\/wp-json\/wp\/v2\/media?parent=2329"}],"curies":[{"name":"wp","href":"https:\/\/api.w.org\/{rel}","templated":true}]}}