{"id":2332,"date":"2018-07-18T11:10:09","date_gmt":"2018-07-18T09:10:09","guid":{"rendered":"http:\/\/www.rubikon-web16.at\/asa-group\/?page_id=2332"},"modified":"2020-10-05T12:57:36","modified_gmt":"2020-10-05T10:57:36","slug":"technologie","status":"publish","type":"page","link":"https:\/\/www.asa-innovation.com\/de\/ueber-uns\/technologie\/","title":{"rendered":"Technologie"},"content":{"rendered":"<p id=\"tw-target-text\" class=\"tw-data-text tw-ta tw-text-small\" dir=\"ltr\" data-placeholder=\"\u00dcbersetzung\"><span style=\"font-family: verdana, geneva, sans-serif;\">Asa ist ein Technologieanbieter. Unsere Kunden profitieren von der Erfahrung einer internationalen Gruppe, von unserem fortschrittlichen Service und unseren globalen Forschungs- und Pr\u00fcfeinrichtungen. Der Innovationsantrieb immer neue Methoden und Denkans\u00e4tze zu verfolgen um das bestm\u00f6glich Ergebnis zu bekommen l\u00e4sst Projekte schnell von einer Vision zu einem realen und erfolgreich umgesetzten Produkt werden. Erfahren Sie mehr \u00fcber unser \u201eMindset Engineering\u201c und kontaktieren Sie uns. <\/span><\/p>\n","protected":false},"excerpt":{"rendered":"<p>Asa ist ein Technologieanbieter. Unsere Kunden profitieren von der Erfahrung einer internationalen Gruppe, von unserem fortschrittlichen Service und unseren globalen Forschungs- und Pr\u00fcfeinrichtungen. Der Innovationsantrieb immer neue Methoden und Denkans\u00e4tze zu verfolgen um das bestm\u00f6glich Ergebnis zu bekommen l\u00e4sst Projekte schnell von einer Vision zu einem realen und erfolgreich umgesetzten Produkt werden. Erfahren Sie mehr [&hellip;]<\/p>\n","protected":false},"author":2,"featured_media":0,"parent":2295,"menu_order":0,"comment_status":"closed","ping_status":"closed","template":"","meta":{"_expiration-date-status":"saved","_expiration-date":0,"_expiration-date-type":"","_expiration-date-categories":[],"_expiration-date-options":[]},"acf":[],"_links":{"self":[{"href":"https:\/\/www.asa-innovation.com\/de\/wp-json\/wp\/v2\/pages\/2332"}],"collection":[{"href":"https:\/\/www.asa-innovation.com\/de\/wp-json\/wp\/v2\/pages"}],"about":[{"href":"https:\/\/www.asa-innovation.com\/de\/wp-json\/wp\/v2\/types\/page"}],"author":[{"embeddable":true,"href":"https:\/\/www.asa-innovation.com\/de\/wp-json\/wp\/v2\/users\/2"}],"replies":[{"embeddable":true,"href":"https:\/\/www.asa-innovation.com\/de\/wp-json\/wp\/v2\/comments?post=2332"}],"version-history":[{"count":6,"href":"https:\/\/www.asa-innovation.com\/de\/wp-json\/wp\/v2\/pages\/2332\/revisions"}],"predecessor-version":[{"id":9810,"href":"https:\/\/www.asa-innovation.com\/de\/wp-json\/wp\/v2\/pages\/2332\/revisions\/9810"}],"up":[{"embeddable":true,"href":"https:\/\/www.asa-innovation.com\/de\/wp-json\/wp\/v2\/pages\/2295"}],"wp:attachment":[{"href":"https:\/\/www.asa-innovation.com\/de\/wp-json\/wp\/v2\/media?parent=2332"}],"curies":[{"name":"wp","href":"https:\/\/api.w.org\/{rel}","templated":true}]}}