{"id":2334,"date":"2018-07-18T11:25:55","date_gmt":"2018-07-18T09:25:55","guid":{"rendered":"http:\/\/www.rubikon-web16.at\/asa-group\/?page_id=2334"},"modified":"2024-05-15T14:19:26","modified_gmt":"2024-05-15T12:19:26","slug":"nachhaltigkeit","status":"publish","type":"page","link":"https:\/\/www.asa-innovation.com\/de\/ueber-uns\/nachhaltigkeit\/","title":{"rendered":"Nachhaltigkeit"},"content":{"rendered":"<p dir=\"ltr\" data-placeholder=\"\u00dcbersetzung\">Mit Qualit\u00e4t ans Ziel!<\/p>\n<p id=\"tw-target-text\" class=\"tw-data-text tw-ta tw-text-small\" dir=\"ltr\" data-placeholder=\"\u00dcbersetzung\"><span style=\"font-family: verdana, geneva, sans-serif;\">Nachhaltigkeit ist f\u00fcr uns die ganzheitliche Verantwortung hinsichtlich Umweltschutz, Arbeitssicherheit und finanzieller Integrit\u00e4t gegen\u00fcber unseren Mitarbeitern, Kunden und Lieferanten. Als verl\u00e4sslicher Langzeit-Gesch\u00e4ftspartner arbeiten wir an alle Standorten nach globalen Management Handbuch und den einzelnen Zertifizierungen.<\/span><\/p>\n","protected":false},"excerpt":{"rendered":"<p>Mit Qualit\u00e4t ans Ziel! Nachhaltigkeit ist f\u00fcr uns die ganzheitliche Verantwortung hinsichtlich Umweltschutz, Arbeitssicherheit und finanzieller Integrit\u00e4t gegen\u00fcber unseren Mitarbeitern, Kunden und Lieferanten. Als verl\u00e4sslicher Langzeit-Gesch\u00e4ftspartner arbeiten wir an alle Standorten nach globalen Management Handbuch und den einzelnen Zertifizierungen.<\/p>\n","protected":false},"author":2,"featured_media":0,"parent":2295,"menu_order":1,"comment_status":"closed","ping_status":"closed","template":"","meta":{"_expiration-date-status":"","_expiration-date":1716380333,"_expiration-date-type":"draft","_expiration-date-categories":[],"_expiration-date-options":[]},"acf":[],"_links":{"self":[{"href":"https:\/\/www.asa-innovation.com\/de\/wp-json\/wp\/v2\/pages\/2334"}],"collection":[{"href":"https:\/\/www.asa-innovation.com\/de\/wp-json\/wp\/v2\/pages"}],"about":[{"href":"https:\/\/www.asa-innovation.com\/de\/wp-json\/wp\/v2\/types\/page"}],"author":[{"embeddable":true,"href":"https:\/\/www.asa-innovation.com\/de\/wp-json\/wp\/v2\/users\/2"}],"replies":[{"embeddable":true,"href":"https:\/\/www.asa-innovation.com\/de\/wp-json\/wp\/v2\/comments?post=2334"}],"version-history":[{"count":19,"href":"https:\/\/www.asa-innovation.com\/de\/wp-json\/wp\/v2\/pages\/2334\/revisions"}],"predecessor-version":[{"id":17235,"href":"https:\/\/www.asa-innovation.com\/de\/wp-json\/wp\/v2\/pages\/2334\/revisions\/17235"}],"up":[{"embeddable":true,"href":"https:\/\/www.asa-innovation.com\/de\/wp-json\/wp\/v2\/pages\/2295"}],"wp:attachment":[{"href":"https:\/\/www.asa-innovation.com\/de\/wp-json\/wp\/v2\/media?parent=2334"}],"curies":[{"name":"wp","href":"https:\/\/api.w.org\/{rel}","templated":true}]}}