{"id":2347,"date":"2018-07-18T13:01:49","date_gmt":"2018-07-18T11:01:49","guid":{"rendered":"http:\/\/www.rubikon-web16.at\/asa-group\/?page_id=2347"},"modified":"2026-04-14T11:01:40","modified_gmt":"2026-04-14T09:01:40","slug":"standort","status":"publish","type":"page","link":"https:\/\/www.asa-innovation.com\/de\/standort\/","title":{"rendered":"Standorte"},"content":{"rendered":"<p id=\"tw-target-text\" class=\"tw-data-text tw-ta tw-text-small\" dir=\"ltr\" data-placeholder=\"\u00dcbersetzung\"><span style=\"font-family: verdana, geneva, sans-serif;\">Der Firmenname<strong> ASA<\/strong> ist eine Abk\u00fcrzung f\u00fcr <strong><u>A<\/u><\/strong>ntriebselemente, <strong><u>S<\/u><\/strong>teuerungselemente und <strong><u>A<\/u><\/strong>nlagen. Seit der Gr\u00fcndung 1980 sind unsere Standorte weltweit zu eigenst\u00e4ndigen Kompetenzzentren gewachsen. Kontaktieren Sie uns f\u00fcr den n\u00e4chstgelegenen Vertriebspartner oder n\u00e4here Informationen zu unseren Standorten.<\/span><\/p>\n","protected":false},"excerpt":{"rendered":"<p>Der Firmenname ASA ist eine Abk\u00fcrzung f\u00fcr Antriebselemente, Steuerungselemente und Anlagen. Seit der Gr\u00fcndung 1980 sind unsere Standorte weltweit zu eigenst\u00e4ndigen Kompetenzzentren gewachsen. Kontaktieren Sie uns f\u00fcr den n\u00e4chstgelegenen Vertriebspartner oder n\u00e4here Informationen zu unseren Standorten.<\/p>\n","protected":false},"author":2,"featured_media":0,"parent":0,"menu_order":0,"comment_status":"closed","ping_status":"closed","template":"","meta":{"_expiration-date-status":"","_expiration-date":0,"_expiration-date-type":"","_expiration-date-categories":[],"_expiration-date-options":[]},"acf":[],"_links":{"self":[{"href":"https:\/\/www.asa-innovation.com\/de\/wp-json\/wp\/v2\/pages\/2347"}],"collection":[{"href":"https:\/\/www.asa-innovation.com\/de\/wp-json\/wp\/v2\/pages"}],"about":[{"href":"https:\/\/www.asa-innovation.com\/de\/wp-json\/wp\/v2\/types\/page"}],"author":[{"embeddable":true,"href":"https:\/\/www.asa-innovation.com\/de\/wp-json\/wp\/v2\/users\/2"}],"replies":[{"embeddable":true,"href":"https:\/\/www.asa-innovation.com\/de\/wp-json\/wp\/v2\/comments?post=2347"}],"version-history":[{"count":27,"href":"https:\/\/www.asa-innovation.com\/de\/wp-json\/wp\/v2\/pages\/2347\/revisions"}],"predecessor-version":[{"id":37372,"href":"https:\/\/www.asa-innovation.com\/de\/wp-json\/wp\/v2\/pages\/2347\/revisions\/37372"}],"wp:attachment":[{"href":"https:\/\/www.asa-innovation.com\/de\/wp-json\/wp\/v2\/media?parent=2347"}],"curies":[{"name":"wp","href":"https:\/\/api.w.org\/{rel}","templated":true}]}}