{"id":2426,"date":"2018-08-02T11:11:17","date_gmt":"2018-08-02T09:11:17","guid":{"rendered":"http:\/\/www.asa-innovation.com\/?page_id=2426"},"modified":"2019-07-31T14:00:24","modified_gmt":"2019-07-31T12:00:24","slug":"saugfilter","status":"publish","type":"page","link":"https:\/\/www.asa-innovation.com\/de\/pumpen-technologie\/filter\/saugfilter\/","title":{"rendered":"Saugfilter"},"content":{"rendered":"<p><span style=\"font-family: verdana, geneva, sans-serif;\">Die Installation eines Saugfilters ist eine sinnvolle Investition um die Zuverl\u00e4ssigkeit und Lebensdauer zu erh\u00f6hen sowie die Filterleistung und Qualit\u00e4t des gesamten Systems zu verbessern. <\/span><\/p>\n","protected":false},"excerpt":{"rendered":"<p>Die Installation eines Saugfilters ist eine sinnvolle Investition um die Zuverl\u00e4ssigkeit und Lebensdauer zu erh\u00f6hen sowie die Filterleistung und Qualit\u00e4t des gesamten Systems zu verbessern.<\/p>\n","protected":false},"author":2,"featured_media":0,"parent":2285,"menu_order":1,"comment_status":"closed","ping_status":"closed","template":"","meta":{"_expiration-date-status":"saved","_expiration-date":0,"_expiration-date-type":"","_expiration-date-categories":[],"_expiration-date-options":[]},"acf":[],"_links":{"self":[{"href":"https:\/\/www.asa-innovation.com\/de\/wp-json\/wp\/v2\/pages\/2426"}],"collection":[{"href":"https:\/\/www.asa-innovation.com\/de\/wp-json\/wp\/v2\/pages"}],"about":[{"href":"https:\/\/www.asa-innovation.com\/de\/wp-json\/wp\/v2\/types\/page"}],"author":[{"embeddable":true,"href":"https:\/\/www.asa-innovation.com\/de\/wp-json\/wp\/v2\/users\/2"}],"replies":[{"embeddable":true,"href":"https:\/\/www.asa-innovation.com\/de\/wp-json\/wp\/v2\/comments?post=2426"}],"version-history":[{"count":6,"href":"https:\/\/www.asa-innovation.com\/de\/wp-json\/wp\/v2\/pages\/2426\/revisions"}],"predecessor-version":[{"id":3667,"href":"https:\/\/www.asa-innovation.com\/de\/wp-json\/wp\/v2\/pages\/2426\/revisions\/3667"}],"up":[{"embeddable":true,"href":"https:\/\/www.asa-innovation.com\/de\/wp-json\/wp\/v2\/pages\/2285"}],"wp:attachment":[{"href":"https:\/\/www.asa-innovation.com\/de\/wp-json\/wp\/v2\/media?parent=2426"}],"curies":[{"name":"wp","href":"https:\/\/api.w.org\/{rel}","templated":true}]}}