{"id":2443,"date":"2018-08-02T13:03:23","date_gmt":"2018-08-02T11:03:23","guid":{"rendered":"http:\/\/www.asa-innovation.com\/?page_id=2443"},"modified":"2023-06-05T09:11:46","modified_gmt":"2023-06-05T07:11:46","slug":"datenschutzrichlinie","status":"publish","type":"page","link":"https:\/\/www.asa-innovation.com\/de\/datenschutzrichlinie\/","title":{"rendered":"Datenschutzerkl\u00e4rung"},"content":{"rendered":"\n<p><strong> <span class=\"fontstyle0\">Datenschutzerkl\u00e4rung<\/span><\/strong><\/p>\n<p style=\"text-align: justify;\"><span class=\"fontstyle0\">Der Schutz Ihrer personenbezogenen Daten ist uns ein wichtiges Anliegen. Deshalb betreiben wir unsere Aktivit\u00e4ten in \u00dcbereinstimmung mit den anwendbaren Rechtsvorschriften zum Schutz personenbezogener Daten und zur Datensicherheit. Im Folgenden erfahren Sie, (i) welche Informationen wir gegebenenfalls sammeln, (ii) wie wir damit umgehen und (iii) wem wir diese gegebenenfalls zur Verf\u00fcgung stellen.<br \/><\/span><\/p>\n<p style=\"text-align: justify;\"><span class=\"fontstyle2\"><strong>1. Datenschutz<\/strong><br \/><\/span><span class=\"fontstyle0\">Wir erkl\u00e4ren die Einhaltung der gesetzlichen Bestimmungen zum Datenschutz. Insbesondere werden Daten ausschlie\u00dflich im Rahmen der Auftr\u00e4ge verwendet sowie Ma\u00dfnahmen zur Gew\u00e4hrleistung der Datensicherheit getroffen, indem sichergestellt wird, dass personenbezogene Daten ordnungsgem\u00e4\u00df verwendet und Unbefugten nicht zug\u00e4nglich gemacht werden. Auftraggeber, Dienstleister und Mitarbeiter sind zur Verschwiegenheit und Geheimhaltung der von Kunden, Partner und Lieferanten sowie der Website (\u201e<\/span><span class=\"fontstyle3\">Betroffene<\/span><span class=\"fontstyle0\">\u201c) bereitgestellten personenbezogenen Daten verpflichtet, soweit kein rechtlich zul\u00e4ssiger Grund f\u00fcr eine \u00dcbermittlung oder Offenlegung der anvertrauten oder zug\u00e4nglich gemachten Daten besteht.<br \/>Wir behalten uns im Falle einer gesetzlichen Verpflichtung vor, Informationen \u00fcber Sie offen zu legen, wenn die Herausgabe von rechtm\u00e4\u00dfig handelnden Beh\u00f6rden oder Strafverfolgungsorganen von uns verlangt wird.<br \/><\/span><\/p>\n<p style=\"text-align: justify;\"><span class=\"fontstyle2\"><strong>2. Rechte des Betroffenen<\/strong><br \/><\/span><span class=\"fontstyle0\">Betroffene haben das Recht auf Auskunft, Berichtigung und L\u00f6schung Ihrer personenbezogenen Daten sowie das Recht auf Einschr\u00e4nkung der Datenverarbeitung, das Recht auf Daten\u00fcbertragbarkeit und das Recht auf Beschwerde bei der Datenschutzbeh\u00f6rde.<\/span><\/p>\n<p><span class=\"fontstyle0\">Die \u00f6sterreichische Datenschutzbeh\u00f6rde befindet sich in der Barichgasse 40-42,<br \/>in 1030 Wien und ist telefonisch via +43 1 52 152-0 sowie via E-Mail (dsb@dsb.gv.at)<br \/>erreichbar. N\u00e4here Informationen finden Sie unter https:\/\/www.dsb.gv.at\/home.<\/span><\/p>\n<p style=\"text-align: justify;\"><span class=\"fontstyle0\">Soweit eine Datenverarbeitung auf Ihrer Einwilligung (Art 6 Abs 1 lit a DSGVO) beruht, steht Ihnen zus\u00e4tzlich das Recht auf Widerruf dieser Einwilligung und soweit eine Datenverarbeitung auf unseren berechtigten Interessen (Art 6 Abs 1 lit f DSGVO) beruht, das Recht auf Widerspruch, zu. Durch einen Widerruf wird die Rechtm\u00e4\u00dfigkeit, der bis zum Widerruf erfolgten Datenverarbeitung nicht beeinflusst. Wenn Sie von einem der eben genannten Rechte Gebrauch machen wollen, kontaktieren Sie die asa- technology Produktions- und Vertriebs GmbH via E-Mail (support@asa-innovation.com).<br \/><\/span><\/p>\n<p style=\"text-align: justify;\"><span class=\"fontstyle0\"><span class=\"fontstyle2\"><strong>3. Verarbeitung personenbezogener Daten<\/strong><br \/><\/span>Unter personenbezogenen Daten versteht man alle Informationen, die sich auf eine identifizierte oder identifizierbare nat\u00fcrliche Person beziehen, beispielsweise Vorname, Nachname, E-Mail-Adresse usw (Art 4 Abs 1 Z 1 DSGVO). \u00dcber unsere Websites erfassen wir Ihre IP-Adresse, die unter Umst\u00e4nden als personenbezogene Datum klassifiziert werden kann. Weitere personenbezogene Daten (beispielsweise Namen, Anschriften, Telefonnummern oder E-Mail-Adressen) werden nicht von uns direkt erfasst, au\u00dfer wenn Sie uns solche Daten freiwillig zur Verf\u00fcgung stellen (beispielsweise durch Registrierung, Umfrage, Kontaktaufnahme oder Anmeldung zum Newsletter) bzw. eingewilligt haben oder die entsprechenden Rechtsvorschriften \u00fcber den Schutz Ihrer personenbezogenen Daten dies erlauben. Die Verarbeitung erfolgt auf der Grundlage des \u00a7 6 Abs 1 lit b DSGVO (\u201eerforderlich zur Vertragserf\u00fcllung\u201c) oder auf der Grundlage \u00a7 6 Abs 1 lit a DSGVO (\u201eEinwilligung\u201c), sofern Sie uns eine \u201eMarketing-Einwilligung\u201c erteilt haben. In seltenen F\u00e4llen kommt eine Verarbeitung nach \u00a7 6 Abs 1 lit f DSGVO (\u201eberechtigte Interessen\u201c) in Betracht. Beispielsweise zur Bek\u00e4mpfung von Betrugsversuchen und bei der (eingeschr\u00e4nkten) Video\u00fcberwachung zu Sicherheitszwecken.<\/span><\/p>\n<p><span class=\"fontstyle0\"><br \/><span class=\"fontstyle2\"><strong>4. Verantwortlicher und Datenschutzbeauftragter<\/strong><br \/><\/span><span class=\"fontstyle2\">Verantwortlicher <\/span>f\u00fcr die Verarbeitung der personenbezogenen Daten iSd Art. 4 (7) DSGVO ist:<br \/><\/span><\/p>\n<p><span class=\"fontstyle0\">asa technology Produktions- und Vertriebs GmbH<br \/>Pragerstrasse 280<br \/>A-1210 Wien<br \/>E-Mail: support@asa-innovation.com (weitere Informationen auf unserem Impressum)<br \/><\/span><\/p>\n<p><span class=\"fontstyle0\"><span class=\"fontstyle2\"><strong>5. Zweckbestimmung<\/strong><br \/><\/span>Die von Ihnen zur Verf\u00fcgung gestellten personenbezogenen Daten verwenden wir im Allgemeinen, um Ihre Anfragen zu beantworten oder Ihnen Zugang zu bestimmten Informationen zu verschaffen, um unsere Leistungen anbieten zu k\u00f6nnen.\u00a0<\/span><\/p>\n<p style=\"text-align: justify;\"><span class=\"fontstyle0\">Ihre Einwilligung vorausgesetzt, verarbeiten wir Ihre Daten,<br \/><\/span><span class=\"fontstyle2\">+ <\/span><span class=\"fontstyle0\">um auf Ihre W\u00fcnsche besser eingehen zu k\u00f6nnen<br \/><\/span><span class=\"fontstyle2\">+ <\/span><span class=\"fontstyle0\">um unser Kundenservice zu verbessern<br \/><\/span><span class=\"fontstyle2\">+ <\/span><span class=\"fontstyle0\">um Sie \u00fcber unsere Angebote zu informieren und zu erm\u00f6glichen<br \/><\/span><span class=\"fontstyle2\">+ <\/span><span class=\"fontstyle0\">um den Aufgaben und Anforderungen unserer Kunden besser gerecht zu werden<br \/>Selbstverst\u00e4ndlich respektieren wir es, wenn Sie uns Ihre personenbezogenen Daten nicht zur Unterst\u00fctzung unserer Kundenbeziehung \u00fcberlassen wollen. Ein allf\u00e4lliger Widerruf gegen die Verarbeitung kann unter <\/span><span class=\"fontstyle0\">support@asa-innovation.com <\/span><span class=\"fontstyle0\">eingebracht werden. Sollten Sie widerrufen, erwachsen Ihnen dadurch keinerlei Nachteile, jedoch m\u00fcssen Sie unter Umst\u00e4nden damit rechnen, dass gewisse (optionale) Dienste\/Leistungen dadurch nicht mehr angeboten werden k\u00f6nnen.<br \/><\/span><\/p>\n<p style=\"text-align: justify;\"><span class=\"fontstyle3\"><strong>6. Austausch personenbezogener Daten<\/strong><br \/><\/span><span class=\"fontstyle0\">Es findet kein Datenaustausch ohne entsprechende Rechtsgrundlage statt. Teilweise werden Auftragsverarbeiter herangezogen, die ausschlie\u00dflich im Rahmen von Weisungen der asa Daten verarbeiten. Hierunter fallen bspw. Steuerberater, Rechnungspr\u00fcfer, IT-Dienstleister oder im Anlassfall Versicherungen.<br \/><\/span><\/p>\n<p style=\"text-align: justify;\"><span class=\"fontstyle3\"><strong>7. Speicherdauer<\/strong><br \/><\/span><span class=\"fontstyle0\">Ihre personenbezogenen Daten werden von uns nur so lange aufbewahrt, wie dies erforderlich ist, um die oben genannten Zwecke zu erreichen (bspw. zur Vertragserf\u00fcllung). Wir speichern Ihre personenbezogenen Daten (i) bis Sie der Datenverarbeitung widersprechen oder (ii) so lange gesetzliche Aufbewahrungspflichten bestehen oder (iii) etwaige rechtliche Anspr\u00fcche noch nicht verj\u00e4hrt sind, f\u00fcr deren Geltendmachung oder deren Abwehr die personenbezogenen Daten ben\u00f6tigt werden.<br \/><\/span><\/p>\n<p style=\"text-align: justify;\"><span class=\"fontstyle3\"><strong>8. Kommunikations- oder nutzungsbezogene Angaben<\/strong><br \/><\/span><span class=\"fontstyle0\">Wenn Sie \u00fcber Telekommunikationsdienste auf unsere Websites zugreifen, werden kommunikationsbezogene Angaben (beispielsweise Internet-Protokoll-Adresse) bzw. nutzungsbezogene Angaben (beispielsweise Angaben zu Nutzungsbeginn und -dauer sowie zu den von Ihnen genutzten Telekommunikationsdiensten) mit technischen Mitteln automatisch erzeugt. Diese k\u00f6nnen unter Umst\u00e4nden R\u00fcckschl\u00fcsse auf personenbezogene Daten zulassen. Soweit eine Erfassung, Verarbeitung und Verwendung Ihrer Kommunikation bzw. nutzungsbezogenen Angaben zwingend notwendig ist, unterliegt diese den gesetzlichen Regelungen zum Datenschutz und dieser Datenschutzerkl\u00e4rung.<br \/><\/span><\/p>\n<p style=\"text-align: justify;\"><span class=\"fontstyle0\"><span class=\"fontstyle2\"><strong>9. Automatisch erfasste nicht-personenbezogene Daten<\/strong><br \/><\/span>Wenn Sie auf unsere Websites zugreifen, werden gelegentlich automatisch (also nicht \u00fcber eine Registrierung) Informationen gesammelt, die nicht einer bestimmten Person zugeordnet sind (beispielsweise verwendeter Internet-Browser und Betriebssystem; Domain-Name der Website, von der Sie kamen; Anzahl der Besuche; durchschnittliche Verweilzeit; aufgerufene Seiten). Wir verwenden diese Informationen, um die Attraktivit\u00e4t unserer Websites zu ermitteln und deren Leistungsf\u00e4higkeit und Inhalte zu verbessern.<br \/><\/span><\/p>\n<p style=\"text-align: justify;\"><span class=\"fontstyle0\"><span class=\"fontstyle2\"><strong>10. \u201eCookies\u201c \u2013 Informationen, die automatisch auf <\/strong><strong>Ihrem Ger\u00e4t abgelegt werden<\/strong><br \/><\/span>Wenn Sie unsere Website besuchen, kann es sein, dass wir Informationen in Form eines \u201eCookie\u201c auf Ihrem Computer ablegen, die ihn bei Ihrem n\u00e4chsten Besuch automatisch wiedererkennt. Bei Cookies handelt es sich um kleine Textdateien, die von Ihrem Browser auf Ihrem Endger\u00e4t zur Speicherung von bestimmten Informationen abgelegt werden. Sollten Sie unsere Website daher nochmal mit demselben Endger\u00e4t besuchen, werden die gespeicherten Informationen in weiterer Folge an unsere Webseite (\u201eFirst Party Cookie\u201c) gesendet. Dadurch erkennt die jeweilige Webseite, dass Sie diese mit dem Browser Ihres Endger\u00e4tes schon einmal aufgerufen und besucht haben. Diese Information wird daf\u00fcr genutzt, um Ihnen<br \/>die Webseite so benutzerfreundlich wie m\u00f6glich, gem\u00e4\u00df Ihren Pr\u00e4ferenzen, zu gestalten und anzeigen zu k\u00f6nnen. Dar\u00fcberhinausgehende Nutzungen von Cookies bzw. Speicherungen von personenbezogenen Daten erfolgen lediglich auf Basis Ihrer Zustimmung. Wenn Sie nicht m\u00f6chten, dass wir Ihren Computer wiedererkennen, stellen Sie Ihren InternetBrowser bitte so ein, dass dieser Cookies von Ihrer Computerfestplatte l\u00f6scht, alle Cookies blockiert werden oder Sie warnt, bevor ein Cookie gespeichert wird.<br \/><\/span><\/p>\n<p style=\"text-align: justify;\"><span class=\"fontstyle0\"><span class=\"fontstyle2\"><strong>10.1 Technisch notwendige Cookies<\/strong><br \/><\/span>Technisch notwendige Cookies gew\u00e4hrleisten Funktionen, ohne die Sie unsere Website nicht nutzen k\u00f6nnen. Folglich werden diese Cookies von uns lediglich daf\u00fcr verwendet und sind aufgrund dieser Tatsache First Party Cookies, d.h. dass s\u00e4mtliche Informationen, die in den Cookies gespeichert sind, an unsere Website zur\u00fcckgespielt werden.\u00a0<\/span><\/p>\n<p style=\"text-align: justify;\"><span class=\"fontstyle0\">Die technisch notwendigen Cookies sind dazu da, um beispielsweise dem angemeldeten Nutzer Zugriff auf verschiedene Unterseiten unserer Website zu gew\u00e4hren bzw. dauerhaft angemeldet zu bleiben und nicht jedes Mal aufs Neue die Anmeldedaten neu eingeben zu m\u00fcssen.<br \/>F\u00fcr die Nutzung der technisch notwendigen Cookies ben\u00f6tigen wir keine Einwilligung, daher k\u00f6nnen diese auch nicht de- bzw. aktiviert werden. Allerdings haben Sie jederzeit die M\u00f6glichkeit, in Ihrem Browser selbst die Cookies zu deaktivieren. Die Rechtsgrundlage f\u00fcr die Cookies ist daher Art. 6 Abs. 1 lit b DSGVO. Sollte diese Cookie-Art von Ihnen manuell deaktiviert werden, k\u00f6nnen wir nicht gew\u00e4hrleisten, dass Sie auf unser Angebot vollst\u00e4ndig zugreifen k\u00f6nnen.<br \/><\/span><\/p>\n<p style=\"text-align: justify;\"><span class=\"fontstyle2\"><strong>11. Sicherheit<\/strong><br \/><\/span><span class=\"fontstyle0\">Es werden technische und organisatorische Sicherheitsma\u00dfnahmen getroffen, um Ihre personenbezogenen Daten gegen unbeabsichtigte oder unrechtm\u00e4\u00dfige L\u00f6schung, Ver\u00e4nderung oder gegen Verlust und gegen unberechtigte Weitergabe oder unberechtigten Zugriff zu sch\u00fctzen.<br \/><\/span><\/p>\n<p style=\"text-align: justify;\"><span class=\"fontstyle2\"><strong>12. Dienstleister au\u00dferhalb EU<\/strong><br \/><\/span><span class=\"fontstyle0\">Sollte einer unserer Dienstleister oder Partner einen Sitz nicht in einem Staat innerhalb der Europ\u00e4ischen Union (EU) bzw. des Europ\u00e4ischen Wirtschaftsraumes (EWR) haben, k\u00f6nnen Daten\u00fcbertragungen in ein Drittland erfolgen. Dar\u00fcber werden Sie ebenfalls gesondert informiert. In einem solchen Fall werden alle erforderlichen Ma\u00dfnahmen ergriffen, um weiterhin das hohe Datenschutzniveau zu gew\u00e4hrleisten (insb. Abschluss von \u201eSCC\u201c).<br \/><\/span><\/p>\n<p style=\"text-align: justify;\"><span class=\"fontstyle2\"><strong>13. Links zu anderen Websites<\/strong><br \/><\/span><span class=\"fontstyle0\">Die Website enth\u00e4lt Links zu anderen Websites. asa technology Produktions- und Vertriebs GmbH ist f\u00fcr die Datenschutzerkl\u00e4rung oder f\u00fcr den Inhalt dieser anderen Websites nicht verantwortlich.<br \/><\/span><\/p>\n<p style=\"text-align: justify;\"><span class=\"fontstyle2\"><strong>14. Fragen und Anmerkungen<\/strong><br \/><\/span><span class=\"fontstyle0\">Die asa technology Produktions- und Vertriebs GmbH wird auf alle angemessenen Anfragen zur Einsicht in und ggf. Berichtigung, Erg\u00e4nzung oder L\u00f6schung von personenbezogenen Daten reagieren. Wenn Sie Fragen oder Anmerkungen zu dieser Datenschutzerkl\u00e4rung haben, treten Sie \u00fcber die Kontaktdaten mit uns in Verbindung. Im Zuge der Weiterentwicklung des Internets wird unsere Datenschutzerkl\u00e4rung laufend angepasst. \u00c4nderungen werden wir auf dieser Seite rechtzeitig bekannt geben.<\/span><\/p>\n<p>Mai 2023<\/p>\n<p>\u00a0<\/p>\n","protected":false},"excerpt":{"rendered":"<p>Datenschutzerkl\u00e4rung Der Schutz Ihrer personenbezogenen Daten ist uns ein wichtiges Anliegen. Deshalb betreiben wir unsere Aktivit\u00e4ten in \u00dcbereinstimmung mit den anwendbaren Rechtsvorschriften zum Schutz personenbezogener Daten und zur Datensicherheit. Im Folgenden erfahren Sie, (i) welche Informationen wir gegebenenfalls sammeln, (ii) wie wir damit umgehen und (iii) wem wir diese gegebenenfalls zur Verf\u00fcgung stellen. 1. DatenschutzWir [&hellip;]<\/p>\n","protected":false},"author":2,"featured_media":0,"parent":0,"menu_order":0,"comment_status":"closed","ping_status":"closed","template":"","meta":{"_expiration-date-status":"","_expiration-date":1686553891,"_expiration-date-type":"draft","_expiration-date-categories":[],"_expiration-date-options":[]},"acf":[],"_links":{"self":[{"href":"https:\/\/www.asa-innovation.com\/de\/wp-json\/wp\/v2\/pages\/2443"}],"collection":[{"href":"https:\/\/www.asa-innovation.com\/de\/wp-json\/wp\/v2\/pages"}],"about":[{"href":"https:\/\/www.asa-innovation.com\/de\/wp-json\/wp\/v2\/types\/page"}],"author":[{"embeddable":true,"href":"https:\/\/www.asa-innovation.com\/de\/wp-json\/wp\/v2\/users\/2"}],"replies":[{"embeddable":true,"href":"https:\/\/www.asa-innovation.com\/de\/wp-json\/wp\/v2\/comments?post=2443"}],"version-history":[{"count":13,"href":"https:\/\/www.asa-innovation.com\/de\/wp-json\/wp\/v2\/pages\/2443\/revisions"}],"predecessor-version":[{"id":14776,"href":"https:\/\/www.asa-innovation.com\/de\/wp-json\/wp\/v2\/pages\/2443\/revisions\/14776"}],"wp:attachment":[{"href":"https:\/\/www.asa-innovation.com\/de\/wp-json\/wp\/v2\/media?parent=2443"}],"curies":[{"name":"wp","href":"https:\/\/api.w.org\/{rel}","templated":true}]}}