{"id":5053,"date":"2020-04-27T10:51:55","date_gmt":"2020-04-27T08:51:55","guid":{"rendered":"http:\/\/www.asa-innovation.com\/?page_id=5053"},"modified":"2026-01-20T08:02:25","modified_gmt":"2026-01-20T07:02:25","slug":"karriere","status":"publish","type":"page","link":"https:\/\/www.asa-innovation.com\/de\/karriere\/","title":{"rendered":"Karriere"},"content":{"rendered":"<p><span style=\"font-size: 24pt;\"><strong><span style=\"font-family: verdana, geneva, sans-serif;\">Gestalten wir die Zukunft gemeinsam<\/span><\/strong><\/span><\/p>\n<p><span style=\"font-family: verdana, geneva, sans-serif; font-size: 18pt;\">Sie suchen eine abwechslungsreiche eigenverantwortliche T\u00e4tigkeit in einem erfolgreichen Unternehmen? Dann freuen wir uns \u00fcber ihre aussagekr\u00e4ftige Bewerbung mit Foto und Zeugniskopie an&nbsp;<span style=\"color: #00a7e3;\"><a style=\"color: #00a7e3;\" href=\"mailto:personal@asahydraulik.com\" target=\"_blank\" rel=\"noopener noreferrer\">personal@asahydraulik.com<\/a><\/span><\/span><\/p>\n\n","protected":false},"excerpt":{"rendered":"<p>Gestalten wir die Zukunft gemeinsam Sie suchen eine abwechslungsreiche eigenverantwortliche T\u00e4tigkeit in einem erfolgreichen Unternehmen? Dann freuen wir uns \u00fcber ihre aussagekr\u00e4ftige Bewerbung mit Foto und Zeugniskopie an&nbsp;personal@asahydraulik.com<\/p>\n","protected":false},"author":2,"featured_media":0,"parent":0,"menu_order":0,"comment_status":"closed","ping_status":"closed","template":"","meta":{"_expiration-date-status":"","_expiration-date":0,"_expiration-date-type":"","_expiration-date-categories":[],"_expiration-date-options":[]},"acf":[],"_links":{"self":[{"href":"https:\/\/www.asa-innovation.com\/de\/wp-json\/wp\/v2\/pages\/5053"}],"collection":[{"href":"https:\/\/www.asa-innovation.com\/de\/wp-json\/wp\/v2\/pages"}],"about":[{"href":"https:\/\/www.asa-innovation.com\/de\/wp-json\/wp\/v2\/types\/page"}],"author":[{"embeddable":true,"href":"https:\/\/www.asa-innovation.com\/de\/wp-json\/wp\/v2\/users\/2"}],"replies":[{"embeddable":true,"href":"https:\/\/www.asa-innovation.com\/de\/wp-json\/wp\/v2\/comments?post=5053"}],"version-history":[{"count":102,"href":"https:\/\/www.asa-innovation.com\/de\/wp-json\/wp\/v2\/pages\/5053\/revisions"}],"predecessor-version":[{"id":37067,"href":"https:\/\/www.asa-innovation.com\/de\/wp-json\/wp\/v2\/pages\/5053\/revisions\/37067"}],"wp:attachment":[{"href":"https:\/\/www.asa-innovation.com\/de\/wp-json\/wp\/v2\/media?parent=5053"}],"curies":[{"name":"wp","href":"https:\/\/api.w.org\/{rel}","templated":true}]}}