{"id":5077,"date":"2020-04-30T07:46:22","date_gmt":"2020-04-30T05:46:22","guid":{"rendered":"http:\/\/www.asa-innovation.com\/?page_id=5077"},"modified":"2020-04-30T10:04:51","modified_gmt":"2020-04-30T08:04:51","slug":"stroemungstechniker-mw","status":"publish","type":"page","link":"https:\/\/www.asa-innovation.com\/de\/stroemungstechniker-mw\/","title":{"rendered":"Str\u00f6mungstechniker (m\/w)"},"content":{"rendered":"<p><span style=\"font-family: verdana, geneva, sans-serif;\">Wir sind ein weltweit f\u00fchrender, familiengef\u00fchrter, mittelst\u00e4ndischer Betrieb und sind als Entwickler und Hersteller von Produkten f\u00fcr die K\u00fchlungs-, L\u00fcftungs- und E-Mobilit\u00e4tsindustrie t\u00e4tig.<\/span><\/p>\n<p><span style=\"font-family: verdana, geneva, sans-serif;\">Wir suchen zur Unterst\u00fctzung an unserem Entwicklungsstandort in Wien eine F\u00fchrungspers\u00f6nlichkeit im Bereich Str\u00f6mungstechnik zur Verst\u00e4rkung unserer Forschungs- und Entwicklungsabteilung.<\/span><\/p>\n<p>&nbsp;<\/p>\n<p><span style=\"font-family: verdana, geneva, sans-serif;\"><strong>Anforderungen:<\/strong><\/span><\/p>\n<ul style=\"list-style-type: square;\">\n<li><span style=\"font-family: verdana, geneva, sans-serif;\">abgeschlossenes einschl\u00e4giges Studium an der TU Wien oder einer vergleichbaren Institution<\/span><\/li>\n<li><span style=\"font-family: verdana, geneva, sans-serif;\">solider Zugang zu diversen Str\u00f6mungssimulationsprogrammen<\/span><\/li>\n<li><span style=\"font-family: verdana, geneva, sans-serif;\">internationale Teamf\u00e4higkeit und Kommunikationsst\u00e4rke<\/span><\/li>\n<li><span style=\"font-family: verdana, geneva, sans-serif;\">Projekterfahrung<\/span><\/li>\n<li><span style=\"font-family: verdana, geneva, sans-serif;\">Hohes Verantwortungsbewusstsein, selbstst\u00e4ndiges Arbeiten<\/span><\/li>\n<\/ul>\n<p>&nbsp;<\/p>\n<p><span style=\"font-family: verdana, geneva, sans-serif;\"><strong>Aufgaben:<\/strong><\/span><\/p>\n<ul style=\"list-style-type: square;\">\n<li><span style=\"font-family: verdana, geneva, sans-serif;\">Weiterf\u00fchrung und innovative Verbesserung unseres Pr\u00fcflabors (Luftleistungspr\u00fcfstand, Pumpenpr\u00fcfstand,\u2026)<\/span><\/li>\n<li><span style=\"font-family: verdana, geneva, sans-serif;\">Durchf\u00fchren von Str\u00f6mungsberechnungen\/-simulationen<\/span><\/li>\n<li><span style=\"font-family: verdana, geneva, sans-serif;\">Produktneuentwicklung bzw. \u2013weiterentwicklung<\/span><\/li>\n<li><span style=\"font-family: verdana, geneva, sans-serif;\">Erstellen von technischen Konzepten<\/span><\/li>\n<\/ul>\n<p>&nbsp;<\/p>\n<p><span style=\"font-family: verdana, geneva, sans-serif;\"><strong>M\u00f6glichkeiten\/Ziele:<\/strong><\/span><\/p>\n<ul style=\"list-style-type: square;\">\n<li><span style=\"font-family: verdana, geneva, sans-serif;\">Etablierung unseres Pr\u00fcf- und Simulationslabors als standardisierter Dienstleistungsanbieter f\u00fcr Drittinstitutionen (wissenschaftlicher und wirtschaftlicher Bereich)<\/span><\/li>\n<\/ul>\n<p>&nbsp;<\/p>\n<p><span style=\"font-family: verdana, geneva, sans-serif;\">Ihr monatliches Bruttogehalt ist von Ihrer Berufserfahrung und Vorkenntnissen abh\u00e4ngig und betr\u00e4gt ab Euro 4.000,00 (unter Ber\u00fccksichtigung des kollektivvertraglichen Mindestentgelts ist je nach Qualifikation eine \u00dcberbezahlung vorgesehen).<\/span><\/p>\n<p><span style=\"font-family: verdana, geneva, sans-serif;\">Wenn Sie Interesse an dieser langfristigen beruflichen Aufgabe haben, dann freuen wir uns \u00fcber die Zusendung Ihrer aussagekr\u00e4ftigen Bewerbungsunterlagen mit Betreff \u201eStr\u00f6mungstechniker\/in\u201c per E-Mail an:<\/span><\/p>\n<p>&nbsp;<\/p>\n<p><span style=\"font-family: verdana, geneva, sans-serif;\"><a href=\"mailto:personal@asahydraulik.com?subject=karriere.at-Bewerbung:%20Technischer%20Au%C3%9Fendienst%20%28m%2Fw%29,%20Ref-Nr.:%20KA%20\/%204354451&amp;body=------------------------------------------------------------------------------------------------------------------------------------------------------%0A%0DWICHTIGER%20HINWEIS:%20Den%20vorgegebenen%20Betreff%20dieser%20E-Mail%20aus%20Gr\u00fcnden%20der%20Nachvollziehbarkeit%20bitte%20NICHT%20entfernen!%0A%0D------------------------------------------------------------------------------------------------------------------------------------------------------%0A%0D%0A%0D\">personal@asahydraulik.com<\/a><\/span><\/p>\n<p>&nbsp;<\/p>\n<p><span style=\"font-family: verdana, geneva, sans-serif;\">asa hydraulik GmbH<\/span><\/p>\n<p><span style=\"font-family: verdana, geneva, sans-serif;\">Prager Stra\u00dfe 280<\/span><\/p>\n<p><span style=\"font-family: verdana, geneva, sans-serif;\">1210 Wien<\/span><\/p>\n<p><span style=\"font-family: verdana, geneva, sans-serif;\"><a href=\"http:\/\/www.asa-innovation.com\">www.asa-innovation.com<\/a><\/span><\/p>\n","protected":false},"excerpt":{"rendered":"<p>Wir sind ein weltweit f\u00fchrender, familiengef\u00fchrter, mittelst\u00e4ndischer Betrieb und sind als Entwickler und Hersteller von Produkten f\u00fcr die K\u00fchlungs-, L\u00fcftungs- und E-Mobilit\u00e4tsindustrie t\u00e4tig. Wir suchen zur Unterst\u00fctzung an unserem Entwicklungsstandort in Wien eine F\u00fchrungspers\u00f6nlichkeit im Bereich Str\u00f6mungstechnik zur Verst\u00e4rkung unserer Forschungs- und Entwicklungsabteilung. &nbsp; Anforderungen: abgeschlossenes einschl\u00e4giges Studium an der TU Wien oder einer vergleichbaren [&hellip;]<\/p>\n","protected":false},"author":2,"featured_media":0,"parent":0,"menu_order":0,"comment_status":"closed","ping_status":"closed","template":"","meta":{"_expiration-date-status":"saved","_expiration-date":0,"_expiration-date-type":"","_expiration-date-categories":[],"_expiration-date-options":[]},"acf":[],"_links":{"self":[{"href":"https:\/\/www.asa-innovation.com\/de\/wp-json\/wp\/v2\/pages\/5077"}],"collection":[{"href":"https:\/\/www.asa-innovation.com\/de\/wp-json\/wp\/v2\/pages"}],"about":[{"href":"https:\/\/www.asa-innovation.com\/de\/wp-json\/wp\/v2\/types\/page"}],"author":[{"embeddable":true,"href":"https:\/\/www.asa-innovation.com\/de\/wp-json\/wp\/v2\/users\/2"}],"replies":[{"embeddable":true,"href":"https:\/\/www.asa-innovation.com\/de\/wp-json\/wp\/v2\/comments?post=5077"}],"version-history":[{"count":4,"href":"https:\/\/www.asa-innovation.com\/de\/wp-json\/wp\/v2\/pages\/5077\/revisions"}],"predecessor-version":[{"id":5126,"href":"https:\/\/www.asa-innovation.com\/de\/wp-json\/wp\/v2\/pages\/5077\/revisions\/5126"}],"wp:attachment":[{"href":"https:\/\/www.asa-innovation.com\/de\/wp-json\/wp\/v2\/media?parent=5077"}],"curies":[{"name":"wp","href":"https:\/\/api.w.org\/{rel}","templated":true}]}}